{"id":41656,"date":"2025-11-22T14:22:39","date_gmt":"2025-11-22T12:22:39","guid":{"rendered":"https:\/\/www.nordi.ee\/?post_type=product&#038;p=41656"},"modified":"2025-11-23T21:01:30","modified_gmt":"2025-11-23T19:01:30","slug":"puidust-diivanilaud-geometric-03","status":"publish","type":"product","link":"https:\/\/www.nordi.ee\/en\/toode\/puidust-diivanilaud-geometric-03\/","title":{"rendered":"Puidust diivanilaud GEOMETRIC 03"},"content":{"rendered":"","protected":false},"excerpt":{"rendered":"<h3 data-start=\"90\" data-end=\"166\"><strong data-start=\"94\" data-end=\"166\">Geometric 03 tammepuidust diivanilaud \u2013 modernne ja praktiline aktsent<\/strong><\/h3>\n<p data-start=\"168\" data-end=\"504\"><strong data-start=\"168\" data-end=\"194\">Geometric 03 kohvilaud<\/strong> on ideaalne valik, kui otsid stiilset ja funktsionaalset lisandit elutuppa v\u00f5i kontorisse. Kandiline 75\u00d775 cm lauaplaat sobib suurep\u00e4raselt diivani k\u00f5rvale v\u00f5i kasutamiseks tugitooli juures. Laud on saadaval <strong data-start=\"403\" data-end=\"429\">kahe erineva k\u00f5rgusega<\/strong>, et saaksid valida oma interj\u00f6\u00f6rile ja mugavusele k\u00f5ige sobivama variandi.<\/p>\n<p data-start=\"506\" data-end=\"800\">Lauaplaat on valmistatud vastupidavast <strong data-start=\"545\" data-end=\"579\">\u00f5litatud tammespooniga MDF-ist<\/strong>, mille t\u00e4pselt l\u00f5igatud 30\u00b0 serv lisab visuaalset kergust ja elegantsi. Tugevad mustad <strong data-start=\"667\" data-end=\"693\">metallkoonilised jalad<\/strong> tagavad stabiilsuse, ning spetsiaalsed <strong data-start=\"733\" data-end=\"762\">j\u00e4\u00e4tisekujulised liugurid<\/strong> kaitsevad p\u00f5randat kriimustuste eest.<\/p>\n<p data-start=\"802\" data-end=\"910\">Geometric 03 sobib ka ideaalselt sarja teiste laudadega kombineerimiseks, luues modernse ja \u00fchtse komplekti.<\/p>\n<p data-start=\"912\" data-end=\"995\">M\u00f6\u00f6bel tarnitakse <strong data-start=\"930\" data-end=\"948\">kahes pakendis<\/strong> ning on m\u00f5eldud <strong data-start=\"965\" data-end=\"994\">iseseisvaks kokkupanekuks<\/strong>.<\/p>\n<hr data-start=\"997\" data-end=\"1000\" \/>\n<h3 data-start=\"1002\" data-end=\"1027\"><strong data-start=\"1006\" data-end=\"1027\">Tehnilised andmed<\/strong><\/h3>\n<ul data-start=\"1028\" data-end=\"1211\">\n<li data-start=\"1028\" data-end=\"1065\">\n<p data-start=\"1030\" data-end=\"1065\"><strong data-start=\"1030\" data-end=\"1047\">Sobilik ruum:<\/strong> elutuba, kontor<\/p>\n<\/li>\n<li data-start=\"1066\" data-end=\"1122\">\n<p data-start=\"1068\" data-end=\"1122\"><strong data-start=\"1068\" data-end=\"1102\">M\u00f5\u00f5dud (k\u00f5rgus\/laius\/s\u00fcgavus):<\/strong> 46.7 \/ 75 \/ 75 cm<\/p>\n<\/li>\n<li data-start=\"1123\" data-end=\"1191\">\n<p data-start=\"1125\" data-end=\"1191\"><strong data-start=\"1125\" data-end=\"1140\">Materjalid:<\/strong> \u00f5litatud tammespooniga MDF, pulberv\u00e4rvitud teras<\/p>\n<\/li>\n<li data-start=\"1192\" data-end=\"1211\">\n<p data-start=\"1194\" data-end=\"1211\"><strong data-start=\"1194\" data-end=\"1203\">Kaal:<\/strong> 22 kg<\/p>\n<\/li>\n<\/ul>\n","protected":false},"featured_media":41657,"comment_status":"closed","ping_status":"closed","template":"","meta":{"_gspb_post_css":""},"product_brand":[34],"product_cat":[178,165,4297],"product_tag":[],"class_list":{"0":"post-41656","1":"product","2":"type-product","3":"status-publish","4":"has-post-thumbnail","6":"product_brand-siudy","7":"product_cat-diivanilauad","8":"product_cat-elutuba","9":"product_cat-siudy","10":"pa_korgus-1286","11":"pa_laius-359","12":"pa_sugavus-445","13":"pa_vahelaos-jah","15":"first","16":"instock","17":"sale","18":"purchasable","19":"product-type-simple"},"_links":{"self":[{"href":"https:\/\/www.nordi.ee\/en\/wp-json\/wp\/v2\/product\/41656","targetHints":{"allow":["GET"]}}],"collection":[{"href":"https:\/\/www.nordi.ee\/en\/wp-json\/wp\/v2\/product"}],"about":[{"href":"https:\/\/www.nordi.ee\/en\/wp-json\/wp\/v2\/types\/product"}],"replies":[{"embeddable":true,"href":"https:\/\/www.nordi.ee\/en\/wp-json\/wp\/v2\/comments?post=41656"}],"wp:featuredmedia":[{"embeddable":true,"href":"https:\/\/www.nordi.ee\/en\/wp-json\/wp\/v2\/media\/41657"}],"wp:attachment":[{"href":"https:\/\/www.nordi.ee\/en\/wp-json\/wp\/v2\/media?parent=41656"}],"wp:term":[{"taxonomy":"product_brand","embeddable":true,"href":"https:\/\/www.nordi.ee\/en\/wp-json\/wp\/v2\/product_brand?post=41656"},{"taxonomy":"product_cat","embeddable":true,"href":"https:\/\/www.nordi.ee\/en\/wp-json\/wp\/v2\/product_cat?post=41656"},{"taxonomy":"product_tag","embeddable":true,"href":"https:\/\/www.nordi.ee\/en\/wp-json\/wp\/v2\/product_tag?post=41656"}],"curies":[{"name":"wp","href":"https:\/\/api.w.org\/{rel}","templated":true}]}}