{"id":41651,"date":"2025-11-22T14:22:39","date_gmt":"2025-11-22T12:22:39","guid":{"rendered":"https:\/\/www.nordi.ee\/?post_type=product&#038;p=41651"},"modified":"2025-11-23T21:01:30","modified_gmt":"2025-11-23T19:01:30","slug":"puidust-diivanilaud-metalljalgadel-geometric-02","status":"publish","type":"product","link":"https:\/\/www.nordi.ee\/en\/toode\/puidust-diivanilaud-metalljalgadel-geometric-02\/","title":{"rendered":"Puidust diivanilaud metalljalgadel GEOMETRIC 02"},"content":{"rendered":"","protected":false},"excerpt":{"rendered":"<h3 data-start=\"90\" data-end=\"162\"><strong data-start=\"94\" data-end=\"162\">Geometric 02 tammepuidust diivanilaud \u2013 modernne, vastupidav ja stiilne<\/strong><\/h3>\n<p data-start=\"164\" data-end=\"445\"><strong data-start=\"164\" data-end=\"204\">Geometric 02 tammespooniga kohvilaud<\/strong> (68 \u00d7 68 cm) on suurep\u00e4rane valik neile, kes hindavad kvaliteeti ja kaasaegset disaini. Selle kandiline vorm sobib ideaalselt elutuppa, ooteruumi v\u00f5i kontorisse, pakkudes mugavat pinda kohvi, dekoratsioonide v\u00f5i igap\u00e4evaste tarvikute jaoks.<\/p>\n<p data-start=\"447\" data-end=\"761\">Lauaplaat on valmistatud vastupidavast <strong data-start=\"486\" data-end=\"520\">\u00f5litatud tammespooniga MDF-ist<\/strong>, mille kaunis viimistlus lisab ruumile soojust ja elegantsi. Tugevad <strong data-start=\"590\" data-end=\"616\">koonilised metalljalad<\/strong> tagavad stabiilsuse, ning spetsiaalsed <strong data-start=\"656\" data-end=\"685\">j\u00e4\u00e4tisekujulised liugurid<\/strong> kaitsevad p\u00f5randat kriimustuste eest ja muudavad laua liigutamise lihtsaks.<\/p>\n<p data-start=\"763\" data-end=\"871\">Laud sobib suurep\u00e4raselt kokku teiste <strong data-start=\"801\" data-end=\"830\">Geometric sarja laudadega<\/strong>, luues harmoonilise ja \u00fchtse interj\u00f6\u00f6ri.<\/p>\n<p data-start=\"873\" data-end=\"956\">M\u00f6\u00f6bel tarnitakse <strong data-start=\"891\" data-end=\"909\">kahes pakendis<\/strong> ning on m\u00f5eldud <strong data-start=\"926\" data-end=\"955\">iseseisvaks kokkupanekuks<\/strong>.<\/p>\n<hr data-start=\"958\" data-end=\"961\" \/>\n<h3 data-start=\"963\" data-end=\"988\"><strong data-start=\"967\" data-end=\"988\">Tehnilised andmed<\/strong><\/h3>\n<ul data-start=\"989\" data-end=\"1160\">\n<li data-start=\"989\" data-end=\"1026\">\n<p data-start=\"991\" data-end=\"1026\"><strong data-start=\"991\" data-end=\"1008\">Sobilik ruum:<\/strong> elutuba, kontor<\/p>\n<\/li>\n<li data-start=\"1027\" data-end=\"1083\">\n<p data-start=\"1029\" data-end=\"1083\"><strong data-start=\"1029\" data-end=\"1063\">M\u00f5\u00f5dud (k\u00f5rgus\/laius\/s\u00fcgavus):<\/strong> 46.7 \/ 68 \/ 68 cm<\/p>\n<\/li>\n<li data-start=\"1084\" data-end=\"1140\">\n<p data-start=\"1086\" data-end=\"1140\"><strong data-start=\"1086\" data-end=\"1101\">Materjalid:<\/strong> \u00f5litatud tammespoon, metallist jalad<\/p>\n<\/li>\n<li data-start=\"1141\" data-end=\"1160\">\n<p data-start=\"1143\" data-end=\"1160\"><strong data-start=\"1143\" data-end=\"1152\">Kaal:<\/strong> 20 kg<\/p>\n<\/li>\n<\/ul>\n","protected":false},"featured_media":41652,"comment_status":"closed","ping_status":"closed","template":"","meta":{"_gspb_post_css":""},"product_brand":[34],"product_cat":[178,165,4297],"product_tag":[],"class_list":{"0":"post-41651","1":"product","2":"type-product","3":"status-publish","4":"has-post-thumbnail","6":"product_brand-siudy","7":"product_cat-diivanilauad","8":"product_cat-elutuba","9":"product_cat-siudy","10":"pa_korgus-1286","11":"pa_laius-1062","12":"pa_sugavus-753","13":"pa_vahelaos-jah","15":"first","16":"instock","17":"sale","18":"purchasable","19":"product-type-simple"},"_links":{"self":[{"href":"https:\/\/www.nordi.ee\/en\/wp-json\/wp\/v2\/product\/41651","targetHints":{"allow":["GET"]}}],"collection":[{"href":"https:\/\/www.nordi.ee\/en\/wp-json\/wp\/v2\/product"}],"about":[{"href":"https:\/\/www.nordi.ee\/en\/wp-json\/wp\/v2\/types\/product"}],"replies":[{"embeddable":true,"href":"https:\/\/www.nordi.ee\/en\/wp-json\/wp\/v2\/comments?post=41651"}],"wp:featuredmedia":[{"embeddable":true,"href":"https:\/\/www.nordi.ee\/en\/wp-json\/wp\/v2\/media\/41652"}],"wp:attachment":[{"href":"https:\/\/www.nordi.ee\/en\/wp-json\/wp\/v2\/media?parent=41651"}],"wp:term":[{"taxonomy":"product_brand","embeddable":true,"href":"https:\/\/www.nordi.ee\/en\/wp-json\/wp\/v2\/product_brand?post=41651"},{"taxonomy":"product_cat","embeddable":true,"href":"https:\/\/www.nordi.ee\/en\/wp-json\/wp\/v2\/product_cat?post=41651"},{"taxonomy":"product_tag","embeddable":true,"href":"https:\/\/www.nordi.ee\/en\/wp-json\/wp\/v2\/product_tag?post=41651"}],"curies":[{"name":"wp","href":"https:\/\/api.w.org\/{rel}","templated":true}]}}