{"id":41644,"date":"2025-11-22T14:22:39","date_gmt":"2025-11-22T12:22:39","guid":{"rendered":"https:\/\/www.nordi.ee\/?post_type=product&#038;p=41644"},"modified":"2025-11-23T21:01:29","modified_gmt":"2025-11-23T19:01:29","slug":"puidust-diivanilaud-geometric-01","status":"publish","type":"product","link":"https:\/\/www.nordi.ee\/en\/toode\/puidust-diivanilaud-geometric-01\/","title":{"rendered":"Puidust diivanilaud GEOMETRIC 01"},"content":{"rendered":"","protected":false},"excerpt":{"rendered":"<h3 data-start=\"90\" data-end=\"178\"><strong data-start=\"94\" data-end=\"178\">Geometric 01 v\u00e4ike tammepuidust diivanilaud \u2013 stiilne ja praktiline lisand igasse ruumi<\/strong><\/h3>\n<p data-start=\"180\" data-end=\"421\"><strong data-start=\"180\" data-end=\"212\">Geometric 01 v\u00e4ike kohvilaud<\/strong> (50 \u00d7 50 cm) on modernne ja elegantne sisustuselement, mis sobib t\u00e4iuslikult nii elutuppa kui ka kontorisse. Minimalistlik kandiline vorm ja puidust pealispind lisavad ruumile hubasust ja kaasaegset iseloomu.<\/p>\n<p data-start=\"423\" data-end=\"745\">Lauaplaat on valmistatud kvaliteetsest <strong data-start=\"462\" data-end=\"488\">\u00f5litatud tammespoonist<\/strong>, mis toob esile naturaalse puidus\u00fc\u00fc. Lauak\u00f5rgust saab valida kahe variandi vahel, et sobitada laud t\u00e4pselt Sinu vajadustega. Tugevad <strong data-start=\"622\" data-end=\"648\">koonilised metalljalad<\/strong> tagavad stabiilsuse ning <strong data-start=\"674\" data-end=\"710\">j\u00e4\u00e4tisekujulised p\u00f5randaliugurid<\/strong> kaitsevad pinda kriimustuste eest.<\/p>\n<p data-start=\"747\" data-end=\"840\">V\u00e4ike, kuid funktsionaalne \u2013 ideaalne kohtraamatutele, taimedele v\u00f5i igap\u00e4evastele esemetele.<\/p>\n<p data-start=\"842\" data-end=\"923\">M\u00f6\u00f6bel tarnitakse <strong data-start=\"860\" data-end=\"878\">kahes pakendis<\/strong> ja on m\u00f5eldud <strong data-start=\"893\" data-end=\"922\">iseseisvaks kokkupanekuks<\/strong>.<\/p>\n<hr data-start=\"925\" data-end=\"928\" \/>\n<h3 data-start=\"930\" data-end=\"955\"><strong data-start=\"934\" data-end=\"955\">Tehnilised andmed<\/strong><\/h3>\n<ul data-start=\"956\" data-end=\"1122\">\n<li data-start=\"956\" data-end=\"993\">\n<p data-start=\"958\" data-end=\"993\"><strong data-start=\"958\" data-end=\"975\">Sobilik ruum:<\/strong> elutuba, kontor<\/p>\n<\/li>\n<li data-start=\"994\" data-end=\"1050\">\n<p data-start=\"996\" data-end=\"1050\"><strong data-start=\"996\" data-end=\"1030\">M\u00f5\u00f5dud (k\u00f5rgus\/laius\/s\u00fcgavus):<\/strong> 46.7 \/ 50 \/ 50 cm<\/p>\n<\/li>\n<li data-start=\"1051\" data-end=\"1103\">\n<p data-start=\"1053\" data-end=\"1103\"><strong data-start=\"1053\" data-end=\"1068\">Materjalid:<\/strong> \u00f5litatud tammespoon, metalljalad<\/p>\n<\/li>\n<li data-start=\"1104\" data-end=\"1122\">\n<p data-start=\"1106\" data-end=\"1122\"><strong data-start=\"1106\" data-end=\"1115\">Kaal:<\/strong> 5 kg<\/p>\n<\/li>\n<\/ul>\n","protected":false},"featured_media":41645,"comment_status":"closed","ping_status":"closed","template":"","meta":{"_gspb_post_css":""},"product_brand":[34],"product_cat":[178,165,4297],"product_tag":[],"class_list":{"0":"post-41644","1":"product","2":"type-product","3":"status-publish","4":"has-post-thumbnail","6":"product_brand-siudy","7":"product_cat-diivanilauad","8":"product_cat-elutuba","9":"product_cat-siudy","10":"pa_korgus-1286","11":"pa_laius-300","12":"pa_sugavus-705","13":"pa_vahelaos-jah","15":"first","16":"instock","17":"sale","18":"purchasable","19":"product-type-simple"},"_links":{"self":[{"href":"https:\/\/www.nordi.ee\/en\/wp-json\/wp\/v2\/product\/41644","targetHints":{"allow":["GET"]}}],"collection":[{"href":"https:\/\/www.nordi.ee\/en\/wp-json\/wp\/v2\/product"}],"about":[{"href":"https:\/\/www.nordi.ee\/en\/wp-json\/wp\/v2\/types\/product"}],"replies":[{"embeddable":true,"href":"https:\/\/www.nordi.ee\/en\/wp-json\/wp\/v2\/comments?post=41644"}],"wp:featuredmedia":[{"embeddable":true,"href":"https:\/\/www.nordi.ee\/en\/wp-json\/wp\/v2\/media\/41645"}],"wp:attachment":[{"href":"https:\/\/www.nordi.ee\/en\/wp-json\/wp\/v2\/media?parent=41644"}],"wp:term":[{"taxonomy":"product_brand","embeddable":true,"href":"https:\/\/www.nordi.ee\/en\/wp-json\/wp\/v2\/product_brand?post=41644"},{"taxonomy":"product_cat","embeddable":true,"href":"https:\/\/www.nordi.ee\/en\/wp-json\/wp\/v2\/product_cat?post=41644"},{"taxonomy":"product_tag","embeddable":true,"href":"https:\/\/www.nordi.ee\/en\/wp-json\/wp\/v2\/product_tag?post=41644"}],"curies":[{"name":"wp","href":"https:\/\/api.w.org\/{rel}","templated":true}]}}