{"id":41635,"date":"2025-11-22T14:22:39","date_gmt":"2025-11-22T12:22:39","guid":{"rendered":"https:\/\/www.nordi.ee\/?post_type=product&#038;p=41635"},"modified":"2025-11-23T21:01:29","modified_gmt":"2025-11-23T19:01:29","slug":"tammepuidust-kohvilaud-mono-loft-08","status":"publish","type":"product","link":"https:\/\/www.nordi.ee\/en\/toode\/tammepuidust-kohvilaud-mono-loft-08\/","title":{"rendered":"Tammepuidust kohvilaud Mono LOFT 08"},"content":{"rendered":"","protected":false},"excerpt":{"rendered":"<article class=\"text-token-text-primary w-full focus:outline-none [--shadow-height:45px] has-data-writing-block:pointer-events-none has-data-writing-block:-mt-(--shadow-height) has-data-writing-block:pt-(--shadow-height) [&amp;:has([data-writing-block])&gt;*]:pointer-events-auto [content-visibility:auto] supports-[content-visibility:auto]:[contain-intrinsic-size:auto_100lvh] scroll-mt-[calc(var(--header-height)+min(200px,max(70px,20svh)))]\" dir=\"auto\" tabindex=\"-1\" data-turn-id=\"request-WEB:f38140c5-7a75-46d6-9c94-e9cef67e5631-56\" data-testid=\"conversation-turn-114\" data-scroll-anchor=\"true\" data-turn=\"assistant\">\n<div class=\"text-base my-auto mx-auto pb-10 [--thread-content-margin:--spacing(4)] thread-sm:[--thread-content-margin:--spacing(6)] thread-lg:[--thread-content-margin:--spacing(16)] px-(--thread-content-margin)\">\n<div class=\"[--thread-content-max-width:40rem] thread-lg:[--thread-content-max-width:48rem] mx-auto max-w-(--thread-content-max-width) flex-1 group\/turn-messages focus-visible:outline-hidden relative flex w-full min-w-0 flex-col agent-turn\" tabindex=\"-1\">\n<div class=\"flex max-w-full flex-col grow\">\n<div class=\"min-h-8 text-message relative flex w-full flex-col items-end gap-2 text-start break-words whitespace-normal [.text-message+&amp;]:mt-1\" dir=\"auto\" data-message-author-role=\"assistant\" data-message-id=\"3fd667ec-7afc-4985-9c30-ae01593e3a31\" data-message-model-slug=\"gpt-5-1\">\n<div class=\"flex w-full flex-col gap-1 empty:hidden first:pt-[1px]\">\n<div class=\"markdown prose dark:prose-invert w-full break-words light markdown-new-styling\">\n<p data-start=\"98\" data-end=\"160\"><strong data-start=\"98\" data-end=\"160\">Diivanilaud Mono Loft 08 \u2013 modernne kontrast, praktiline sisu<\/strong><\/p>\n<p data-start=\"162\" data-end=\"474\">Mono Loft 08 tammepuidust diivanilaud on loodud t\u00e4iendama Mono kollektsiooni, kuid sobib suurep\u00e4raselt ka k\u00f5ikidesse teistesse loft- ja industriaalstiilis interj\u00f6\u00f6ridesse. Hele Bianco-tamm koos mustade detailidega loob kaasaegse ja efektse karakteri, mis muudab laua pilgup\u00fc\u00fcdvaks lisandiks elutoas v\u00f5i kontoris.<\/p>\n<p data-start=\"476\" data-end=\"886\"><strong data-start=\"476\" data-end=\"509\">Stiil ja funktsionaalsus \u00fches<\/strong><br data-start=\"509\" data-end=\"512\" \/>\u2022 Eesosa ja raam valmistatud \u00f5litatud t\u00e4istammest<br data-start=\"561\" data-end=\"564\" \/>\u2022 Korpus (pealispind, k\u00fcljed, sisemus) kvaliteetsest tammeimitatsiooniga laminaatplaadist<br data-start=\"653\" data-end=\"656\" \/>\u2022 Metallist puitosad lisavad stabiilsust ja industriaalset ilmet<br data-start=\"720\" data-end=\"723\" \/>\u2022 Alla avanevad tammepuidust uksed \u2013 mugav koht v\u00e4iksemate esemete hoiustamiseks<br data-start=\"803\" data-end=\"806\" \/>\u2022 10 cm k\u00f5rgune avatud riiul igap\u00e4evastele tarvikutele: telefon, pult, ajakirjad<\/p>\n<p data-start=\"888\" data-end=\"1057\"><strong data-start=\"888\" data-end=\"901\">Tooteinfo<\/strong><br data-start=\"901\" data-end=\"904\" \/>\u2022 M\u00f5\u00f5dud: <strong data-start=\"914\" data-end=\"934\">51 \u00d7 110 \u00d7 65 cm<\/strong><br data-start=\"934\" data-end=\"937\" \/>\u2022 Materjalid: <strong data-start=\"951\" data-end=\"999\">tammepuit, laminaatplaat, metall, alumiinium<\/strong><br data-start=\"999\" data-end=\"1002\" \/>\u2022 Tarnitakse 2 pakis, m\u00f5eldud iseseisvaks kokkupanekuks<\/p>\n<p data-start=\"1059\" data-end=\"1210\" data-is-last-node=\"\" data-is-only-node=\"\">Mono Loft 08 diivanilaud \u00fchendab endas kaasaegse disaini, praktilise hoiuruumi ja naturaalsete materjalide elegantsi \u2013 t\u00e4iuslik valik modernsesse koju.<\/p>\n<\/div>\n<\/div>\n<\/div>\n<\/div>\n<div class=\"z-0 flex min-h-[46px] justify-start\"><\/div>\n<div class=\"mt-3 w-full empty:hidden\">\n<div class=\"text-center\"><\/div>\n<\/div>\n<\/div>\n<\/div>\n<\/article>\n<div class=\"pointer-events-none h-px w-px\" aria-hidden=\"true\" data-edge=\"true\"><\/div>\n","protected":false},"featured_media":41636,"comment_status":"closed","ping_status":"closed","template":"","meta":{"_gspb_post_css":""},"product_brand":[34],"product_cat":[178,165,4297],"product_tag":[],"class_list":{"0":"post-41635","1":"product","2":"type-product","3":"status-publish","4":"has-post-thumbnail","6":"product_brand-siudy","7":"product_cat-diivanilauad","8":"product_cat-elutuba","9":"product_cat-siudy","10":"pa_korgus-573","11":"pa_laius-675","12":"pa_sugavus-563","13":"pa_vahelaos-jah","15":"first","16":"instock","17":"sale","18":"purchasable","19":"product-type-simple"},"_links":{"self":[{"href":"https:\/\/www.nordi.ee\/en\/wp-json\/wp\/v2\/product\/41635","targetHints":{"allow":["GET"]}}],"collection":[{"href":"https:\/\/www.nordi.ee\/en\/wp-json\/wp\/v2\/product"}],"about":[{"href":"https:\/\/www.nordi.ee\/en\/wp-json\/wp\/v2\/types\/product"}],"replies":[{"embeddable":true,"href":"https:\/\/www.nordi.ee\/en\/wp-json\/wp\/v2\/comments?post=41635"}],"wp:featuredmedia":[{"embeddable":true,"href":"https:\/\/www.nordi.ee\/en\/wp-json\/wp\/v2\/media\/41636"}],"wp:attachment":[{"href":"https:\/\/www.nordi.ee\/en\/wp-json\/wp\/v2\/media?parent=41635"}],"wp:term":[{"taxonomy":"product_brand","embeddable":true,"href":"https:\/\/www.nordi.ee\/en\/wp-json\/wp\/v2\/product_brand?post=41635"},{"taxonomy":"product_cat","embeddable":true,"href":"https:\/\/www.nordi.ee\/en\/wp-json\/wp\/v2\/product_cat?post=41635"},{"taxonomy":"product_tag","embeddable":true,"href":"https:\/\/www.nordi.ee\/en\/wp-json\/wp\/v2\/product_tag?post=41635"}],"curies":[{"name":"wp","href":"https:\/\/api.w.org\/{rel}","templated":true}]}}