{"id":41626,"date":"2025-11-22T14:22:39","date_gmt":"2025-11-22T12:22:39","guid":{"rendered":"https:\/\/www.nordi.ee\/?post_type=product&#038;p=41626"},"modified":"2025-11-23T21:01:29","modified_gmt":"2025-11-23T19:01:29","slug":"diivanlaua-komplekt-kongo-tammepuidust-ja-metallist","status":"publish","type":"product","link":"https:\/\/www.nordi.ee\/en\/toode\/diivanlaua-komplekt-kongo-tammepuidust-ja-metallist\/","title":{"rendered":"Diivanlaua komplekt KONGO tammepuidust ja metallist"},"content":{"rendered":"","protected":false},"excerpt":{"rendered":"<h3 data-start=\"90\" data-end=\"189\"><strong data-start=\"94\" data-end=\"189\">Kongo tammepuidust ja metallist kohvilaudade komplekt \u2013 stiilne duo igasse modernsesse ruumi<\/strong><\/h3>\n<p data-start=\"191\" data-end=\"408\"><strong data-start=\"191\" data-end=\"226\">Kongo 1+1 kohvilaudade komplekt<\/strong> \u00fchendab naturaalse tamme ilu ja musta metalli modernsuse. Komplekt sobib suurep\u00e4raselt nii elutuppa, kontorisse kui ka ooteruumi, lisades ruumile industriaalset ja elegantset ilmet.<\/p>\n<p data-start=\"410\" data-end=\"799\">Komplektis on kaks <strong data-start=\"429\" data-end=\"468\">\u00f5litatud tammespooniga lauaplaadiga<\/strong> lauda: suurem (70 \u00d7 70 cm, k\u00f5rgus 43 cm) ja v\u00e4iksem (60 \u00d7 60 cm, k\u00f5rgus 36,5 cm). Lauad saab soovi korral <strong data-start=\"575\" data-end=\"600\">\u00fche alla teise l\u00fckata<\/strong>, et luua huvitav kompositsioon v\u00f5i s\u00e4\u00e4sta ruumi. Tugev <strong data-start=\"656\" data-end=\"690\">must pulberv\u00e4rvitud metallraam<\/strong> tagab vastupidavuse ja stabiilsuse. Kuldsed tamme toonid koos metalliga loovad ajatu ja luksusliku koosluse.<\/p>\n<p data-start=\"801\" data-end=\"886\">Komplekt tarnitakse <strong data-start=\"821\" data-end=\"839\">kahes pakendis<\/strong> ning on m\u00f5eldud <strong data-start=\"856\" data-end=\"885\">iseseisvaks kokkupanekuks<\/strong>.<\/p>\n<hr data-start=\"888\" data-end=\"891\" \/>\n<h3 data-start=\"893\" data-end=\"918\"><strong data-start=\"897\" data-end=\"918\">Tehnilised andmed<\/strong><\/h3>\n<ul data-start=\"919\" data-end=\"1107\">\n<li data-start=\"919\" data-end=\"956\">\n<p data-start=\"921\" data-end=\"956\"><strong data-start=\"921\" data-end=\"938\">Sobilik ruum:<\/strong> kontor, elutuba<\/p>\n<\/li>\n<li data-start=\"957\" data-end=\"1011\">\n<p data-start=\"959\" data-end=\"1011\"><strong data-start=\"959\" data-end=\"993\">M\u00f5\u00f5dud (k\u00f5rgus\/laius\/s\u00fcgavus):<\/strong> 43 \/ 70 \/ 70 cm<\/p>\n<\/li>\n<li data-start=\"1012\" data-end=\"1046\">\n<p data-start=\"1014\" data-end=\"1046\"><strong data-start=\"1014\" data-end=\"1038\">Kaal koos pakendiga:<\/strong> 30 kg<\/p>\n<\/li>\n<li data-start=\"1047\" data-end=\"1107\">\n<p data-start=\"1049\" data-end=\"1107\"><strong data-start=\"1049\" data-end=\"1064\">Materjalid:<\/strong> t\u00e4ispuit tammepuit, pulberv\u00e4rvitud teras<\/p>\n<\/li>\n<\/ul>\n","protected":false},"featured_media":41627,"comment_status":"closed","ping_status":"closed","template":"","meta":{"_gspb_post_css":""},"product_brand":[34],"product_cat":[178,165,4297],"product_tag":[],"class_list":{"0":"post-41626","1":"product","2":"type-product","3":"status-publish","4":"has-post-thumbnail","6":"product_brand-siudy","7":"product_cat-diivanilauad","8":"product_cat-elutuba","9":"product_cat-siudy","10":"pa_korgus-824","11":"pa_laius-427","12":"pa_sugavus-268","13":"pa_vahelaos-jah","15":"first","16":"instock","17":"sale","18":"purchasable","19":"product-type-simple"},"_links":{"self":[{"href":"https:\/\/www.nordi.ee\/en\/wp-json\/wp\/v2\/product\/41626","targetHints":{"allow":["GET"]}}],"collection":[{"href":"https:\/\/www.nordi.ee\/en\/wp-json\/wp\/v2\/product"}],"about":[{"href":"https:\/\/www.nordi.ee\/en\/wp-json\/wp\/v2\/types\/product"}],"replies":[{"embeddable":true,"href":"https:\/\/www.nordi.ee\/en\/wp-json\/wp\/v2\/comments?post=41626"}],"wp:featuredmedia":[{"embeddable":true,"href":"https:\/\/www.nordi.ee\/en\/wp-json\/wp\/v2\/media\/41627"}],"wp:attachment":[{"href":"https:\/\/www.nordi.ee\/en\/wp-json\/wp\/v2\/media?parent=41626"}],"wp:term":[{"taxonomy":"product_brand","embeddable":true,"href":"https:\/\/www.nordi.ee\/en\/wp-json\/wp\/v2\/product_brand?post=41626"},{"taxonomy":"product_cat","embeddable":true,"href":"https:\/\/www.nordi.ee\/en\/wp-json\/wp\/v2\/product_cat?post=41626"},{"taxonomy":"product_tag","embeddable":true,"href":"https:\/\/www.nordi.ee\/en\/wp-json\/wp\/v2\/product_tag?post=41626"}],"curies":[{"name":"wp","href":"https:\/\/api.w.org\/{rel}","templated":true}]}}