{"id":41620,"date":"2025-11-22T14:22:39","date_gmt":"2025-11-22T12:22:39","guid":{"rendered":"https:\/\/www.nordi.ee\/?post_type=product&#038;p=41620"},"modified":"2025-11-23T21:01:29","modified_gmt":"2025-11-23T19:01:29","slug":"ookapp-kongo-loft-07","status":"publish","type":"product","link":"https:\/\/www.nordi.ee\/en\/toode\/ookapp-kongo-loft-07\/","title":{"rendered":"\u00d6\u00f6kapp Kongo LOFT 07"},"content":{"rendered":"","protected":false},"excerpt":{"rendered":"<h3 data-start=\"90\" data-end=\"166\"><strong data-start=\"94\" data-end=\"166\">Kongo LOFT 07 \u00f6\u00f6kapp \u2013 modernne ja funktsionaalne valik magamistuppa<\/strong><\/h3>\n<p data-start=\"168\" data-end=\"491\"><strong data-start=\"168\" data-end=\"192\">Kongo LOFT 07 \u00f6\u00f6kapp<\/strong> \u00fchendab modernse loft-stiili ja praktilise disaini. Kompaktne, kuid mahukas \u00f6\u00f6kapp sobib suurep\u00e4raselt voodi k\u00f5rvale, pakkudes ruumi lampidele, raamatutele ja igap\u00e4evastele esemetele. Elegantne vorm ja kvaliteetne viimistlus muudavad selle pilkup\u00fc\u00fcdvaks sisustuselemendiks igas moodsas magamistoas.<\/p>\n<p data-start=\"493\" data-end=\"749\">Korpus on valmistatud <strong data-start=\"515\" data-end=\"559\">tammepuitu imiteerivast laminaatplaadist<\/strong>, mis on vastupidav ja kergesti hooldatav. Esik\u00fclg on kaetud naturaalse <strong data-start=\"631\" data-end=\"647\">tammepuiduga<\/strong>, lisades soojust ja iseloomu. Tugevad <strong data-start=\"686\" data-end=\"716\">pulberv\u00e4rvitud metalljalad<\/strong> tagavad stabiilsuse ja kestvuse.<\/p>\n<p data-start=\"751\" data-end=\"831\">M\u00f6\u00f6bel tarnitakse <strong data-start=\"769\" data-end=\"786\">\u00fches pakendis<\/strong> ja on m\u00f5eldud <strong data-start=\"801\" data-end=\"830\">iseseisvaks kokkupanekuks<\/strong>.<\/p>\n<hr data-start=\"833\" data-end=\"836\" \/>\n<h3 data-start=\"838\" data-end=\"863\"><strong data-start=\"842\" data-end=\"863\">Tehnilised andmed<\/strong><\/h3>\n<ul data-start=\"864\" data-end=\"1075\">\n<li data-start=\"864\" data-end=\"906\">\n<p data-start=\"866\" data-end=\"906\"><strong data-start=\"866\" data-end=\"883\">Sobilik ruum:<\/strong> elutuba, magamistuba<\/p>\n<\/li>\n<li data-start=\"907\" data-end=\"961\">\n<p data-start=\"909\" data-end=\"961\"><strong data-start=\"909\" data-end=\"943\">M\u00f5\u00f5dud (k\u00f5rgus\/laius\/s\u00fcgavus):<\/strong> 54 \/ 44 \/ 40 cm<\/p>\n<\/li>\n<li data-start=\"962\" data-end=\"996\">\n<p data-start=\"964\" data-end=\"996\"><strong data-start=\"964\" data-end=\"988\">Kaal koos pakendiga:<\/strong> 20 kg<\/p>\n<\/li>\n<li data-start=\"997\" data-end=\"1075\">\n<p data-start=\"999\" data-end=\"1075\"><strong data-start=\"999\" data-end=\"1014\">Materjalid:<\/strong> tammepuit, laminaatplaat, v\u00e4rvitud teras, metall (k\u00e4epide)<\/p>\n<\/li>\n<\/ul>\n","protected":false},"featured_media":41621,"comment_status":"closed","ping_status":"closed","template":"","meta":{"_gspb_post_css":""},"product_brand":[34],"product_cat":[166,199],"product_tag":[],"class_list":{"0":"post-41620","1":"product","2":"type-product","3":"status-publish","4":"has-post-thumbnail","6":"product_brand-siudy","7":"product_cat-magamistuba","8":"product_cat-ookapid","9":"pa_korgus-1262","10":"pa_laius-219","11":"pa_sugavus-646","12":"pa_vahelaos-jah","14":"first","15":"instock","16":"sale","17":"purchasable","18":"product-type-simple"},"_links":{"self":[{"href":"https:\/\/www.nordi.ee\/en\/wp-json\/wp\/v2\/product\/41620","targetHints":{"allow":["GET"]}}],"collection":[{"href":"https:\/\/www.nordi.ee\/en\/wp-json\/wp\/v2\/product"}],"about":[{"href":"https:\/\/www.nordi.ee\/en\/wp-json\/wp\/v2\/types\/product"}],"replies":[{"embeddable":true,"href":"https:\/\/www.nordi.ee\/en\/wp-json\/wp\/v2\/comments?post=41620"}],"wp:featuredmedia":[{"embeddable":true,"href":"https:\/\/www.nordi.ee\/en\/wp-json\/wp\/v2\/media\/41621"}],"wp:attachment":[{"href":"https:\/\/www.nordi.ee\/en\/wp-json\/wp\/v2\/media?parent=41620"}],"wp:term":[{"taxonomy":"product_brand","embeddable":true,"href":"https:\/\/www.nordi.ee\/en\/wp-json\/wp\/v2\/product_brand?post=41620"},{"taxonomy":"product_cat","embeddable":true,"href":"https:\/\/www.nordi.ee\/en\/wp-json\/wp\/v2\/product_cat?post=41620"},{"taxonomy":"product_tag","embeddable":true,"href":"https:\/\/www.nordi.ee\/en\/wp-json\/wp\/v2\/product_tag?post=41620"}],"curies":[{"name":"wp","href":"https:\/\/api.w.org\/{rel}","templated":true}]}}