{"id":41615,"date":"2025-11-22T14:22:39","date_gmt":"2025-11-22T12:22:39","guid":{"rendered":"https:\/\/www.nordi.ee\/?post_type=product&#038;p=41615"},"modified":"2025-11-23T21:01:29","modified_gmt":"2025-11-23T19:01:29","slug":"diivanilaua-klaasist-komplekt-crystal","status":"publish","type":"product","link":"https:\/\/www.nordi.ee\/en\/toode\/diivanilaua-klaasist-komplekt-crystal\/","title":{"rendered":"Diivanilaua klaasist komplekt CRYSTAL"},"content":{"rendered":"","protected":false},"excerpt":{"rendered":"<h3 data-start=\"90\" data-end=\"189\"><strong data-start=\"94\" data-end=\"189\">Diivanilaua klaasist komplekt CRYSTAL \u2013 elegantne ja praktiline valik modernsesse interj\u00f6\u00f6ri<\/strong><\/h3>\n<p data-start=\"191\" data-end=\"440\">Diivanilaua klaasist komplekt CRYSTAL \u00fchendab minimalistliku disaini ja mitmek\u00fclgse kasutusv\u00f5imaluse. Komplekt sobib suurep\u00e4raselt nii elutuppa kui kontorisse, pakkudes nii visuaalset kergust kui ka praktilist lisapinda igap\u00e4evaseks kasutamiseks.<\/p>\n<p data-start=\"442\" data-end=\"798\">Lauaplaadid on valmistatud kvaliteetsest <strong data-start=\"483\" data-end=\"533\">toonitud v\u00f5i l\u00e4bipaistvast karastatud klaasist<\/strong>, mis lisab interj\u00f6\u00f6ri luksuslikku s\u00e4rtsu. Tugev <strong data-start=\"582\" data-end=\"612\">roostevabast terasest raam<\/strong> tagab stabiilsuse ja vastupidavuse ning kaitseb lauapindu kriimustuste eest. Komplektis olevad kolm lauda saab paigutada koos v\u00f5i eraldi, vastavalt ruumi suurusele ja kasutusvajadusele.<\/p>\n<hr data-start=\"800\" data-end=\"803\" \/>\n<h3 data-start=\"805\" data-end=\"830\"><strong data-start=\"809\" data-end=\"830\">Tehnilised andmed<\/strong><\/h3>\n<ul data-start=\"831\" data-end=\"1052\">\n<li data-start=\"831\" data-end=\"868\">\n<p data-start=\"833\" data-end=\"868\"><strong data-start=\"833\" data-end=\"850\">Sobilik ruum:<\/strong> kontor, elutuba<\/p>\n<\/li>\n<li data-start=\"869\" data-end=\"973\">\n<p data-start=\"871\" data-end=\"907\"><strong data-start=\"871\" data-end=\"905\">M\u00f5\u00f5dud (k\u00f5rgus\/laius\/s\u00fcgavus):<\/strong><\/p>\n<ul data-start=\"910\" data-end=\"973\">\n<li data-start=\"910\" data-end=\"929\">\n<p data-start=\"912\" data-end=\"929\">46 \/ 46 \/ 46 cm<\/p>\n<\/li>\n<li data-start=\"932\" data-end=\"951\">\n<p data-start=\"934\" data-end=\"951\">42 \/ 42 \/ 42 cm<\/p>\n<\/li>\n<li data-start=\"954\" data-end=\"973\">\n<p data-start=\"956\" data-end=\"973\">38 \/ 38 \/ 38 cm<\/p>\n<\/li>\n<\/ul>\n<\/li>\n<li data-start=\"974\" data-end=\"1008\">\n<p data-start=\"976\" data-end=\"1008\"><strong data-start=\"976\" data-end=\"1000\">Kaal koos pakendiga:<\/strong> 18 kg<\/p>\n<\/li>\n<li data-start=\"1009\" data-end=\"1052\">\n<p data-start=\"1011\" data-end=\"1052\"><strong data-start=\"1011\" data-end=\"1026\">Materjalid:<\/strong> karastatud klaas, teras<\/p>\n<\/li>\n<\/ul>\n","protected":false},"featured_media":41616,"comment_status":"closed","ping_status":"closed","template":"","meta":{"_gspb_post_css":""},"product_brand":[34],"product_cat":[178,165],"product_tag":[],"class_list":{"0":"post-41615","1":"product","2":"type-product","3":"status-publish","4":"has-post-thumbnail","6":"product_brand-siudy","7":"product_cat-diivanilauad","8":"product_cat-elutuba","9":"pa_korgus-350","10":"pa_laius-874","11":"pa_sugavus-1392","12":"pa_vahelaos-ei","14":"first","15":"instock","16":"sale","17":"purchasable","18":"product-type-simple"},"_links":{"self":[{"href":"https:\/\/www.nordi.ee\/en\/wp-json\/wp\/v2\/product\/41615","targetHints":{"allow":["GET"]}}],"collection":[{"href":"https:\/\/www.nordi.ee\/en\/wp-json\/wp\/v2\/product"}],"about":[{"href":"https:\/\/www.nordi.ee\/en\/wp-json\/wp\/v2\/types\/product"}],"replies":[{"embeddable":true,"href":"https:\/\/www.nordi.ee\/en\/wp-json\/wp\/v2\/comments?post=41615"}],"wp:featuredmedia":[{"embeddable":true,"href":"https:\/\/www.nordi.ee\/en\/wp-json\/wp\/v2\/media\/41616"}],"wp:attachment":[{"href":"https:\/\/www.nordi.ee\/en\/wp-json\/wp\/v2\/media?parent=41615"}],"wp:term":[{"taxonomy":"product_brand","embeddable":true,"href":"https:\/\/www.nordi.ee\/en\/wp-json\/wp\/v2\/product_brand?post=41615"},{"taxonomy":"product_cat","embeddable":true,"href":"https:\/\/www.nordi.ee\/en\/wp-json\/wp\/v2\/product_cat?post=41615"},{"taxonomy":"product_tag","embeddable":true,"href":"https:\/\/www.nordi.ee\/en\/wp-json\/wp\/v2\/product_tag?post=41615"}],"curies":[{"name":"wp","href":"https:\/\/api.w.org\/{rel}","templated":true}]}}