{"id":41593,"date":"2025-11-22T14:22:24","date_gmt":"2025-11-22T12:22:24","guid":{"rendered":"https:\/\/www.nordi.ee\/?post_type=product&#038;p=41593"},"modified":"2025-11-23T21:01:30","modified_gmt":"2025-11-23T19:01:30","slug":"diivanilaud-detroit-metallist-ja-puidust","status":"publish","type":"product","link":"https:\/\/www.nordi.ee\/en\/toode\/diivanilaud-detroit-metallist-ja-puidust\/","title":{"rendered":"Diivanilaud DETROIT metallist ja puidust"},"content":{"rendered":"","protected":false},"excerpt":{"rendered":"<h3 data-start=\"90\" data-end=\"164\"><strong data-start=\"94\" data-end=\"164\">Diivanilaud Detroit metallist ja puidust \u2013 tugev, modernne ja praktiline<\/strong><\/h3>\n<p data-start=\"166\" data-end=\"460\"><strong data-start=\"166\" data-end=\"187\">Detroit kohvilaud<\/strong> \u00fchendab naturaalse tamme ilu ja musta metalli modernsuse, tuues sinu elutuppa v\u00f5i kontorisse elegantse ja vastupidava sisustuselemendi. Tugev <strong data-start=\"330\" data-end=\"359\">36,6 mm paksune lauaplaat<\/strong> tagab kindla kasutuse ja sobib suurep\u00e4raselt nii kohvitamiseks kui ka dekoratsioonide paigutamiseks.<\/p>\n<p data-start=\"462\" data-end=\"802\">Lisaks on laual <strong data-start=\"478\" data-end=\"507\">18,3 mm paksune lisariiul<\/strong>, kuhu saad mugavalt asetada puldid, raamatud v\u00f5i ajakirjad. Mustad pulberv\u00e4rvitud metalljalad (60 \u00d7 20 mm) tagavad stabiilsuse ning <strong data-start=\"640\" data-end=\"665\">pingevastased liistud<\/strong> kaitsevad lauaplaati deformatsiooni eest. Jalakaitsmed hoiavad p\u00f5randa kriimustustest ja muudavad laua kasutamise particularly mugavaks.<\/p>\n<p data-start=\"804\" data-end=\"886\">M\u00f6\u00f6bel tarnitakse <strong data-start=\"822\" data-end=\"839\">\u00fches pakendis<\/strong> ning on m\u00f5eldud <strong data-start=\"856\" data-end=\"885\">iseseisvaks kokkupanekuks<\/strong>.<\/p>\n<hr data-start=\"888\" data-end=\"891\" \/>\n<h3 data-start=\"893\" data-end=\"918\"><strong data-start=\"897\" data-end=\"918\">Tehnilised andmed<\/strong><\/h3>\n<ul data-start=\"919\" data-end=\"1113\">\n<li data-start=\"919\" data-end=\"956\">\n<p data-start=\"921\" data-end=\"956\"><strong data-start=\"921\" data-end=\"938\">Sobilik ruum:<\/strong> kontor, elutuba<\/p>\n<\/li>\n<li data-start=\"957\" data-end=\"1012\">\n<p data-start=\"959\" data-end=\"1012\"><strong data-start=\"959\" data-end=\"993\">M\u00f5\u00f5dud (k\u00f5rgus\/laius\/s\u00fcgavus):<\/strong> 46 \/ 65 \/ 115 cm<\/p>\n<\/li>\n<li data-start=\"1013\" data-end=\"1047\">\n<p data-start=\"1015\" data-end=\"1047\"><strong data-start=\"1015\" data-end=\"1039\">Kaal koos pakendiga:<\/strong> 30 kg<\/p>\n<\/li>\n<li data-start=\"1048\" data-end=\"1113\">\n<p data-start=\"1050\" data-end=\"1113\"><strong data-start=\"1050\" data-end=\"1065\">Materjalid:<\/strong> t\u00e4ispuit tammepuit, pulberv\u00e4rvitud must teras<\/p>\n<\/li>\n<\/ul>\n","protected":false},"featured_media":41594,"comment_status":"closed","ping_status":"closed","template":"","meta":{"_gspb_post_css":""},"product_brand":[34],"product_cat":[178,165],"product_tag":[],"class_list":{"0":"post-41593","1":"product","2":"type-product","3":"status-publish","4":"has-post-thumbnail","6":"product_brand-siudy","7":"product_cat-diivanilauad","8":"product_cat-elutuba","9":"pa_korgus-350","10":"pa_laius-629","11":"pa_sugavus-563","12":"pa_vahelaos-ei","14":"first","15":"instock","16":"sale","17":"purchasable","18":"product-type-simple"},"_links":{"self":[{"href":"https:\/\/www.nordi.ee\/en\/wp-json\/wp\/v2\/product\/41593","targetHints":{"allow":["GET"]}}],"collection":[{"href":"https:\/\/www.nordi.ee\/en\/wp-json\/wp\/v2\/product"}],"about":[{"href":"https:\/\/www.nordi.ee\/en\/wp-json\/wp\/v2\/types\/product"}],"replies":[{"embeddable":true,"href":"https:\/\/www.nordi.ee\/en\/wp-json\/wp\/v2\/comments?post=41593"}],"wp:featuredmedia":[{"embeddable":true,"href":"https:\/\/www.nordi.ee\/en\/wp-json\/wp\/v2\/media\/41594"}],"wp:attachment":[{"href":"https:\/\/www.nordi.ee\/en\/wp-json\/wp\/v2\/media?parent=41593"}],"wp:term":[{"taxonomy":"product_brand","embeddable":true,"href":"https:\/\/www.nordi.ee\/en\/wp-json\/wp\/v2\/product_brand?post=41593"},{"taxonomy":"product_cat","embeddable":true,"href":"https:\/\/www.nordi.ee\/en\/wp-json\/wp\/v2\/product_cat?post=41593"},{"taxonomy":"product_tag","embeddable":true,"href":"https:\/\/www.nordi.ee\/en\/wp-json\/wp\/v2\/product_tag?post=41593"}],"curies":[{"name":"wp","href":"https:\/\/api.w.org\/{rel}","templated":true}]}}