{"id":41586,"date":"2025-11-22T14:22:24","date_gmt":"2025-11-22T12:22:24","guid":{"rendered":"https:\/\/www.nordi.ee\/?post_type=product&#038;p=41586"},"modified":"2025-11-23T21:01:30","modified_gmt":"2025-11-23T19:01:30","slug":"diivanilaud-metallist-ja-puidust-80-80-cm","status":"publish","type":"product","link":"https:\/\/www.nordi.ee\/en\/toode\/diivanilaud-metallist-ja-puidust-80-80-cm\/","title":{"rendered":"Diivanilaud metallist ja puidust  80\/80 cm"},"content":{"rendered":"","protected":false},"excerpt":{"rendered":"<h3 data-start=\"90\" data-end=\"182\"><strong data-start=\"94\" data-end=\"182\">Diivanilaud metallist ja puidust\u2013 modernne ja vastupidav loft-stiilis sisustuselement<\/strong><\/h3>\n<p data-start=\"184\" data-end=\"529\">See <strong data-start=\"188\" data-end=\"222\">metallist ja puidust diivanilaud<\/strong> sobib ideaalselt modernsesse interj\u00f6\u00f6ri, lisades ruumile industriaalset stiili ja praktilist kasutusmugavust. Kompaktne 80 \u00d7 80 cm lauaplaat s\u00e4\u00e4stab ruumi, pakkudes samal ajal piisavalt pinda igap\u00e4evaseks kasutamiseks. Allolev riiul lisab mugavat hoiuruumi raamatutele, pultidele v\u00f5i v\u00e4iksematele esemetel.<\/p>\n<p data-start=\"531\" data-end=\"800\">Lauaplaat on valmistatud kvaliteetsest <strong data-start=\"570\" data-end=\"590\">t\u00e4istammepuidust<\/strong>, mis on \u00f5liga t\u00f6\u00f6deldud, et s\u00e4ilitada puidu loomulik ilu ja vastupidavus. Tugev <strong data-start=\"671\" data-end=\"700\">pulberv\u00e4rvitud metallraam<\/strong> annab lauale stabiilsuse ja moodsa ilme, muutes selle ajatu disainiga keskpunktiks iga ruumi jaoks.<\/p>\n<p data-start=\"802\" data-end=\"882\">M\u00f6\u00f6bel tarnitakse <strong data-start=\"820\" data-end=\"837\">\u00fches pakendis<\/strong> ja on m\u00f5eldud <strong data-start=\"852\" data-end=\"881\">iseseisvaks kokkupanekuks<\/strong>.<\/p>\n<hr data-start=\"884\" data-end=\"887\" \/>\n<h3 data-start=\"889\" data-end=\"914\"><strong data-start=\"893\" data-end=\"914\">Tehnilised andmed<\/strong><\/h3>\n<ul data-start=\"915\" data-end=\"1103\">\n<li data-start=\"915\" data-end=\"952\">\n<p data-start=\"917\" data-end=\"952\"><strong data-start=\"917\" data-end=\"934\">Sobilik ruum:<\/strong> kontor, elutuba<\/p>\n<\/li>\n<li data-start=\"953\" data-end=\"1007\">\n<p data-start=\"955\" data-end=\"1007\"><strong data-start=\"955\" data-end=\"989\">M\u00f5\u00f5dud (k\u00f5rgus\/laius\/s\u00fcgavus):<\/strong> 43 \/ 80 \/ 80 cm<\/p>\n<\/li>\n<li data-start=\"1008\" data-end=\"1042\">\n<p data-start=\"1010\" data-end=\"1042\"><strong data-start=\"1010\" data-end=\"1034\">Kaal koos pakendiga:<\/strong> 30 kg<\/p>\n<\/li>\n<li data-start=\"1043\" data-end=\"1103\">\n<p data-start=\"1045\" data-end=\"1103\"><strong data-start=\"1045\" data-end=\"1060\">Materjalid:<\/strong> t\u00e4ispuit tammepuit, pulberv\u00e4rvitud teras<\/p>\n<\/li>\n<\/ul>\n","protected":false},"featured_media":41587,"comment_status":"closed","ping_status":"closed","template":"","meta":{"_gspb_post_css":""},"product_brand":[34],"product_cat":[178,165,4297],"product_tag":[],"class_list":{"0":"post-41586","1":"product","2":"type-product","3":"status-publish","4":"has-post-thumbnail","6":"product_brand-siudy","7":"product_cat-diivanilauad","8":"product_cat-elutuba","9":"product_cat-siudy","10":"pa_korgus-824","11":"pa_laius-353","12":"pa_sugavus-475","13":"pa_vahelaos-ei","15":"first","16":"instock","17":"sale","18":"purchasable","19":"product-type-simple"},"_links":{"self":[{"href":"https:\/\/www.nordi.ee\/en\/wp-json\/wp\/v2\/product\/41586","targetHints":{"allow":["GET"]}}],"collection":[{"href":"https:\/\/www.nordi.ee\/en\/wp-json\/wp\/v2\/product"}],"about":[{"href":"https:\/\/www.nordi.ee\/en\/wp-json\/wp\/v2\/types\/product"}],"replies":[{"embeddable":true,"href":"https:\/\/www.nordi.ee\/en\/wp-json\/wp\/v2\/comments?post=41586"}],"wp:featuredmedia":[{"embeddable":true,"href":"https:\/\/www.nordi.ee\/en\/wp-json\/wp\/v2\/media\/41587"}],"wp:attachment":[{"href":"https:\/\/www.nordi.ee\/en\/wp-json\/wp\/v2\/media?parent=41586"}],"wp:term":[{"taxonomy":"product_brand","embeddable":true,"href":"https:\/\/www.nordi.ee\/en\/wp-json\/wp\/v2\/product_brand?post=41586"},{"taxonomy":"product_cat","embeddable":true,"href":"https:\/\/www.nordi.ee\/en\/wp-json\/wp\/v2\/product_cat?post=41586"},{"taxonomy":"product_tag","embeddable":true,"href":"https:\/\/www.nordi.ee\/en\/wp-json\/wp\/v2\/product_tag?post=41586"}],"curies":[{"name":"wp","href":"https:\/\/api.w.org\/{rel}","templated":true}]}}