{"id":41578,"date":"2025-11-22T14:22:24","date_gmt":"2025-11-22T12:22:24","guid":{"rendered":"https:\/\/www.nordi.ee\/?post_type=product&#038;p=41578"},"modified":"2025-11-23T21:01:30","modified_gmt":"2025-11-23T19:01:30","slug":"diivanilaud-geometric-05","status":"publish","type":"product","link":"https:\/\/www.nordi.ee\/en\/toode\/diivanilaud-geometric-05\/","title":{"rendered":"Diivanilaud GEOMETRIC 05"},"content":{"rendered":"","protected":false},"excerpt":{"rendered":"<h3 data-start=\"90\" data-end=\"169\"><strong data-start=\"94\" data-end=\"169\">Diivanilaud Geometric 05 \u2013 modernne ja pilkup\u00fc\u00fcdev keskpunkt<\/strong><\/h3>\n<p data-start=\"171\" data-end=\"429\"><strong data-start=\"171\" data-end=\"197\">Geometric 05 kohvilaud<\/strong> lisab igasse ruumi unikaalset stiili ning modernset elegantsi. Pikk 137 cm laiune lauaplaat pakub rohkelt pinda raamatutele, dekoratsioonidele v\u00f5i m\u00f5nusaks kohvipausiks, muutes selle ideaalseks valikuks nii elutuppa kui kontorisse.<\/p>\n<p data-start=\"431\" data-end=\"788\">Lauaplaat on valmistatud kvaliteetsest <strong data-start=\"470\" data-end=\"504\">\u00f5litatud tammespooniga MDF-ist<\/strong>, mille 30\u00b0 t\u00e4pselt l\u00f5igatud serv annab lauale \u00f5hulise ja peene v\u00e4ljan\u00e4gemise. Tugevad <strong data-start=\"591\" data-end=\"606\">metalljalad<\/strong> tagavad stabiilsuse ning kahekordne jalgade k\u00f5rgusevalik v\u00f5imaldab lauda sobitada erinevate sisustuslahendustega. <strong data-start=\"721\" data-end=\"750\">J\u00e4\u00e4tisekujulised liugurid<\/strong> kaitsevad p\u00f5randat kriimustuste eest.<\/p>\n<p data-start=\"790\" data-end=\"871\">M\u00f6\u00f6bel tarnitakse <strong data-start=\"808\" data-end=\"826\">kahes pakendis<\/strong> ja on m\u00f5eldud <strong data-start=\"841\" data-end=\"870\">iseseisvaks kokkupanekuks<\/strong>.<\/p>\n<hr data-start=\"873\" data-end=\"876\" \/>\n<h3 data-start=\"878\" data-end=\"903\"><strong data-start=\"882\" data-end=\"903\">Tehnilised andmed<\/strong><\/h3>\n<ul data-start=\"904\" data-end=\"1067\">\n<li data-start=\"904\" data-end=\"941\">\n<p data-start=\"906\" data-end=\"941\"><strong data-start=\"906\" data-end=\"923\">Sobilik ruum:<\/strong> elutuba, kontor<\/p>\n<\/li>\n<li data-start=\"942\" data-end=\"999\">\n<p data-start=\"944\" data-end=\"999\"><strong data-start=\"944\" data-end=\"978\">M\u00f5\u00f5dud (k\u00f5rgus\/laius\/s\u00fcgavus):<\/strong> 46.7 \/ 137 \/ 68 cm<\/p>\n<\/li>\n<li data-start=\"1000\" data-end=\"1047\">\n<p data-start=\"1002\" data-end=\"1047\"><strong data-start=\"1002\" data-end=\"1017\">Materjalid:<\/strong> tammespoon, metallist jalad<\/p>\n<\/li>\n<li data-start=\"1048\" data-end=\"1067\">\n<p data-start=\"1050\" data-end=\"1067\"><strong data-start=\"1050\" data-end=\"1059\">Kaal:<\/strong> 25 kg<\/p>\n<\/li>\n<\/ul>\n","protected":false},"featured_media":41579,"comment_status":"closed","ping_status":"closed","template":"","meta":{"_gspb_post_css":""},"product_brand":[34],"product_cat":[178,165],"product_tag":[],"class_list":{"0":"post-41578","1":"product","2":"type-product","3":"status-publish","4":"has-post-thumbnail","6":"product_brand-siudy","7":"product_cat-diivanilauad","8":"product_cat-elutuba","9":"pa_korgus-1286","10":"pa_laius-2401","11":"pa_sugavus-753","12":"pa_vahelaos-jah","14":"first","15":"instock","16":"sale","17":"purchasable","18":"product-type-simple"},"_links":{"self":[{"href":"https:\/\/www.nordi.ee\/en\/wp-json\/wp\/v2\/product\/41578","targetHints":{"allow":["GET"]}}],"collection":[{"href":"https:\/\/www.nordi.ee\/en\/wp-json\/wp\/v2\/product"}],"about":[{"href":"https:\/\/www.nordi.ee\/en\/wp-json\/wp\/v2\/types\/product"}],"replies":[{"embeddable":true,"href":"https:\/\/www.nordi.ee\/en\/wp-json\/wp\/v2\/comments?post=41578"}],"wp:featuredmedia":[{"embeddable":true,"href":"https:\/\/www.nordi.ee\/en\/wp-json\/wp\/v2\/media\/41579"}],"wp:attachment":[{"href":"https:\/\/www.nordi.ee\/en\/wp-json\/wp\/v2\/media?parent=41578"}],"wp:term":[{"taxonomy":"product_brand","embeddable":true,"href":"https:\/\/www.nordi.ee\/en\/wp-json\/wp\/v2\/product_brand?post=41578"},{"taxonomy":"product_cat","embeddable":true,"href":"https:\/\/www.nordi.ee\/en\/wp-json\/wp\/v2\/product_cat?post=41578"},{"taxonomy":"product_tag","embeddable":true,"href":"https:\/\/www.nordi.ee\/en\/wp-json\/wp\/v2\/product_tag?post=41578"}],"curies":[{"name":"wp","href":"https:\/\/api.w.org\/{rel}","templated":true}]}}