{"id":41555,"date":"2025-11-22T14:22:24","date_gmt":"2025-11-22T12:22:24","guid":{"rendered":"https:\/\/www.nordi.ee\/?post_type=product&#038;p=41555"},"modified":"2025-11-23T21:01:30","modified_gmt":"2025-11-23T19:01:30","slug":"reguleeritav-diivanilaud-puidust-ja-metallist","status":"publish","type":"product","link":"https:\/\/www.nordi.ee\/en\/toode\/reguleeritav-diivanilaud-puidust-ja-metallist\/","title":{"rendered":"Reguleeritav diivanilaud puidust ja metallist"},"content":{"rendered":"","protected":false},"excerpt":{"rendered":"<h3 data-start=\"90\" data-end=\"171\"><strong data-start=\"94\" data-end=\"171\">Reguleeritav diivanilaud puidust ja metallist \u2013 ideaalne t\u00f6\u00f6- ja puhkehetkeks<\/strong><\/h3>\n<p data-start=\"173\" data-end=\"489\">See <strong data-start=\"177\" data-end=\"212\">reguleeritava k\u00f5rgusega diivanilaud<\/strong> on mitmek\u00fclgne valik nii kontorisse, elutuppa kui ka magamistuppa. K\u00f5rgust saab mugavalt reguleerida vahemikus <strong data-start=\"324\" data-end=\"336\">55\u201379 cm<\/strong>, et tagada maksimaalne kasutusmugavus \u2013 ideaalne t\u00f6\u00f6tamiseks, filme vaadates suupistete serveerimiseks v\u00f5i lemmikraamatu lugemiseks voodis v\u00f5i diivanil.<\/p>\n<p data-start=\"491\" data-end=\"813\">Lauaplaat on valmistatud kvaliteetsest <strong data-start=\"530\" data-end=\"554\">18,3 mm tammepuidust<\/strong>, mis tagab stabiilse ja vastupidava t\u00f6\u00f6pinna. Tugevad <strong data-start=\"609\" data-end=\"639\">pulberv\u00e4rvitud metalljalad<\/strong> lisavad lauale kindlust ja kaitsevad seda deformatsiooni eest. P\u00f5randat hoiavad kriimustuste eest <strong data-start=\"738\" data-end=\"760\">vildist jalapadjad<\/strong>, mis muudavad laua liigutamise sujuvaks ja vaikseks.<\/p>\n<p data-start=\"815\" data-end=\"1001\">Kerge ja kompaktne disain sobitub suurep\u00e4raselt modernsesse, loft- v\u00f5i minimalistlikku interj\u00f6\u00f6ri. Laud tarnitakse <strong data-start=\"930\" data-end=\"947\">\u00fches pakendis<\/strong> ja on m\u00f5eldud <strong data-start=\"962\" data-end=\"1000\">lihtsaks iseseisvaks kokkupanekuks<\/strong>.<\/p>\n<hr data-start=\"1003\" data-end=\"1006\" \/>\n<h3 data-start=\"1008\" data-end=\"1033\"><strong data-start=\"1012\" data-end=\"1033\">Tehnilised andmed<\/strong><\/h3>\n<ul data-start=\"1034\" data-end=\"1205\">\n<li data-start=\"1034\" data-end=\"1071\">\n<p data-start=\"1036\" data-end=\"1071\"><strong data-start=\"1036\" data-end=\"1053\">Sobilik ruum:<\/strong> kontor, elutuba<\/p>\n<\/li>\n<li data-start=\"1072\" data-end=\"1129\">\n<p data-start=\"1074\" data-end=\"1129\"><strong data-start=\"1074\" data-end=\"1108\">M\u00f5\u00f5dud (k\u00f5rgus\/laius\/s\u00fcgavus):<\/strong> 55\u201379 \/ 50 \/ 30 cm<\/p>\n<\/li>\n<li data-start=\"1130\" data-end=\"1163\">\n<p data-start=\"1132\" data-end=\"1163\"><strong data-start=\"1132\" data-end=\"1156\">Kaal koos pakendiga:<\/strong> 9 kg<\/p>\n<\/li>\n<li data-start=\"1164\" data-end=\"1205\">\n<p data-start=\"1166\" data-end=\"1205\"><strong data-start=\"1166\" data-end=\"1181\">Materjalid:<\/strong> tammepuit, must teras<\/p>\n<\/li>\n<\/ul>\n","protected":false},"featured_media":41556,"comment_status":"closed","ping_status":"closed","template":"","meta":{"_gspb_post_css":""},"product_brand":[34],"product_cat":[178,165,4297],"product_tag":[],"class_list":{"0":"post-41555","1":"product","2":"type-product","3":"status-publish","4":"has-post-thumbnail","6":"product_brand-siudy","7":"product_cat-diivanilauad","8":"product_cat-elutuba","9":"product_cat-siudy","10":"pa_korgus-1595","11":"pa_laius-300","12":"pa_sugavus-832","13":"pa_vahelaos-jah","15":"first","16":"instock","17":"sale","18":"purchasable","19":"product-type-simple"},"_links":{"self":[{"href":"https:\/\/www.nordi.ee\/en\/wp-json\/wp\/v2\/product\/41555","targetHints":{"allow":["GET"]}}],"collection":[{"href":"https:\/\/www.nordi.ee\/en\/wp-json\/wp\/v2\/product"}],"about":[{"href":"https:\/\/www.nordi.ee\/en\/wp-json\/wp\/v2\/types\/product"}],"replies":[{"embeddable":true,"href":"https:\/\/www.nordi.ee\/en\/wp-json\/wp\/v2\/comments?post=41555"}],"wp:featuredmedia":[{"embeddable":true,"href":"https:\/\/www.nordi.ee\/en\/wp-json\/wp\/v2\/media\/41556"}],"wp:attachment":[{"href":"https:\/\/www.nordi.ee\/en\/wp-json\/wp\/v2\/media?parent=41555"}],"wp:term":[{"taxonomy":"product_brand","embeddable":true,"href":"https:\/\/www.nordi.ee\/en\/wp-json\/wp\/v2\/product_brand?post=41555"},{"taxonomy":"product_cat","embeddable":true,"href":"https:\/\/www.nordi.ee\/en\/wp-json\/wp\/v2\/product_cat?post=41555"},{"taxonomy":"product_tag","embeddable":true,"href":"https:\/\/www.nordi.ee\/en\/wp-json\/wp\/v2\/product_tag?post=41555"}],"curies":[{"name":"wp","href":"https:\/\/api.w.org\/{rel}","templated":true}]}}