{"id":41488,"date":"2025-11-22T14:22:10","date_gmt":"2025-11-22T12:22:10","guid":{"rendered":"https:\/\/www.nordi.ee\/?post_type=product&#038;p=41488"},"modified":"2025-11-23T21:01:31","modified_gmt":"2025-11-23T19:01:31","slug":"reguleeritav-tammepuidust-kohvilaud-oakly","status":"publish","type":"product","link":"https:\/\/www.nordi.ee\/en\/toode\/reguleeritav-tammepuidust-kohvilaud-oakly\/","title":{"rendered":"Reguleeritav tammepuidust kohvilaud OAKLY"},"content":{"rendered":"","protected":false},"excerpt":{"rendered":"<p data-start=\"86\" data-end=\"160\"><strong data-start=\"86\" data-end=\"160\">\u00d5huline t\u00f5stetav tammelaud \u2013 kerge disain, maksimaalne funktsionaalsus<\/strong><\/p>\n<p data-start=\"162\" data-end=\"478\">See \u00f5hulise raamiga t\u00f5stetav diivanilaud on ideaalne valik neile, kes otsivad tugevast tammepuidust valmistatud, kuid visuaalselt kerget ja elegantset m\u00f6\u00f6blieset. <strong data-start=\"325\" data-end=\"363\">Reguleeritava k\u00f5rgusega (46\u201362 cm)<\/strong> \u00fclaplaat m\u00f5\u00f5tudega <strong data-start=\"383\" data-end=\"398\">110 \u00d7 62 cm<\/strong> v\u00f5imaldab mugavalt kasutada lauda nii kohvilauana kui ka t\u00f6\u00f6- v\u00f5i s\u00f6\u00f6gipinnana.<\/p>\n<p data-start=\"480\" data-end=\"838\"><strong data-start=\"480\" data-end=\"506\">Miks valida see mudel?<\/strong><br data-start=\"506\" data-end=\"509\" \/>\u2022 Aastriidist raam \u2013 visuaalselt kerge ja modernne v\u00e4limus<br data-start=\"567\" data-end=\"570\" \/>\u2022 \u00d5litatud tammepuit \u2013 soe toon ja ajatu elegants<br data-start=\"619\" data-end=\"622\" \/>\u2022 Must metallraam loob kaasaegse kontrasti ja tagab stabiilsuse<br data-start=\"685\" data-end=\"688\" \/>\u2022 Praktiline tammeriiul hoiustab mugavalt raamatud, puldid ja muud tarvikud<br data-start=\"763\" data-end=\"766\" \/>\u2022 Jalad on varustatud kaitseklotsidega, et v\u00e4ltida p\u00f5randa kriimustamist<\/p>\n<p data-start=\"840\" data-end=\"1008\"><strong data-start=\"840\" data-end=\"853\">Tooteinfo<\/strong><br data-start=\"853\" data-end=\"856\" \/>\u2022 M\u00f5\u00f5dud: <strong data-start=\"866\" data-end=\"889\">46\u201362 \u00d7 110 \u00d7 62 cm<\/strong><br data-start=\"889\" data-end=\"892\" \/>\u2022 Materjalid: <strong data-start=\"906\" data-end=\"927\">tammepuit, metall<\/strong><br data-start=\"927\" data-end=\"930\" \/>\u2022 Kaal: <strong data-start=\"938\" data-end=\"947\" data-is-only-node=\"\">28 kg<\/strong><br data-start=\"947\" data-end=\"950\" \/>\u2022 Tarnitakse \u00fches pakis, m\u00f5eldud iseseisvaks kokkupanekuks<\/p>\n<p data-start=\"1010\" data-end=\"1172\" data-is-last-node=\"\" data-is-only-node=\"\">Stiilne ja praktiline \u00f5hulise raamiga tammelaud sobib suurep\u00e4raselt nii elutuppa kui ka kodukontorisse, pakkudes mugavust ja kerge disainiga kaasaegset elegantsi.<\/p>\n","protected":false},"featured_media":41489,"comment_status":"closed","ping_status":"closed","template":"","meta":{"_gspb_post_css":""},"product_brand":[34],"product_cat":[178,165,4297],"product_tag":[],"class_list":{"0":"post-41488","1":"product","2":"type-product","3":"status-publish","4":"has-post-thumbnail","6":"product_brand-siudy","7":"product_cat-diivanilauad","8":"product_cat-elutuba","9":"product_cat-siudy","10":"pa_korgus-350","11":"pa_laius-675","12":"pa_sugavus-412","13":"pa_vahelaos-ei","15":"first","16":"instock","17":"sale","18":"purchasable","19":"product-type-simple"},"_links":{"self":[{"href":"https:\/\/www.nordi.ee\/en\/wp-json\/wp\/v2\/product\/41488","targetHints":{"allow":["GET"]}}],"collection":[{"href":"https:\/\/www.nordi.ee\/en\/wp-json\/wp\/v2\/product"}],"about":[{"href":"https:\/\/www.nordi.ee\/en\/wp-json\/wp\/v2\/types\/product"}],"replies":[{"embeddable":true,"href":"https:\/\/www.nordi.ee\/en\/wp-json\/wp\/v2\/comments?post=41488"}],"wp:featuredmedia":[{"embeddable":true,"href":"https:\/\/www.nordi.ee\/en\/wp-json\/wp\/v2\/media\/41489"}],"wp:attachment":[{"href":"https:\/\/www.nordi.ee\/en\/wp-json\/wp\/v2\/media?parent=41488"}],"wp:term":[{"taxonomy":"product_brand","embeddable":true,"href":"https:\/\/www.nordi.ee\/en\/wp-json\/wp\/v2\/product_brand?post=41488"},{"taxonomy":"product_cat","embeddable":true,"href":"https:\/\/www.nordi.ee\/en\/wp-json\/wp\/v2\/product_cat?post=41488"},{"taxonomy":"product_tag","embeddable":true,"href":"https:\/\/www.nordi.ee\/en\/wp-json\/wp\/v2\/product_tag?post=41488"}],"curies":[{"name":"wp","href":"https:\/\/api.w.org\/{rel}","templated":true}]}}