{"id":41460,"date":"2025-11-22T14:22:10","date_gmt":"2025-11-22T12:22:10","guid":{"rendered":"https:\/\/www.nordi.ee\/?post_type=product&#038;p=41460"},"modified":"2025-11-23T21:01:31","modified_gmt":"2025-11-23T19:01:31","slug":"tammepuidust-kohvilaudade-komplekt-diony","status":"publish","type":"product","link":"https:\/\/www.nordi.ee\/en\/toode\/tammepuidust-kohvilaudade-komplekt-diony\/","title":{"rendered":"Tammepuidust kohvilaudade komplekt DIONY"},"content":{"rendered":"","protected":false},"excerpt":{"rendered":"<article class=\"text-token-text-primary w-full focus:outline-none [--shadow-height:45px] has-data-writing-block:pointer-events-none has-data-writing-block:-mt-(--shadow-height) has-data-writing-block:pt-(--shadow-height) [&amp;:has([data-writing-block])&gt;*]:pointer-events-auto [content-visibility:auto] supports-[content-visibility:auto]:[contain-intrinsic-size:auto_100lvh] scroll-mt-[calc(var(--header-height)+min(200px,max(70px,20svh)))]\" dir=\"auto\" tabindex=\"-1\" data-turn-id=\"request-WEB:f38140c5-7a75-46d6-9c94-e9cef67e5631-45\" data-testid=\"conversation-turn-92\" data-scroll-anchor=\"true\" data-turn=\"assistant\">\n<div class=\"text-base my-auto mx-auto pb-10 [--thread-content-margin:--spacing(4)] thread-sm:[--thread-content-margin:--spacing(6)] thread-lg:[--thread-content-margin:--spacing(16)] px-(--thread-content-margin)\">\n<div class=\"[--thread-content-max-width:40rem] thread-lg:[--thread-content-max-width:48rem] mx-auto max-w-(--thread-content-max-width) flex-1 group\/turn-messages focus-visible:outline-hidden relative flex w-full min-w-0 flex-col agent-turn\" tabindex=\"-1\">\n<div class=\"flex max-w-full flex-col grow\">\n<div class=\"min-h-8 text-message relative flex w-full flex-col items-end gap-2 text-start break-words whitespace-normal [.text-message+&amp;]:mt-1\" dir=\"auto\" data-message-author-role=\"assistant\" data-message-id=\"423c1e73-2349-4117-96dc-e3f3ead532e9\" data-message-model-slug=\"gpt-5-1\">\n<div class=\"flex w-full flex-col gap-1 empty:hidden first:pt-[1px]\">\n<div class=\"markdown prose dark:prose-invert w-full break-words light markdown-new-styling\">\n<p data-start=\"93\" data-end=\"187\"><strong data-start=\"93\" data-end=\"187\">Kolmest tammepuidust<\/strong><strong data-start=\"93\" data-end=\"187\">\u00a0diivanilauast koosnev komplekt \u2013 naturaalne elegants ja praktilisus \u00fches<\/strong><\/p>\n<p data-start=\"189\" data-end=\"530\">See funktsionaalne diivanilaudade komplekt on valmistatud t\u00e4ielikult k\u00f5rgekvaliteedilisest, \u00f5litatud tammepuust. Naturaalsed materjalid toovad interj\u00f6\u00f6ri soojust ja ajatut stiili, samal ajal kui erineva suurusega lauad v\u00f5imaldavad luua p\u00f5nevaid ja dekoratiivseid kompositsioone. T\u00e4iuslik lisand elutuppa, k\u00fclaliste tuppa v\u00f5i b\u00fcroo puhkenurka.<\/p>\n<p data-start=\"532\" data-end=\"800\"><strong data-start=\"532\" data-end=\"554\">Miks see komplekt?<\/strong><br data-start=\"554\" data-end=\"557\" \/>\u2022 3 eri suuruses lauda \u2013 paiguta koos v\u00f5i eraldi<br data-start=\"605\" data-end=\"608\" \/>\u2022 \u00d5litatud tammepuit \u2013 vastupidav, elegantne ja lihtne hooldada<br data-start=\"671\" data-end=\"674\" \/>\u2022 Filtsist jalapadjad kaitsevad p\u00f5randat kriimustuste eest<br data-start=\"732\" data-end=\"735\" \/>\u2022 Looduslik viimistlus toob ruumi soojust ja luksuslikku lihtsust<\/p>\n<p data-start=\"802\" data-end=\"945\"><strong data-start=\"802\" data-end=\"813\">M\u00f5\u00f5dud:<\/strong><br data-start=\"813\" data-end=\"816\" \/>\u2022 Suur: \u00d8 70 cm, k\u00f5rgus 44 cm<br data-start=\"845\" data-end=\"848\" \/>\u2022 Keskmine: \u00d8 50 cm, k\u00f5rgus 41 cm<br data-start=\"881\" data-end=\"884\" \/>\u2022 V\u00e4ike: \u00d8 35 cm, k\u00f5rgus 39 cm<br data-start=\"914\" data-end=\"917\" \/>\u2022 Lauaplaadi paksus: 18 mm<\/p>\n<p data-start=\"947\" data-end=\"1070\"><strong data-start=\"947\" data-end=\"961\">Tooteinfo:<\/strong><br data-start=\"961\" data-end=\"964\" \/>\u2022 Materjal: \u00f5litatud tammespoon \u2022 Kaal: 22 kg<br data-start=\"1009\" data-end=\"1012\" \/>\u2022 Tarnitakse \u00fches pakis, m\u00f5eldud iseseisvaks kokkupanekuks<\/p>\n<p data-start=\"1072\" data-end=\"1189\" data-is-last-node=\"\" data-is-only-node=\"\">Kolme tammelaua komplekt on stiilne, praktiline ja ajas kestev valik igasse modernsesse v\u00f5i klassikalisse interj\u00f6\u00f6ri.<\/p>\n<\/div>\n<\/div>\n<\/div>\n<\/div>\n<div class=\"z-0 flex min-h-[46px] justify-start\"><\/div>\n<div class=\"mt-3 w-full empty:hidden\">\n<div class=\"text-center\"><\/div>\n<\/div>\n<\/div>\n<\/div>\n<\/article>\n<div class=\"pointer-events-none h-px w-px\" aria-hidden=\"true\" data-edge=\"true\"><\/div>\n","protected":false},"featured_media":41461,"comment_status":"closed","ping_status":"closed","template":"","meta":{"_gspb_post_css":""},"product_brand":[34],"product_cat":[178,165,4297],"product_tag":[],"class_list":{"0":"post-41460","1":"product","2":"type-product","3":"status-publish","4":"has-post-thumbnail","6":"product_brand-siudy","7":"product_cat-diivanilauad","8":"product_cat-elutuba","9":"product_cat-siudy","10":"pa_korgus-552","11":"pa_laius-427","12":"pa_sugavus-268","13":"pa_vahelaos-jah","15":"first","16":"instock","17":"sale","18":"purchasable","19":"product-type-simple"},"_links":{"self":[{"href":"https:\/\/www.nordi.ee\/en\/wp-json\/wp\/v2\/product\/41460","targetHints":{"allow":["GET"]}}],"collection":[{"href":"https:\/\/www.nordi.ee\/en\/wp-json\/wp\/v2\/product"}],"about":[{"href":"https:\/\/www.nordi.ee\/en\/wp-json\/wp\/v2\/types\/product"}],"replies":[{"embeddable":true,"href":"https:\/\/www.nordi.ee\/en\/wp-json\/wp\/v2\/comments?post=41460"}],"wp:featuredmedia":[{"embeddable":true,"href":"https:\/\/www.nordi.ee\/en\/wp-json\/wp\/v2\/media\/41461"}],"wp:attachment":[{"href":"https:\/\/www.nordi.ee\/en\/wp-json\/wp\/v2\/media?parent=41460"}],"wp:term":[{"taxonomy":"product_brand","embeddable":true,"href":"https:\/\/www.nordi.ee\/en\/wp-json\/wp\/v2\/product_brand?post=41460"},{"taxonomy":"product_cat","embeddable":true,"href":"https:\/\/www.nordi.ee\/en\/wp-json\/wp\/v2\/product_cat?post=41460"},{"taxonomy":"product_tag","embeddable":true,"href":"https:\/\/www.nordi.ee\/en\/wp-json\/wp\/v2\/product_tag?post=41460"}],"curies":[{"name":"wp","href":"https:\/\/api.w.org\/{rel}","templated":true}]}}