{"id":41452,"date":"2025-11-22T14:22:10","date_gmt":"2025-11-22T12:22:10","guid":{"rendered":"https:\/\/www.nordi.ee\/?post_type=product&#038;p=41452"},"modified":"2025-11-23T21:01:31","modified_gmt":"2025-11-23T19:01:31","slug":"poorlev-kohvilaud","status":"publish","type":"product","link":"https:\/\/www.nordi.ee\/en\/toode\/poorlev-kohvilaud\/","title":{"rendered":"P\u00f6\u00f6rlev kohvilaud RARO 25"},"content":{"rendered":"","protected":false},"excerpt":{"rendered":"<article class=\"text-token-text-primary w-full focus:outline-none [--shadow-height:45px] has-data-writing-block:pointer-events-none has-data-writing-block:-mt-(--shadow-height) has-data-writing-block:pt-(--shadow-height) [&amp;:has([data-writing-block])&gt;*]:pointer-events-auto [content-visibility:auto] supports-[content-visibility:auto]:[contain-intrinsic-size:auto_100lvh] scroll-mt-[calc(var(--header-height)+min(200px,max(70px,20svh)))]\" dir=\"auto\" tabindex=\"-1\" data-turn-id=\"request-WEB:f38140c5-7a75-46d6-9c94-e9cef67e5631-44\" data-testid=\"conversation-turn-90\" data-scroll-anchor=\"true\" data-turn=\"assistant\">\n<div class=\"text-base my-auto mx-auto pb-10 [--thread-content-margin:--spacing(4)] thread-sm:[--thread-content-margin:--spacing(6)] thread-lg:[--thread-content-margin:--spacing(16)] px-(--thread-content-margin)\">\n<div class=\"[--thread-content-max-width:40rem] thread-lg:[--thread-content-max-width:48rem] mx-auto max-w-(--thread-content-max-width) flex-1 group\/turn-messages focus-visible:outline-hidden relative flex w-full min-w-0 flex-col agent-turn\" tabindex=\"-1\">\n<div class=\"flex max-w-full flex-col grow\">\n<div class=\"min-h-8 text-message relative flex w-full flex-col items-end gap-2 text-start break-words whitespace-normal [.text-message+&amp;]:mt-1\" dir=\"auto\" data-message-author-role=\"assistant\" data-message-id=\"690f69f2-c708-41ed-90f5-28322df7d2e5\" data-message-model-slug=\"gpt-5-1\">\n<div class=\"flex w-full flex-col gap-1 empty:hidden first:pt-[1px]\">\n<div class=\"markdown prose dark:prose-invert w-full break-words light markdown-new-styling\">\n<p data-start=\"99\" data-end=\"199\"><strong data-start=\"99\" data-end=\"199\">Kaasaegne p\u00f6\u00f6rlev diivanilaud \u2013 funktsionaalne ja stiilne lahendus igasse modernsesse interj\u00f6\u00f6ri<\/strong><\/p>\n<p data-start=\"201\" data-end=\"487\">See kompaktne, kuid praktiline p\u00f6\u00f6rleva \u00fclemise plaadiga laud sobib suurep\u00e4raselt nii elutuppa kui ka kontorisse. T\u00e4nu p\u00f6\u00f6ratavale plaadile saad pindade paigutust mugavalt muuta ilma lauda liigutamata. Avatud riiulid laua all ja p\u00f5hjas v\u00f5imaldavad hoida k\u00f5ik vajalikud esemed k\u00e4ep\u00e4rast.<\/p>\n<p data-start=\"489\" data-end=\"793\"><strong data-start=\"489\" data-end=\"514\">Miks valida see laud?<\/strong><br data-start=\"514\" data-end=\"517\" \/>\u2022 P\u00f6\u00f6rlev pealispind \u2013 maksimaalne mugavus ja funktsionaalsus<br data-start=\"578\" data-end=\"581\" \/>\u2022 Nutikad hoiulahendused v\u00e4iksematesse ruumidesse<br data-start=\"630\" data-end=\"633\" \/>\u2022 D\u017eunglitoonides tamm ja mustad sisemused loovad modernse, elegantse v\u00e4limuse<br data-start=\"711\" data-end=\"714\" \/>\u2022 Vastupidav 3D-struktuuriga s\u00fcngroonlaminaat \u2013 n\u00e4eb v\u00e4lja nagu naturaalne puit<\/p>\n<p data-start=\"795\" data-end=\"972\"><strong data-start=\"795\" data-end=\"808\">Tooteinfo<\/strong><br data-start=\"808\" data-end=\"811\" \/>\u2022 M\u00f5\u00f5dud: <strong data-start=\"821\" data-end=\"840\">45 \u00d7 68 \u00d7 68 cm<\/strong><br data-start=\"840\" data-end=\"843\" \/>\u2022 Materjal: 3D struktuuriga s\u00fcngroonlaminaat<br data-start=\"887\" data-end=\"890\" \/>\u2022 Kaal: <strong data-start=\"898\" data-end=\"907\">29 kg<\/strong><br data-start=\"907\" data-end=\"910\" data-is-only-node=\"\" \/>\u2022 Tarnitakse <strong data-start=\"923\" data-end=\"937\">\u00fches pakis<\/strong>, m\u00f5eldud iseseisvaks kokkupanekuks<\/p>\n<p data-start=\"974\" data-end=\"1093\" data-is-last-node=\"\" data-is-only-node=\"\">Modernne p\u00f6\u00f6rlev diivanilaud \u00fchendab stiili, nutikuse ja praktilisuse \u2013 ideaalne lisand igasse l\u00f5\u00f5gastus- v\u00f5i t\u00f6\u00f6ruumi.<\/p>\n<\/div>\n<\/div>\n<\/div>\n<\/div>\n<div class=\"z-0 flex min-h-[46px] justify-start\"><\/div>\n<div class=\"mt-3 w-full empty:hidden\">\n<div class=\"text-center\"><\/div>\n<\/div>\n<\/div>\n<\/div>\n<\/article>\n<div class=\"pointer-events-none h-px w-px\" aria-hidden=\"true\" data-edge=\"true\"><\/div>\n","protected":false},"featured_media":41453,"comment_status":"closed","ping_status":"closed","template":"","meta":{"_gspb_post_css":""},"product_brand":[34],"product_cat":[178,165],"product_tag":[],"class_list":{"0":"post-41452","1":"product","2":"type-product","3":"status-publish","4":"has-post-thumbnail","6":"product_brand-siudy","7":"product_cat-diivanilauad","8":"product_cat-elutuba","9":"pa_korgus-343","10":"pa_laius-1062","11":"pa_sugavus-753","12":"pa_vahelaos-jah","14":"first","15":"instock","16":"sale","17":"purchasable","18":"product-type-simple"},"_links":{"self":[{"href":"https:\/\/www.nordi.ee\/en\/wp-json\/wp\/v2\/product\/41452","targetHints":{"allow":["GET"]}}],"collection":[{"href":"https:\/\/www.nordi.ee\/en\/wp-json\/wp\/v2\/product"}],"about":[{"href":"https:\/\/www.nordi.ee\/en\/wp-json\/wp\/v2\/types\/product"}],"replies":[{"embeddable":true,"href":"https:\/\/www.nordi.ee\/en\/wp-json\/wp\/v2\/comments?post=41452"}],"wp:featuredmedia":[{"embeddable":true,"href":"https:\/\/www.nordi.ee\/en\/wp-json\/wp\/v2\/media\/41453"}],"wp:attachment":[{"href":"https:\/\/www.nordi.ee\/en\/wp-json\/wp\/v2\/media?parent=41452"}],"wp:term":[{"taxonomy":"product_brand","embeddable":true,"href":"https:\/\/www.nordi.ee\/en\/wp-json\/wp\/v2\/product_brand?post=41452"},{"taxonomy":"product_cat","embeddable":true,"href":"https:\/\/www.nordi.ee\/en\/wp-json\/wp\/v2\/product_cat?post=41452"},{"taxonomy":"product_tag","embeddable":true,"href":"https:\/\/www.nordi.ee\/en\/wp-json\/wp\/v2\/product_tag?post=41452"}],"curies":[{"name":"wp","href":"https:\/\/api.w.org\/{rel}","templated":true}]}}