{"id":41447,"date":"2025-11-22T14:22:10","date_gmt":"2025-11-22T12:22:10","guid":{"rendered":"https:\/\/www.nordi.ee\/?post_type=product&#038;p=41447"},"modified":"2025-11-23T21:01:31","modified_gmt":"2025-11-23T19:01:31","slug":"tammepuidust-kummut-klaasiga-neomi-03","status":"publish","type":"product","link":"https:\/\/www.nordi.ee\/en\/toode\/tammepuidust-kummut-klaasiga-neomi-03\/","title":{"rendered":"Tammepuidust kummut klaasiga NEOMI 03"},"content":{"rendered":"","protected":false},"excerpt":{"rendered":"<p data-start=\"94\" data-end=\"488\">Kaasaegne kummut Neomi 03, pikkusega 141 cm, on s\u00fcmmeetriline kooslus tammepuidust, mustast laminaatplaadist ja toonitud klaasist. See m\u00f6\u00f6bliese sobitub suurep\u00e4raselt nii modernsesse, loft- kui ka klassikalisesse interj\u00f6\u00f6ri. T\u00e4nu funktsionaalsele sisule t\u00f6\u00f6tab kummut h\u00e4sti nii kodus kui ka b\u00fcroos, aidates hoida korda. Klaasitud sektsioon lisab dekoratiivsust ja annab m\u00f6\u00f6blile elegantse ilme.<\/p>\n<p data-start=\"490\" data-end=\"892\">Kummuti esipaneel ja pealisplaat on valmistatud naturaalsest, \u00f5litatud tammepuidust, k\u00fcljed aga tammelaminaadist. Sokkel, mis moodustab m\u00f6\u00f6bli aluse, on valmistatud mustast laminaatplaadist. Kummut on varustatud kahe vaikselt sulguva sahtliga, kahe t\u00e4ispuidust uksega ning \u00fche tumedast klaasist uksega. Sisemaailmas paiknevad nii puidust kui ka klaasist riiulid, millest iga\u00fcks talub kuni 4 kg raskust.<\/p>\n<p data-start=\"894\" data-end=\"933\">M\u00f6\u00f6bel saadetakse tervikuna \u00fches pakis.<\/p>\n<hr data-start=\"935\" data-end=\"938\" \/>\n<p data-start=\"940\" data-end=\"958\"><strong data-start=\"940\" data-end=\"958\">Konstruktsioon<\/strong><\/p>\n<ul data-start=\"960\" data-end=\"1141\">\n<li data-start=\"960\" data-end=\"992\">\n<p data-start=\"962\" data-end=\"992\"><strong data-start=\"962\" data-end=\"975\">Sihtkoht:<\/strong> elutuba, b\u00fcroo<\/p>\n<\/li>\n<li data-start=\"993\" data-end=\"1050\">\n<p data-start=\"995\" data-end=\"1050\"><strong data-start=\"995\" data-end=\"1029\">M\u00f5\u00f5dud (k\u00f5rgus\/laius\/s\u00fcgavus):<\/strong> 95,5 \u00d7 141 \u00d7 40 cm<\/p>\n<\/li>\n<li data-start=\"1051\" data-end=\"1070\">\n<p data-start=\"1053\" data-end=\"1070\"><strong data-start=\"1053\" data-end=\"1062\">Kaal:<\/strong> 74 kg<\/p>\n<\/li>\n<li data-start=\"1071\" data-end=\"1141\">\n<p data-start=\"1073\" data-end=\"1141\"><strong data-start=\"1073\" data-end=\"1088\">Materjalid:<\/strong> tammepuit, laminaatplaat, alumiiniumist k\u00e4epidemed<\/p>\n<\/li>\n<\/ul>\n","protected":false},"featured_media":41448,"comment_status":"closed","ping_status":"closed","template":"","meta":{"_gspb_post_css":""},"product_brand":[34],"product_cat":[4067,165,4297],"product_tag":[],"class_list":{"0":"post-41447","1":"product","2":"type-product","3":"status-publish","4":"has-post-thumbnail","6":"product_brand-siudy","7":"product_cat-kummutid","8":"product_cat-elutuba","9":"product_cat-siudy","10":"pa_korgus-301","11":"pa_laius-4269","12":"pa_sugavus-646","13":"pa_vahelaos-ei","15":"first","16":"instock","17":"sale","18":"purchasable","19":"product-type-simple"},"_links":{"self":[{"href":"https:\/\/www.nordi.ee\/en\/wp-json\/wp\/v2\/product\/41447","targetHints":{"allow":["GET"]}}],"collection":[{"href":"https:\/\/www.nordi.ee\/en\/wp-json\/wp\/v2\/product"}],"about":[{"href":"https:\/\/www.nordi.ee\/en\/wp-json\/wp\/v2\/types\/product"}],"replies":[{"embeddable":true,"href":"https:\/\/www.nordi.ee\/en\/wp-json\/wp\/v2\/comments?post=41447"}],"wp:featuredmedia":[{"embeddable":true,"href":"https:\/\/www.nordi.ee\/en\/wp-json\/wp\/v2\/media\/41448"}],"wp:attachment":[{"href":"https:\/\/www.nordi.ee\/en\/wp-json\/wp\/v2\/media?parent=41447"}],"wp:term":[{"taxonomy":"product_brand","embeddable":true,"href":"https:\/\/www.nordi.ee\/en\/wp-json\/wp\/v2\/product_brand?post=41447"},{"taxonomy":"product_cat","embeddable":true,"href":"https:\/\/www.nordi.ee\/en\/wp-json\/wp\/v2\/product_cat?post=41447"},{"taxonomy":"product_tag","embeddable":true,"href":"https:\/\/www.nordi.ee\/en\/wp-json\/wp\/v2\/product_tag?post=41447"}],"curies":[{"name":"wp","href":"https:\/\/api.w.org\/{rel}","templated":true}]}}