{"id":41440,"date":"2025-11-22T14:22:10","date_gmt":"2025-11-22T12:22:10","guid":{"rendered":"https:\/\/www.nordi.ee\/?post_type=product&#038;p=41440"},"modified":"2025-11-23T21:01:31","modified_gmt":"2025-11-23T19:01:31","slug":"tammepuidust-kummut-kongo-31","status":"publish","type":"product","link":"https:\/\/www.nordi.ee\/en\/toode\/tammepuidust-kummut-kongo-31\/","title":{"rendered":"Tammepuidust kummut KONGO 31"},"content":{"rendered":"<h4><\/h4>\n","protected":false},"excerpt":{"rendered":"<p data-start=\"90\" data-end=\"465\">Loft-stiilis kummut Kongo 31 on modernne m\u00f6\u00f6bliese, mis on k\u00fcll kompaktne, kuid oma sisult \u00fcllatavalt mahukas. Kummuti iseloomu kujundavad \u00f5litatud tammepuidust esipaneelid, mis koos mustade metallk\u00e4epidemetega loovad kauni ja koosk\u00f5lalise kombinatsiooni. Kuigi disain on inspireeritud loft-stiilist, sobitub kummut suurep\u00e4raselt ka modernsesse ja minimalistlikku interj\u00f6\u00f6ri.<\/p>\n<p data-start=\"467\" data-end=\"1108\">Kummutil on vasakul pool 2 v\u00e4iksemat ja 1 suurem sahtel ning paremal pool 2 t\u00e4ispuidust ust, mille taga asub riiuliga jaotatud hoiuruum. Vaikselt sulguvad uksed muudavad kasutamise mugavaks ja v\u00e4ltivad ebameeldivaid sulgemishelisid. See ei ole ainult praktiline m\u00f6\u00f6bliese, vaid samal ajal ka elegantne sisustuselement. M\u00f6\u00f6bli loftlikku ilmet t\u00e4iustavad metalljalad uuenduslikul mustal raamistikul ning esipaneelide naturaalse puidu tooni ja minimalistlike k\u00e4epidemete kombinatsioon. Kongo 31 pakub suurep\u00e4rast kvaliteeti, funktsionaalsust ja moodsat stiili \u2014 lisa see kaunis kummut oma interj\u00f6\u00f6ri ja naudi nii praktilisust kui ka esteetikat.<\/p>\n<p data-start=\"1110\" data-end=\"1180\">M\u00f6\u00f6bel saadetakse kahes pakis ja on m\u00f5eldud iseseisvaks kokkupanekuks.<\/p>\n<hr data-start=\"1182\" data-end=\"1185\" \/>\n<p data-start=\"1187\" data-end=\"1205\"><strong data-start=\"1187\" data-end=\"1205\">Konstruktsioon<\/strong><\/p>\n<ul data-start=\"1207\" data-end=\"1451\">\n<li data-start=\"1207\" data-end=\"1232\">\n<p data-start=\"1209\" data-end=\"1232\"><strong data-start=\"1209\" data-end=\"1222\">Sihtkoht:<\/strong> elutuba<\/p>\n<\/li>\n<li data-start=\"1233\" data-end=\"1287\">\n<p data-start=\"1235\" data-end=\"1287\"><strong data-start=\"1235\" data-end=\"1269\">M\u00f5\u00f5dud (k\u00f5rgus\/laius\/s\u00fcgavus):<\/strong> 84 \u00d7 95 \u00d7 40 cm<\/p>\n<\/li>\n<li data-start=\"1288\" data-end=\"1317\">\n<p data-start=\"1290\" data-end=\"1317\"><strong data-start=\"1290\" data-end=\"1309\">Kaal pakendiga:<\/strong> 58 kg<\/p>\n<\/li>\n<li data-start=\"1318\" data-end=\"1451\">\n<p data-start=\"1320\" data-end=\"1451\"><strong data-start=\"1320\" data-end=\"1335\">Materjalid:<\/strong> tammepuit, tammepuitu imiteeriv laminaatplaat, must laminaatplaat, v\u00e4rvitud teras, komposiit, metall (k\u00e4epidemed)<\/p>\n<\/li>\n<\/ul>\n","protected":false},"featured_media":41441,"comment_status":"closed","ping_status":"closed","template":"","meta":{"_gspb_post_css":""},"product_brand":[34],"product_cat":[165,4067,4297],"product_tag":[],"class_list":{"0":"post-41440","1":"product","2":"type-product","3":"status-publish","4":"has-post-thumbnail","6":"product_brand-siudy","7":"product_cat-elutuba","8":"product_cat-kummutid","9":"product_cat-siudy","10":"pa_korgus-1363","11":"pa_laius-382","12":"pa_sugavus-646","13":"pa_vahelaos-jah","15":"first","16":"instock","17":"sale","18":"purchasable","19":"product-type-simple"},"_links":{"self":[{"href":"https:\/\/www.nordi.ee\/en\/wp-json\/wp\/v2\/product\/41440","targetHints":{"allow":["GET"]}}],"collection":[{"href":"https:\/\/www.nordi.ee\/en\/wp-json\/wp\/v2\/product"}],"about":[{"href":"https:\/\/www.nordi.ee\/en\/wp-json\/wp\/v2\/types\/product"}],"replies":[{"embeddable":true,"href":"https:\/\/www.nordi.ee\/en\/wp-json\/wp\/v2\/comments?post=41440"}],"wp:featuredmedia":[{"embeddable":true,"href":"https:\/\/www.nordi.ee\/en\/wp-json\/wp\/v2\/media\/41441"}],"wp:attachment":[{"href":"https:\/\/www.nordi.ee\/en\/wp-json\/wp\/v2\/media?parent=41440"}],"wp:term":[{"taxonomy":"product_brand","embeddable":true,"href":"https:\/\/www.nordi.ee\/en\/wp-json\/wp\/v2\/product_brand?post=41440"},{"taxonomy":"product_cat","embeddable":true,"href":"https:\/\/www.nordi.ee\/en\/wp-json\/wp\/v2\/product_cat?post=41440"},{"taxonomy":"product_tag","embeddable":true,"href":"https:\/\/www.nordi.ee\/en\/wp-json\/wp\/v2\/product_tag?post=41440"}],"curies":[{"name":"wp","href":"https:\/\/api.w.org\/{rel}","templated":true}]}}