{"id":41429,"date":"2025-11-22T14:22:10","date_gmt":"2025-11-22T12:22:10","guid":{"rendered":"https:\/\/www.nordi.ee\/?post_type=product&#038;p=41429"},"modified":"2025-11-23T21:01:30","modified_gmt":"2025-11-23T19:01:30","slug":"tammepuidust-kummut-kongo-loft-03","status":"publish","type":"product","link":"https:\/\/www.nordi.ee\/en\/toode\/tammepuidust-kummut-kongo-loft-03\/","title":{"rendered":"Tammepuidust kummut KONGO LOFT 03"},"content":{"rendered":"","protected":false},"excerpt":{"rendered":"<p data-start=\"84\" data-end=\"517\">Tammepuidust kummut Kongo Loft 03, laiusega 150 cm, on silmapaistev m\u00f6\u00f6bliese, mis sobib suurep\u00e4raselt loft-stiili austajatele. Selle minimalistlik disain harmoniseerub h\u00e4sti nii kaasaegsete koduruumidega kui ka b\u00fcroo- ja kabinetisisustusega. Esipaneel on valmistatud t\u00e4ispuidust tammest, mis on \u00f5litatud, et saavutada kaunis kuldne toon. Korpus on valmistatud vastupidavast laminaatplaadist, tagades m\u00f6\u00f6blile tugevuse ja pika eluea.<\/p>\n<p data-start=\"519\" data-end=\"936\">Kummut Kongo Loft 03 on loodud praktilist kasutust silmas pidades. Sellel on 3 sahtlit ja 4 kappi, mis pakuvad rohkelt hoiuruumi riietele, voodipesule v\u00f5i teistele vajalikele esemetele. Nii p\u00fcsib ruum korras ja k\u00f5ik vajalik on mugavalt k\u00e4eulatuses. Mustad metallk\u00e4epidemed lisavad m\u00f6\u00f6blile elegantsi ja kaasaegsust. Kummuti alumise osa keskel asub t\u00e4iendav metalljalg, mis toetab konstruktsiooni ja tagab stabiilsuse.<\/p>\n<p data-start=\"938\" data-end=\"1192\">\u00dcheks selle kummuti erip\u00e4raks on innovatiivne raam, mis \u00fchendab metalli ja komposiidimaterjali, andes m\u00f6\u00f6blile isikup\u00e4rase ja efektse v\u00e4limuse. Kui otsid m\u00f6\u00f6blieset, mis eristub teistest ja toimib ruumis pilgup\u00fc\u00fcdjana, on Kongo Loft 03 suurep\u00e4rane valik.<\/p>\n<p data-start=\"1194\" data-end=\"1265\">M\u00f6\u00f6bel saadetakse kolmes pakis ja on m\u00f5eldud iseseisvaks kokkupanekuks.<\/p>\n<hr data-start=\"1267\" data-end=\"1270\" \/>\n<p data-start=\"1272\" data-end=\"1290\"><strong data-start=\"1272\" data-end=\"1290\">Konstruktsioon<\/strong><\/p>\n<ul data-start=\"1292\" data-end=\"1524\">\n<li data-start=\"1292\" data-end=\"1317\">\n<p data-start=\"1294\" data-end=\"1317\"><strong data-start=\"1294\" data-end=\"1307\">Sihtkoht:<\/strong> elutuba<\/p>\n<\/li>\n<li data-start=\"1318\" data-end=\"1375\">\n<p data-start=\"1320\" data-end=\"1375\"><strong data-start=\"1320\" data-end=\"1354\">M\u00f5\u00f5dud (k\u00f5rgus\/laius\/s\u00fcgavus):<\/strong> 83,7 \u00d7 150 \u00d7 40 cm<\/p>\n<\/li>\n<li data-start=\"1376\" data-end=\"1405\">\n<p data-start=\"1378\" data-end=\"1405\"><strong data-start=\"1378\" data-end=\"1397\">Kaal pakendiga:<\/strong> 68 kg<\/p>\n<\/li>\n<li data-start=\"1406\" data-end=\"1524\">\n<p data-start=\"1408\" data-end=\"1524\"><strong data-start=\"1408\" data-end=\"1423\">Materjalid:<\/strong> tammepuit, tammepuitu imiteeriv laminaatplaat, must laminaatplaat, pulberv\u00e4rvitud teras, komposiit<\/p>\n<\/li>\n<\/ul>\n","protected":false},"featured_media":41430,"comment_status":"closed","ping_status":"closed","template":"","meta":{"_gspb_post_css":""},"product_brand":[34],"product_cat":[4067,165,4297],"product_tag":[],"class_list":{"0":"post-41429","1":"product","2":"type-product","3":"status-publish","4":"has-post-thumbnail","6":"product_brand-siudy","7":"product_cat-kummutid","8":"product_cat-elutuba","9":"product_cat-siudy","10":"pa_korgus-1286","11":"pa_laius-1938","12":"pa_sugavus-646","13":"pa_vahelaos-jah","15":"first","16":"instock","17":"sale","18":"purchasable","19":"product-type-simple"},"_links":{"self":[{"href":"https:\/\/www.nordi.ee\/en\/wp-json\/wp\/v2\/product\/41429","targetHints":{"allow":["GET"]}}],"collection":[{"href":"https:\/\/www.nordi.ee\/en\/wp-json\/wp\/v2\/product"}],"about":[{"href":"https:\/\/www.nordi.ee\/en\/wp-json\/wp\/v2\/types\/product"}],"replies":[{"embeddable":true,"href":"https:\/\/www.nordi.ee\/en\/wp-json\/wp\/v2\/comments?post=41429"}],"wp:featuredmedia":[{"embeddable":true,"href":"https:\/\/www.nordi.ee\/en\/wp-json\/wp\/v2\/media\/41430"}],"wp:attachment":[{"href":"https:\/\/www.nordi.ee\/en\/wp-json\/wp\/v2\/media?parent=41429"}],"wp:term":[{"taxonomy":"product_brand","embeddable":true,"href":"https:\/\/www.nordi.ee\/en\/wp-json\/wp\/v2\/product_brand?post=41429"},{"taxonomy":"product_cat","embeddable":true,"href":"https:\/\/www.nordi.ee\/en\/wp-json\/wp\/v2\/product_cat?post=41429"},{"taxonomy":"product_tag","embeddable":true,"href":"https:\/\/www.nordi.ee\/en\/wp-json\/wp\/v2\/product_tag?post=41429"}],"curies":[{"name":"wp","href":"https:\/\/api.w.org\/{rel}","templated":true}]}}