{"id":41419,"date":"2025-11-22T14:21:57","date_gmt":"2025-11-22T12:21:57","guid":{"rendered":"https:\/\/www.nordi.ee\/?post_type=product&#038;p=41419"},"modified":"2025-11-23T21:01:32","modified_gmt":"2025-11-23T19:01:32","slug":"tammepuidust-kummut-raro-05","status":"publish","type":"product","link":"https:\/\/www.nordi.ee\/en\/toode\/tammepuidust-kummut-raro-05\/","title":{"rendered":"Tammepuidust kummut RARO 05"},"content":{"rendered":"","protected":false},"excerpt":{"rendered":"<p data-start=\"96\" data-end=\"686\">Kitsas kummut RARO 05 on funktsionaalne m\u00f6\u00f6bliese, mida iseloomustab minimalistlik, kuid elegantne disain. Selle 85 cm laiune korpus on valmistatud tamme toonis laminaatplaadist ning sobitub suurep\u00e4raselt kokku \u00f5litatud tammepuidust esipaneeliga, mille soe kuldne v\u00e4rv loob harmoonilise terviku. Kummutil on mitu sisemist riiulit ning kahe uksega avamiss\u00fcsteem, mis muudab esemete organiseerimise mugavaks ja ruumikasutuse efektiivseks. See on suurep\u00e4rane valik neile, kes hindavad k\u00f5rget kvaliteeti ja julget stiili. T\u00e4nu laminaatplaadist pealispinnale on kummut v\u00e4ga lihtsasti puhastatav.<\/p>\n<p data-start=\"688\" data-end=\"1229\">RARO 05 sobib ideaalselt modernsetesse ja minimalistlikesse interj\u00f6\u00f6ridesse. Esipaneel on valmistatud tammepuidust, korpus (pealisplaat ja k\u00fcljed) aga tamme v\u00e4rvitooniga sobivast laminaatplaadist. Kahe ukse taga asub suur karastatud klaasist riiul, mis sobib igap\u00e4evaste esemete hoiustamiseks. T\u00e4iendava hoiuruumi loob \u00fclemine avatud ni\u0161\u0161, mis sobib elektroonikaseadmetele; tagapaneelis olev ava v\u00f5imaldab juhtmeid diskreetselt \u00e4ra peita. See kitsas kummut on ideaalne valik neile, kes otsivad kvaliteetset, stiilset ja kompaktset sisustust.<\/p>\n<p data-start=\"1231\" data-end=\"1305\">M\u00f6\u00f6bel saadetakse kahes pakis ja on ette n\u00e4htud iseseisvaks kokkupanekuks.<\/p>\n<hr data-start=\"1307\" data-end=\"1310\" \/>\n<p data-start=\"1312\" data-end=\"1330\"><strong data-start=\"1312\" data-end=\"1330\">Konstruktsioon<\/strong><\/p>\n<ul data-start=\"1332\" data-end=\"1532\">\n<li data-start=\"1332\" data-end=\"1370\">\n<p data-start=\"1334\" data-end=\"1370\"><strong data-start=\"1334\" data-end=\"1347\">Sihtkoht:<\/strong> elutuba, magamistuba<\/p>\n<\/li>\n<li data-start=\"1371\" data-end=\"1425\">\n<p data-start=\"1373\" data-end=\"1425\"><strong data-start=\"1373\" data-end=\"1407\">M\u00f5\u00f5dud (k\u00f5rgus\/laius\/s\u00fcgavus):<\/strong> 80 \u00d7 85 \u00d7 40 cm<\/p>\n<\/li>\n<li data-start=\"1426\" data-end=\"1512\">\n<p data-start=\"1428\" data-end=\"1512\"><strong data-start=\"1428\" data-end=\"1443\">Materjalid:<\/strong> tammepuit, laminaatplaat, toonitud karastatud klaas, klaas, metall<\/p>\n<\/li>\n<li data-start=\"1513\" data-end=\"1532\">\n<p data-start=\"1515\" data-end=\"1532\"><strong data-start=\"1515\" data-end=\"1524\">Kaal:<\/strong> 35 kg<\/p>\n<\/li>\n<\/ul>\n","protected":false},"featured_media":41420,"comment_status":"closed","ping_status":"closed","template":"","meta":{"_gspb_post_css":""},"product_brand":[34],"product_cat":[165,4067,4297],"product_tag":[],"class_list":{"0":"post-41419","1":"product","2":"type-product","3":"status-publish","4":"has-post-thumbnail","6":"product_brand-siudy","7":"product_cat-elutuba","8":"product_cat-kummutid","9":"product_cat-siudy","10":"pa_korgus-910","11":"pa_laius-785","12":"pa_sugavus-646","13":"pa_vahelaos-jah","15":"first","16":"instock","17":"sale","18":"purchasable","19":"product-type-simple"},"_links":{"self":[{"href":"https:\/\/www.nordi.ee\/en\/wp-json\/wp\/v2\/product\/41419","targetHints":{"allow":["GET"]}}],"collection":[{"href":"https:\/\/www.nordi.ee\/en\/wp-json\/wp\/v2\/product"}],"about":[{"href":"https:\/\/www.nordi.ee\/en\/wp-json\/wp\/v2\/types\/product"}],"replies":[{"embeddable":true,"href":"https:\/\/www.nordi.ee\/en\/wp-json\/wp\/v2\/comments?post=41419"}],"wp:featuredmedia":[{"embeddable":true,"href":"https:\/\/www.nordi.ee\/en\/wp-json\/wp\/v2\/media\/41420"}],"wp:attachment":[{"href":"https:\/\/www.nordi.ee\/en\/wp-json\/wp\/v2\/media?parent=41419"}],"wp:term":[{"taxonomy":"product_brand","embeddable":true,"href":"https:\/\/www.nordi.ee\/en\/wp-json\/wp\/v2\/product_brand?post=41419"},{"taxonomy":"product_cat","embeddable":true,"href":"https:\/\/www.nordi.ee\/en\/wp-json\/wp\/v2\/product_cat?post=41419"},{"taxonomy":"product_tag","embeddable":true,"href":"https:\/\/www.nordi.ee\/en\/wp-json\/wp\/v2\/product_tag?post=41419"}],"curies":[{"name":"wp","href":"https:\/\/api.w.org\/{rel}","templated":true}]}}