{"id":41409,"date":"2025-11-22T14:21:57","date_gmt":"2025-11-22T12:21:57","guid":{"rendered":"https:\/\/www.nordi.ee\/?post_type=product&#038;p=41409"},"modified":"2025-11-23T21:01:31","modified_gmt":"2025-11-23T19:01:31","slug":"tammepuidust-kummut-raro-20","status":"publish","type":"product","link":"https:\/\/www.nordi.ee\/en\/toode\/tammepuidust-kummut-raro-20\/","title":{"rendered":"Tammepuidust kummut RARO 20"},"content":{"rendered":"","protected":false},"excerpt":{"rendered":"<p data-start=\"107\" data-end=\"633\">Kummut Raro 20 on 180 cm pikkune tammepuidust m\u00f6\u00f6bliese, mis on kujundatud modernses stiilis. Kuldkollase tamme ja toonitud klaasi kombinatsioon annab kummutile elegantse v\u00e4limuse ning muudab selle suurep\u00e4raseks t\u00e4ienduseks nii elutoas kui ka magamistoas. Kummutil on 4 tammeust, mille taga paiknevad kolm riiulit \u2014 kaks karastatud klaasist ja \u00fcks laminaatplaadist. Lisaks on kummuti \u00fclaosas avatud ni\u0161\u0161, kuhu saab paigutada kuni 20 cm k\u00f5rguse teleriseadme v\u00f5i muu tehnika; tagapaneelis olev ava aitab kaablid kenasti varjata.<\/p>\n<p data-start=\"635\" data-end=\"1100\">Kummuti esipaneelid on valmistatud \u00f5litatud tammepuidust, millel on soe kuldne toon. Korpus \u2014 sh pealisplaat, k\u00fcljed ja sisemised pinnad \u2014 on valmistatud 3D-struktuuriga laminaatplaadist, mis j\u00e4ljendab t\u00e4iuslikult tammepuitu. T\u00e4nu kvaliteetsetele materjalidele ja hoolikale \u00f5litamisele on m\u00f6\u00f6blit lihtne puhastada ning see p\u00fcsib kaunis ja vastupidav pikka aega. Kummut Raro 20 on elegantne valik neile, kes hindavad silmapaistvat disaini ja tugevat konstruktsiooni.<\/p>\n<p data-start=\"1102\" data-end=\"1172\">M\u00f6\u00f6bel saadetakse kahes pakis ja on m\u00f5eldud iseseisvaks kokkupanekuks.<\/p>\n<hr data-start=\"1174\" data-end=\"1177\" \/>\n<p data-start=\"1179\" data-end=\"1197\"><strong data-start=\"1179\" data-end=\"1197\">Konstruktsioon<\/strong><\/p>\n<ul data-start=\"1199\" data-end=\"1407\">\n<li data-start=\"1199\" data-end=\"1237\">\n<p data-start=\"1201\" data-end=\"1237\"><strong data-start=\"1201\" data-end=\"1214\">Sihtkoht:<\/strong> elutuba, magamistuba<\/p>\n<\/li>\n<li data-start=\"1238\" data-end=\"1293\">\n<p data-start=\"1240\" data-end=\"1293\"><strong data-start=\"1240\" data-end=\"1274\">M\u00f5\u00f5dud (k\u00f5rgus\/laius\/s\u00fcgavus):<\/strong> 80 \u00d7 180 \u00d7 40 cm<\/p>\n<\/li>\n<li data-start=\"1294\" data-end=\"1380\">\n<p data-start=\"1296\" data-end=\"1380\"><strong data-start=\"1296\" data-end=\"1311\">Materjalid:<\/strong> tammepuit, laminaatplaat, toonitud karastatud klaas, klaas, metall<\/p>\n<\/li>\n<li data-start=\"1381\" data-end=\"1407\">\n<p data-start=\"1383\" data-end=\"1407\"><strong data-start=\"1383\" data-end=\"1399\">M\u00f6\u00f6bli kaal:<\/strong> 59 kg<\/p>\n<\/li>\n<\/ul>\n","protected":false},"featured_media":41410,"comment_status":"closed","ping_status":"closed","template":"","meta":{"_gspb_post_css":""},"product_brand":[34],"product_cat":[4067,165,205,4297],"product_tag":[],"class_list":{"0":"post-41409","1":"product","2":"type-product","3":"status-publish","4":"has-post-thumbnail","6":"product_brand-siudy","7":"product_cat-kummutid","8":"product_cat-elutuba","9":"product_cat-kapid","10":"product_cat-siudy","11":"pa_korgus-910","12":"pa_laius-1300","13":"pa_sugavus-646","14":"pa_vahelaos-jah","16":"first","17":"instock","18":"sale","19":"purchasable","20":"product-type-simple"},"_links":{"self":[{"href":"https:\/\/www.nordi.ee\/en\/wp-json\/wp\/v2\/product\/41409","targetHints":{"allow":["GET"]}}],"collection":[{"href":"https:\/\/www.nordi.ee\/en\/wp-json\/wp\/v2\/product"}],"about":[{"href":"https:\/\/www.nordi.ee\/en\/wp-json\/wp\/v2\/types\/product"}],"replies":[{"embeddable":true,"href":"https:\/\/www.nordi.ee\/en\/wp-json\/wp\/v2\/comments?post=41409"}],"wp:featuredmedia":[{"embeddable":true,"href":"https:\/\/www.nordi.ee\/en\/wp-json\/wp\/v2\/media\/41410"}],"wp:attachment":[{"href":"https:\/\/www.nordi.ee\/en\/wp-json\/wp\/v2\/media?parent=41409"}],"wp:term":[{"taxonomy":"product_brand","embeddable":true,"href":"https:\/\/www.nordi.ee\/en\/wp-json\/wp\/v2\/product_brand?post=41409"},{"taxonomy":"product_cat","embeddable":true,"href":"https:\/\/www.nordi.ee\/en\/wp-json\/wp\/v2\/product_cat?post=41409"},{"taxonomy":"product_tag","embeddable":true,"href":"https:\/\/www.nordi.ee\/en\/wp-json\/wp\/v2\/product_tag?post=41409"}],"curies":[{"name":"wp","href":"https:\/\/api.w.org\/{rel}","templated":true}]}}