{"id":41400,"date":"2025-11-22T14:21:57","date_gmt":"2025-11-22T12:21:57","guid":{"rendered":"https:\/\/www.nordi.ee\/?post_type=product&#038;p=41400"},"modified":"2025-11-23T21:01:31","modified_gmt":"2025-11-23T19:01:31","slug":"tammepuidust-kummut-raro-18","status":"publish","type":"product","link":"https:\/\/www.nordi.ee\/en\/toode\/tammepuidust-kummut-raro-18\/","title":{"rendered":"Tammepuidust kummut RARO 18"},"content":{"rendered":"","protected":false},"excerpt":{"rendered":"<p data-start=\"94\" data-end=\"595\">Lai kummut RARO 18 on modernse disainiga m\u00f6\u00f6bliese, mis on valmistatud \u00f5litatud tammepuidust. M\u00f6\u00f6bli erilisus tuleneb kaasaegsete vormide \u00fchendamisest traditsiooniliste materjalide ja universaalse v\u00e4rvitooniga. Ajatu disain tagab, et kummut m\u00f5jub stiilselt nii modernsetes ja minimalistlikes kui ka veidi klassikalisemates interj\u00f6\u00f6rides. Praktiline siselahendus sobib ideaalselt nii elutuppa kui ka s\u00f6\u00f6gituppa, aidates hoida korda ja v\u00f5imaldades samal ajal eksponeerida esemeid, mis on eriti olulised.<\/p>\n<p data-start=\"597\" data-end=\"1265\">180 cm pikkusel kummutil on kolm 28 cm k\u00f5rgust sahtlit ning kaks paari tamme- ja klaasuste kombinatsiooniga uksi. Uste taga asub karastatud klaasist riiul, mis v\u00f5imaldab kaunite esemete elegantset v\u00e4ljapanekut. Kummuti esipaneel on valmistatud \u00f5litatud tammepuidust ja toonitud karastatud klaasist ning seda t\u00e4iendavad stiilsed mustad k\u00e4epidemed. Korpus \u2014 k\u00fcljed ja pealisplaat \u2014 on valmistatud tammepuidu tooniga sobitatud laminaatplaadist. T\u00e4nu kasutatud materjalidele on m\u00f6\u00f6blit lihtne hooldada ja puhtana hoida. Kummuti sees on ka lisaks 20 cm k\u00f5rgune avatud riiul, mis sobib elektroonika jaoks; kaablid saab elegantselt tagapaneelis oleva avause kaudu v\u00e4lja tuua.<\/p>\n<p data-start=\"1267\" data-end=\"1338\">M\u00f6\u00f6bel saadetakse kolmes pakis ja on m\u00f5eldud iseseisvaks kokkupanekuks.<\/p>\n<hr data-start=\"1340\" data-end=\"1343\" \/>\n<p data-start=\"1345\" data-end=\"1363\"><strong data-start=\"1345\" data-end=\"1363\">Konstruktsioon<\/strong><\/p>\n<ul data-start=\"1365\" data-end=\"1568\">\n<li data-start=\"1365\" data-end=\"1403\">\n<p data-start=\"1367\" data-end=\"1403\"><strong data-start=\"1367\" data-end=\"1380\">Sihtkoht:<\/strong> elutuba, magamistuba<\/p>\n<\/li>\n<li data-start=\"1404\" data-end=\"1459\">\n<p data-start=\"1406\" data-end=\"1459\"><strong data-start=\"1406\" data-end=\"1440\">M\u00f5\u00f5dud (k\u00f5rgus\/laius\/s\u00fcgavus):<\/strong> 80 \u00d7 180 \u00d7 40 cm<\/p>\n<\/li>\n<li data-start=\"1460\" data-end=\"1546\">\n<p data-start=\"1462\" data-end=\"1546\"><strong data-start=\"1462\" data-end=\"1477\">Materjalid:<\/strong> tammepuit, laminaatplaat, toonitud karastatud klaas, klaas, metall<\/p>\n<\/li>\n<li data-start=\"1547\" data-end=\"1568\">\n<p data-start=\"1549\" data-end=\"1568\"><strong data-start=\"1549\" data-end=\"1558\">Kaal:<\/strong> 68,5 kg<\/p>\n<\/li>\n<\/ul>\n","protected":false},"featured_media":41401,"comment_status":"closed","ping_status":"closed","template":"","meta":{"_gspb_post_css":""},"product_brand":[34],"product_cat":[165,4067,4297],"product_tag":[],"class_list":{"0":"post-41400","1":"product","2":"type-product","3":"status-publish","4":"has-post-thumbnail","6":"product_brand-siudy","7":"product_cat-elutuba","8":"product_cat-kummutid","9":"product_cat-siudy","10":"pa_korgus-910","11":"pa_laius-1300","12":"pa_sugavus-646","13":"pa_vahelaos-jah","15":"first","16":"instock","17":"sale","18":"purchasable","19":"product-type-simple"},"_links":{"self":[{"href":"https:\/\/www.nordi.ee\/en\/wp-json\/wp\/v2\/product\/41400","targetHints":{"allow":["GET"]}}],"collection":[{"href":"https:\/\/www.nordi.ee\/en\/wp-json\/wp\/v2\/product"}],"about":[{"href":"https:\/\/www.nordi.ee\/en\/wp-json\/wp\/v2\/types\/product"}],"replies":[{"embeddable":true,"href":"https:\/\/www.nordi.ee\/en\/wp-json\/wp\/v2\/comments?post=41400"}],"wp:featuredmedia":[{"embeddable":true,"href":"https:\/\/www.nordi.ee\/en\/wp-json\/wp\/v2\/media\/41401"}],"wp:attachment":[{"href":"https:\/\/www.nordi.ee\/en\/wp-json\/wp\/v2\/media?parent=41400"}],"wp:term":[{"taxonomy":"product_brand","embeddable":true,"href":"https:\/\/www.nordi.ee\/en\/wp-json\/wp\/v2\/product_brand?post=41400"},{"taxonomy":"product_cat","embeddable":true,"href":"https:\/\/www.nordi.ee\/en\/wp-json\/wp\/v2\/product_cat?post=41400"},{"taxonomy":"product_tag","embeddable":true,"href":"https:\/\/www.nordi.ee\/en\/wp-json\/wp\/v2\/product_tag?post=41400"}],"curies":[{"name":"wp","href":"https:\/\/api.w.org\/{rel}","templated":true}]}}