{"id":41392,"date":"2025-11-22T14:21:57","date_gmt":"2025-11-22T12:21:57","guid":{"rendered":"https:\/\/www.nordi.ee\/?post_type=product&#038;p=41392"},"modified":"2025-11-23T21:01:31","modified_gmt":"2025-11-23T19:01:31","slug":"taispuidust-kummutid-raro-15","status":"publish","type":"product","link":"https:\/\/www.nordi.ee\/en\/toode\/taispuidust-kummutid-raro-15\/","title":{"rendered":"Tammepuidust kummut RARO 15"},"content":{"rendered":"","protected":false},"excerpt":{"rendered":"<p data-start=\"94\" data-end=\"156\"><strong data-start=\"94\" data-end=\"156\">Raro 15 \u2013 modernne tamme kummut toonitud klaasiga (150 cm)<\/strong><\/p>\n<p data-start=\"158\" data-end=\"396\">Raro 15 on stiilne ja praktiline tamme kummut, mis sobib suurep\u00e4raselt modernsesse ja minimalistlikku interj\u00f6\u00f6ri. Naturaalsetes toonides tammepuit, 3D-struktuuriga laminaat ja toonitud klaas loovad elegantse ning kaasaegse kompositsiooni.<\/p>\n<p data-start=\"398\" data-end=\"731\"><strong data-start=\"398\" data-end=\"442\">Elegantne disain ja funktsionaalsus \u00fches<\/strong><br data-start=\"442\" data-end=\"445\" \/>\u2022 Esipaneelid on valmistatud <strong data-start=\"474\" data-end=\"507\">naturaalsetest tammelaudadest<\/strong>, mis lisavad soojust ja kvaliteeti<br data-start=\"542\" data-end=\"545\" \/>\u2022 Ustel on <strong data-start=\"556\" data-end=\"585\">toonitud karastatud klaas<\/strong>, mis toob m\u00f6\u00f6blisse luksusliku aktsendi<br data-start=\"625\" data-end=\"628\" \/>\u2022 Korpus ja pealisplaat on valmistatud <strong data-start=\"667\" data-end=\"693\" data-is-only-node=\"\">3D-s\u00fcnkroonlaminaadist<\/strong>, mille toon sobib t\u00e4iuslikult tammega<\/p>\n<p data-start=\"733\" data-end=\"1026\"><strong data-start=\"733\" data-end=\"778\">Rohkelt hoiuruumi ja praktilisi lahendusi<\/strong><br data-start=\"778\" data-end=\"781\" \/>\u2022 <strong data-start=\"783\" data-end=\"803\">3 avarat sahtlit<\/strong> v\u00e4iksemate esemete, dokumentide v\u00f5i tekstiilide jaoks<br data-start=\"857\" data-end=\"860\" \/>\u2022 <strong data-start=\"862\" data-end=\"881\">Avatud \u00fclariiul<\/strong> igap\u00e4evaselt kasutatavate esemete v\u00f5i dekoratsioonide jaoks<br data-start=\"941\" data-end=\"944\" \/>\u2022 T\u00e4iuslik valik nii elutuppa kui magamistuppa \u2013 k\u00f5ik vajalik on alati k\u00e4eulatuses<\/p>\n<p data-start=\"1028\" data-end=\"1253\"><strong data-start=\"1028\" data-end=\"1044\">Toote andmed<\/strong><br data-start=\"1044\" data-end=\"1047\" \/>\u2022 M\u00f5\u00f5dud (K \u00d7 L \u00d7 S): <strong data-start=\"1069\" data-end=\"1089\">80 \u00d7 150 \u00d7 40 cm<\/strong><br data-start=\"1089\" data-end=\"1092\" \/>\u2022 Kaal: <strong data-start=\"1100\" data-end=\"1109\">62 kg<\/strong><br data-start=\"1109\" data-end=\"1112\" \/>\u2022 Materjalid: tammepuit, laminaatplaat, toonitud karastatud klaas, metall<br data-start=\"1185\" data-end=\"1188\" \/>\u2022 Tarnitakse <strong data-start=\"1201\" data-end=\"1212\">2 pakis<\/strong> ja m\u00f5eldud <strong data-start=\"1224\" data-end=\"1253\">iseseisvaks kokkupanekuks<\/strong><\/p>\n<p data-start=\"1255\" data-end=\"1414\" data-is-last-node=\"\" data-is-only-node=\"\">Raro 15 toob sinu koju <strong data-start=\"1278\" data-end=\"1349\">loodusliku tamme ilu, modernse detailit\u00e4psuse ja nutika hoiustamise<\/strong>, pakkudes t\u00e4iuslikku tasakaalu stiili ja funktsionaalsuse vahel.<\/p>\n","protected":false},"featured_media":41393,"comment_status":"closed","ping_status":"closed","template":"","meta":{"_gspb_post_css":""},"product_brand":[34],"product_cat":[165,4067,4297],"product_tag":[],"class_list":{"0":"post-41392","1":"product","2":"type-product","3":"status-publish","4":"has-post-thumbnail","6":"product_brand-siudy","7":"product_cat-elutuba","8":"product_cat-kummutid","9":"product_cat-siudy","10":"pa_korgus-910","11":"pa_laius-1938","12":"pa_sugavus-646","13":"pa_vahelaos-jah","15":"first","16":"instock","17":"sale","18":"purchasable","19":"product-type-simple"},"_links":{"self":[{"href":"https:\/\/www.nordi.ee\/en\/wp-json\/wp\/v2\/product\/41392","targetHints":{"allow":["GET"]}}],"collection":[{"href":"https:\/\/www.nordi.ee\/en\/wp-json\/wp\/v2\/product"}],"about":[{"href":"https:\/\/www.nordi.ee\/en\/wp-json\/wp\/v2\/types\/product"}],"replies":[{"embeddable":true,"href":"https:\/\/www.nordi.ee\/en\/wp-json\/wp\/v2\/comments?post=41392"}],"wp:featuredmedia":[{"embeddable":true,"href":"https:\/\/www.nordi.ee\/en\/wp-json\/wp\/v2\/media\/41393"}],"wp:attachment":[{"href":"https:\/\/www.nordi.ee\/en\/wp-json\/wp\/v2\/media?parent=41392"}],"wp:term":[{"taxonomy":"product_brand","embeddable":true,"href":"https:\/\/www.nordi.ee\/en\/wp-json\/wp\/v2\/product_brand?post=41392"},{"taxonomy":"product_cat","embeddable":true,"href":"https:\/\/www.nordi.ee\/en\/wp-json\/wp\/v2\/product_cat?post=41392"},{"taxonomy":"product_tag","embeddable":true,"href":"https:\/\/www.nordi.ee\/en\/wp-json\/wp\/v2\/product_tag?post=41392"}],"curies":[{"name":"wp","href":"https:\/\/api.w.org\/{rel}","templated":true}]}}