{"id":41379,"date":"2025-11-22T14:21:57","date_gmt":"2025-11-22T12:21:57","guid":{"rendered":"https:\/\/www.nordi.ee\/?post_type=product&#038;p=41379"},"modified":"2025-11-23T21:01:31","modified_gmt":"2025-11-23T19:01:31","slug":"taispuidust-kummut-raro-14","status":"publish","type":"product","link":"https:\/\/www.nordi.ee\/en\/toode\/taispuidust-kummut-raro-14\/","title":{"rendered":"Tammepuidust kummut  RARO 14"},"content":{"rendered":"","protected":false},"excerpt":{"rendered":"<p data-start=\"94\" data-end=\"169\"><strong data-start=\"94\" data-end=\"169\">Raro 14 \u2013 modernne ja elegantne tamme kummut toonitud klaasiga (125 cm)<\/strong><\/p>\n<p data-start=\"171\" data-end=\"387\">Raro 14 on stiilne ja praktiline kummut, mis on ideaalne t\u00e4iendus kaasaegsesse v\u00f5i minimalistlikku interj\u00f6\u00f6ri. Naturaalne tamm, toonitud klaas ja kvaliteetne laminaat loovad harmoonilise ja luksusliku kombinatsiooni.<\/p>\n<p data-start=\"389\" data-end=\"677\"><strong data-start=\"389\" data-end=\"435\">Kaunis disain naturaalsetest materjalidest<\/strong><br data-start=\"435\" data-end=\"438\" \/>\u2022 Esipaneelid valmistatud <strong data-start=\"464\" data-end=\"487\">t\u00e4ispuidust tammest<\/strong> kaunis naturaalses toonis<br data-start=\"513\" data-end=\"516\" \/>\u2022 Uste osal toonitud <strong data-start=\"537\" data-end=\"557\">karastatud klaas<\/strong>, mis lisab elegantsi<br data-start=\"578\" data-end=\"581\" \/>\u2022 Korpus ja pealisplaat vastupidavast <strong data-start=\"619\" data-end=\"639\" data-is-only-node=\"\">laminaatplaadist<\/strong>, mis sobitub t\u00e4iuslikult tammev\u00e4rviga<\/p>\n<p data-start=\"679\" data-end=\"959\"><strong data-start=\"679\" data-end=\"720\">Praktiline ja funktsionaalne paigutus<\/strong><br data-start=\"720\" data-end=\"723\" \/>\u2022 <strong data-start=\"725\" data-end=\"745\">3 avarat sahtlit<\/strong> v\u00e4iksemate esemete ja tarvikute hoiustamiseks<br data-start=\"791\" data-end=\"794\" \/>\u2022 <strong data-start=\"796\" data-end=\"815\">Avatud \u00fclariiul<\/strong> igap\u00e4evastele esemetele v\u00f5i dekoratiivsetele aktsentidele<br data-start=\"873\" data-end=\"876\" \/>\u2022 Suurep\u00e4rane valik nii elutuppa kui magamistuppa \u2013 k\u00f5ik oluline on alati k\u00e4ep\u00e4rast<\/p>\n<p data-start=\"961\" data-end=\"1186\"><strong data-start=\"961\" data-end=\"977\">Toote andmed<\/strong><br data-start=\"977\" data-end=\"980\" \/>\u2022 M\u00f5\u00f5dud (K \u00d7 L \u00d7 S): <strong data-start=\"1002\" data-end=\"1022\">80 \u00d7 125 \u00d7 40 cm<\/strong><br data-start=\"1022\" data-end=\"1025\" \/>\u2022 Kaal: <strong data-start=\"1033\" data-end=\"1042\">52 kg<\/strong><br data-start=\"1042\" data-end=\"1045\" \/>\u2022 Materjalid: tammepuit, laminaatplaat, toonitud karastatud klaas, metall<br data-start=\"1118\" data-end=\"1121\" \/>\u2022 Tarnitakse <strong data-start=\"1134\" data-end=\"1145\">2 pakis<\/strong> ja m\u00f5eldud <strong data-start=\"1157\" data-end=\"1186\">iseseisvaks kokkupanekuks<\/strong><\/p>\n<p data-start=\"1188\" data-end=\"1323\" data-is-last-node=\"\" data-is-only-node=\"\">Raro 14 \u00fchendab <strong data-start=\"1204\" data-end=\"1278\">kauni tammeviimistluse, modernsed klaasidetailid ja nutika hoiustamise<\/strong>, muutes ruumi stiilseks ja funktsionaalseks.<\/p>\n","protected":false},"featured_media":41380,"comment_status":"closed","ping_status":"closed","template":"","meta":{"_gspb_post_css":""},"product_brand":[34],"product_cat":[4067,165,4297],"product_tag":[],"class_list":{"0":"post-41379","1":"product","2":"type-product","3":"status-publish","4":"has-post-thumbnail","6":"product_brand-siudy","7":"product_cat-kummutid","8":"product_cat-elutuba","9":"product_cat-siudy","10":"pa_korgus-910","11":"pa_laius-2088","12":"pa_sugavus-646","13":"pa_vahelaos-ei","15":"first","16":"instock","17":"sale","18":"purchasable","19":"product-type-simple"},"_links":{"self":[{"href":"https:\/\/www.nordi.ee\/en\/wp-json\/wp\/v2\/product\/41379","targetHints":{"allow":["GET"]}}],"collection":[{"href":"https:\/\/www.nordi.ee\/en\/wp-json\/wp\/v2\/product"}],"about":[{"href":"https:\/\/www.nordi.ee\/en\/wp-json\/wp\/v2\/types\/product"}],"replies":[{"embeddable":true,"href":"https:\/\/www.nordi.ee\/en\/wp-json\/wp\/v2\/comments?post=41379"}],"wp:featuredmedia":[{"embeddable":true,"href":"https:\/\/www.nordi.ee\/en\/wp-json\/wp\/v2\/media\/41380"}],"wp:attachment":[{"href":"https:\/\/www.nordi.ee\/en\/wp-json\/wp\/v2\/media?parent=41379"}],"wp:term":[{"taxonomy":"product_brand","embeddable":true,"href":"https:\/\/www.nordi.ee\/en\/wp-json\/wp\/v2\/product_brand?post=41379"},{"taxonomy":"product_cat","embeddable":true,"href":"https:\/\/www.nordi.ee\/en\/wp-json\/wp\/v2\/product_cat?post=41379"},{"taxonomy":"product_tag","embeddable":true,"href":"https:\/\/www.nordi.ee\/en\/wp-json\/wp\/v2\/product_tag?post=41379"}],"curies":[{"name":"wp","href":"https:\/\/api.w.org\/{rel}","templated":true}]}}