{"id":41369,"date":"2025-11-22T14:21:57","date_gmt":"2025-11-22T12:21:57","guid":{"rendered":"https:\/\/www.nordi.ee\/?post_type=product&#038;p=41369"},"modified":"2025-11-23T21:01:31","modified_gmt":"2025-11-23T19:01:31","slug":"tammepuidust-kummut-raro-13","status":"publish","type":"product","link":"https:\/\/www.nordi.ee\/en\/toode\/tammepuidust-kummut-raro-13\/","title":{"rendered":"Tammepuidust kummut RARO 13"},"content":{"rendered":"","protected":false},"excerpt":{"rendered":"<p data-start=\"99\" data-end=\"577\">Kummut Raro 13 on efektne m\u00f6\u00f6bliese, mis toob igasse ruumi modernset stiili. Kummuti pikkus on 125 cm, k\u00f5rgus 80 cm ja s\u00fcgavus 40 cm. Selle peamiseks materjaliks on \u00f5litatud tammepuit, millel on loomulik kuldne toon, mida kasutatakse esipaneelidel. K\u00fclgedel ja pealisplaadil on s\u00fcnkroonstruktuuriga laminaat, mis sobib t\u00e4iuslikult kokku tamme soojade toonidega. Mustad k\u00e4epidemed ja stiilsed toonitud klaaspaneelid annavad Raro sarja kummutile iseloomuliku ja eristuva v\u00e4limuse.<\/p>\n<p data-start=\"579\" data-end=\"898\">Kummutil on 3 ust, mis jagavad sisemuse kolmeks sektsiooniks. M\u00f5lemal k\u00fcljel asuvad karastatud klaasist riiulid ning keskmises osas laminaatplaadist riiul. Kummuti \u00fclaosas on 20 cm k\u00f5rgune avatud riiul igap\u00e4evaste esemete jaoks ning sama k\u00f5rge ja lai ni\u0161\u0161, mis sobib ideaalselt teleriseadmetele v\u00f5i muudele tarvikutele.<\/p>\n<p data-start=\"900\" data-end=\"1260\">See m\u00f6\u00f6bliese paistab silma mitte ainult oma kvaliteetse teostuse, vaid ka suurep\u00e4rase stiili poolest. Kummut sobib h\u00e4sti modernsesse, minimalistlikku v\u00f5i isegi futuristlikku interj\u00f6\u00f6ri. T\u00e4nu laminaatkattele on pealisplaat v\u00e4ga lihtsasti puhastatav ning veele ja muudele vedelikele vastupidav. M\u00f6\u00f6bel on tugev, pilkup\u00fc\u00fcdev ja lisab ruumile oman\u00e4olist iseloomu.<\/p>\n<p data-start=\"1262\" data-end=\"1330\">Toode saadetakse pakendites ja on m\u00f5eldud iseseisvaks kokkupanekuks.<\/p>\n<hr data-start=\"1332\" data-end=\"1335\" \/>\n<p data-start=\"1337\" data-end=\"1355\"><strong data-start=\"1337\" data-end=\"1355\">Konstruktsioon<\/strong><\/p>\n<ul data-start=\"1357\" data-end=\"1567\">\n<li data-start=\"1357\" data-end=\"1395\">\n<p data-start=\"1359\" data-end=\"1395\"><strong data-start=\"1359\" data-end=\"1372\">Sihtkoht:<\/strong> elutuba, magamistuba<\/p>\n<\/li>\n<li data-start=\"1396\" data-end=\"1451\">\n<p data-start=\"1398\" data-end=\"1451\"><strong data-start=\"1398\" data-end=\"1432\">M\u00f5\u00f5dud (k\u00f5rgus\/laius\/s\u00fcgavus):<\/strong> 80 \u00d7 125 \u00d7 40 cm<\/p>\n<\/li>\n<li data-start=\"1452\" data-end=\"1538\">\n<p data-start=\"1454\" data-end=\"1538\"><strong data-start=\"1454\" data-end=\"1469\">Materjalid:<\/strong> tammepuit, laminaatplaat, toonitud karastatud klaas, klaas, metall<\/p>\n<\/li>\n<li data-start=\"1539\" data-end=\"1567\">\n<p data-start=\"1541\" data-end=\"1567\"><strong data-start=\"1541\" data-end=\"1557\">M\u00f6\u00f6bli kaal:<\/strong> 47,5 kg<\/p>\n<\/li>\n<\/ul>\n","protected":false},"featured_media":41370,"comment_status":"closed","ping_status":"closed","template":"","meta":{"_gspb_post_css":""},"product_brand":[34],"product_cat":[4067,165,4297],"product_tag":[],"class_list":{"0":"post-41369","1":"product","2":"type-product","3":"status-publish","4":"has-post-thumbnail","6":"product_brand-siudy","7":"product_cat-kummutid","8":"product_cat-elutuba","9":"product_cat-siudy","10":"pa_korgus-910","11":"pa_laius-2088","12":"pa_sugavus-646","13":"pa_vahelaos-jah","15":"first","16":"instock","17":"sale","18":"purchasable","19":"product-type-simple"},"_links":{"self":[{"href":"https:\/\/www.nordi.ee\/en\/wp-json\/wp\/v2\/product\/41369","targetHints":{"allow":["GET"]}}],"collection":[{"href":"https:\/\/www.nordi.ee\/en\/wp-json\/wp\/v2\/product"}],"about":[{"href":"https:\/\/www.nordi.ee\/en\/wp-json\/wp\/v2\/types\/product"}],"replies":[{"embeddable":true,"href":"https:\/\/www.nordi.ee\/en\/wp-json\/wp\/v2\/comments?post=41369"}],"wp:featuredmedia":[{"embeddable":true,"href":"https:\/\/www.nordi.ee\/en\/wp-json\/wp\/v2\/media\/41370"}],"wp:attachment":[{"href":"https:\/\/www.nordi.ee\/en\/wp-json\/wp\/v2\/media?parent=41369"}],"wp:term":[{"taxonomy":"product_brand","embeddable":true,"href":"https:\/\/www.nordi.ee\/en\/wp-json\/wp\/v2\/product_brand?post=41369"},{"taxonomy":"product_cat","embeddable":true,"href":"https:\/\/www.nordi.ee\/en\/wp-json\/wp\/v2\/product_cat?post=41369"},{"taxonomy":"product_tag","embeddable":true,"href":"https:\/\/www.nordi.ee\/en\/wp-json\/wp\/v2\/product_tag?post=41369"}],"curies":[{"name":"wp","href":"https:\/\/api.w.org\/{rel}","templated":true}]}}