{"id":41360,"date":"2025-11-22T14:21:57","date_gmt":"2025-11-22T12:21:57","guid":{"rendered":"https:\/\/www.nordi.ee\/?post_type=product&#038;p=41360"},"modified":"2025-11-23T21:01:31","modified_gmt":"2025-11-23T19:01:31","slug":"tammepuidust-kummut-bruno-35","status":"publish","type":"product","link":"https:\/\/www.nordi.ee\/en\/toode\/tammepuidust-kummut-bruno-35\/","title":{"rendered":"Tammepuidust kummut BRUNO 35"},"content":{"rendered":"","protected":false},"excerpt":{"rendered":"<p data-start=\"100\" data-end=\"580\">Tammepuidust kummut Bruno 35 on elegantne m\u00f6\u00f6bliese, mis on valmistatud kvaliteetsest tammepuidust. See on ideaalne valik neile, kes hindavad oma kodus lihtsust ja funktsionaalsust. Kummut pakub rohkelt hoiuruumi ning sobib suurep\u00e4raselt nii elutuppa kui ka s\u00f6\u00f6gituppa. M\u00f6\u00f6blil on kaks sahtlit ja neli tammepuidust ust, mille taga paiknevad viis riiulit, kuhu saab mugavalt paigutada k\u00f5ik olulised esemed. Oma muljetavaldava laiusega sobib see kummut h\u00e4sti ka avarasse kontorisse.<\/p>\n<p data-start=\"582\" data-end=\"1123\">Kummuti esipaneelid on valmistatud tammepuidust, korpus aga tammepuitu imiteerivast laminaatplaadist, mis on tekstuuri ja tooni poolest t\u00e4pselt tammega koosk\u00f5laline. K\u00f5ik uste hinged ja sahtlite siinid on varustatud vaikselt sulguva mehhanismiga. Bruno kollektsiooni iseloomulikuks tunnuseks on t\u00e4ispuidust freesitud k\u00e4epidemed. Esipaneelide rihveldis lisab m\u00f6\u00f6blile iseloomu ning tamme kuldne toon toob ruumi soojust ja hubasust. T\u00e4nu oma naturaalsusele sobib see kummut eriti h\u00e4sti rustikaalsetesse ja traditsioonilistesse interj\u00f6\u00f6ridesse.<\/p>\n<p data-start=\"1125\" data-end=\"1200\">M\u00f6\u00f6bel saadetakse kolmes pakis ja on ette n\u00e4htud iseseisvaks kokkupanekuks.<\/p>\n<hr data-start=\"1202\" data-end=\"1205\" \/>\n<p data-start=\"1207\" data-end=\"1225\"><strong data-start=\"1207\" data-end=\"1225\">Konstruktsioon<\/strong><\/p>\n<ul data-start=\"1227\" data-end=\"1407\">\n<li data-start=\"1227\" data-end=\"1265\">\n<p data-start=\"1229\" data-end=\"1265\"><strong data-start=\"1229\" data-end=\"1242\">Sihtkoht:<\/strong> elutuba, magamistuba<\/p>\n<\/li>\n<li data-start=\"1266\" data-end=\"1321\">\n<p data-start=\"1268\" data-end=\"1321\"><strong data-start=\"1268\" data-end=\"1302\">M\u00f5\u00f5dud (k\u00f5rgus\/laius\/s\u00fcgavus):<\/strong> 80 \u00d7 200 \u00d7 42 cm<\/p>\n<\/li>\n<li data-start=\"1322\" data-end=\"1387\">\n<p data-start=\"1324\" data-end=\"1387\"><strong data-start=\"1324\" data-end=\"1339\">Materjalid:<\/strong> tammepuit, tammepuitu imiteeriv laminaatplaat<\/p>\n<\/li>\n<li data-start=\"1388\" data-end=\"1407\">\n<p data-start=\"1390\" data-end=\"1407\"><strong data-start=\"1390\" data-end=\"1399\">Kaal:<\/strong> 73 kg<\/p>\n<\/li>\n<\/ul>\n","protected":false},"featured_media":41361,"comment_status":"closed","ping_status":"closed","template":"","meta":{"_gspb_post_css":""},"product_brand":[34],"product_cat":[165,4067,4297],"product_tag":[],"class_list":{"0":"post-41360","1":"product","2":"type-product","3":"status-publish","4":"has-post-thumbnail","6":"product_brand-siudy","7":"product_cat-elutuba","8":"product_cat-kummutid","9":"product_cat-siudy","10":"pa_korgus-910","11":"pa_laius-1019","12":"pa_sugavus-355","13":"pa_vahelaos-jah","15":"first","16":"instock","17":"sale","18":"purchasable","19":"product-type-simple"},"_links":{"self":[{"href":"https:\/\/www.nordi.ee\/en\/wp-json\/wp\/v2\/product\/41360","targetHints":{"allow":["GET"]}}],"collection":[{"href":"https:\/\/www.nordi.ee\/en\/wp-json\/wp\/v2\/product"}],"about":[{"href":"https:\/\/www.nordi.ee\/en\/wp-json\/wp\/v2\/types\/product"}],"replies":[{"embeddable":true,"href":"https:\/\/www.nordi.ee\/en\/wp-json\/wp\/v2\/comments?post=41360"}],"wp:featuredmedia":[{"embeddable":true,"href":"https:\/\/www.nordi.ee\/en\/wp-json\/wp\/v2\/media\/41361"}],"wp:attachment":[{"href":"https:\/\/www.nordi.ee\/en\/wp-json\/wp\/v2\/media?parent=41360"}],"wp:term":[{"taxonomy":"product_brand","embeddable":true,"href":"https:\/\/www.nordi.ee\/en\/wp-json\/wp\/v2\/product_brand?post=41360"},{"taxonomy":"product_cat","embeddable":true,"href":"https:\/\/www.nordi.ee\/en\/wp-json\/wp\/v2\/product_cat?post=41360"},{"taxonomy":"product_tag","embeddable":true,"href":"https:\/\/www.nordi.ee\/en\/wp-json\/wp\/v2\/product_tag?post=41360"}],"curies":[{"name":"wp","href":"https:\/\/api.w.org\/{rel}","templated":true}]}}