{"id":41351,"date":"2025-11-22T14:21:57","date_gmt":"2025-11-22T12:21:57","guid":{"rendered":"https:\/\/www.nordi.ee\/?post_type=product&#038;p=41351"},"modified":"2025-11-23T21:01:31","modified_gmt":"2025-11-23T19:01:31","slug":"taispuidust-kummut-bruno-19","status":"publish","type":"product","link":"https:\/\/www.nordi.ee\/en\/toode\/taispuidust-kummut-bruno-19\/","title":{"rendered":"Tammepuidust kummut BRUNO 19"},"content":{"rendered":"","protected":false},"excerpt":{"rendered":"<p data-start=\"108\" data-end=\"654\">Tammepuidust kummut Bruno 19, pikkusega 164 cm, \u00fchendab ajatu disaini ja praktilisuse. Selle esipaneel on valmistatud sertifitseeritud tammepuidust, mis on \u00f5litatud, et tagada m\u00f6\u00f6blile vastupidavus ja parem kaitse. Korpus \u2014 k\u00fcljed, pealisplaat ja sisemised pinnad \u2014 on valmistatud tammelaminaadist, mis on toonilt t\u00e4pselt sobitatud esipaneelidega. Nende materjalide kombinatsioon loob elegantse ja harmoonilise terviku. Kummut sobib nii traditsioonilistesse kui ka minimalistlikesse interj\u00f6\u00f6ridesse, haakudes h\u00e4sti kaasaegsete sisustustrendidega.<\/p>\n<p data-start=\"656\" data-end=\"1107\">Kummut on nelja uksega ja selle sisemuses on riiulid, mis v\u00f5imaldavad hoida esemeid korrastatult ja mugavalt. Minimalistlikud freesitud k\u00e4epidemed lisavad m\u00f6\u00f6blile iseloomu ja muudavad ustest avamise lihtsaks; uksed on varustatud vaikselt sulguvate hingede mehhanismiga. Bruno sarja erip\u00e4raks on esipaneelide dekoratiivne rihveldus, mis toob m\u00f6\u00f6blile juurde visuaalset iseloomu. Kummut sobib suurep\u00e4raselt nii magamistuppa, elutuppa kui ka kontorisse.<\/p>\n<p data-start=\"1109\" data-end=\"1179\">M\u00f6\u00f6bel saadetakse kahes pakis ja on m\u00f5eldud iseseisvaks kokkupanekuks.<\/p>\n<hr data-start=\"1181\" data-end=\"1184\" \/>\n<p data-start=\"1186\" data-end=\"1204\"><strong data-start=\"1186\" data-end=\"1204\">Konstruktsioon<\/strong><\/p>\n<ul data-start=\"1206\" data-end=\"1386\">\n<li data-start=\"1206\" data-end=\"1244\">\n<p data-start=\"1208\" data-end=\"1244\"><strong data-start=\"1208\" data-end=\"1221\">Sihtkoht:<\/strong> elutuba, magamistuba<\/p>\n<\/li>\n<li data-start=\"1245\" data-end=\"1300\">\n<p data-start=\"1247\" data-end=\"1300\"><strong data-start=\"1247\" data-end=\"1281\">M\u00f5\u00f5dud (k\u00f5rgus\/laius\/s\u00fcgavus):<\/strong> 80 \u00d7 164 \u00d7 42 cm<\/p>\n<\/li>\n<li data-start=\"1301\" data-end=\"1366\">\n<p data-start=\"1303\" data-end=\"1366\"><strong data-start=\"1303\" data-end=\"1318\">Materjalid:<\/strong> tammepuit, tammepuitu imiteeriv laminaatplaat<\/p>\n<\/li>\n<li data-start=\"1367\" data-end=\"1386\">\n<p data-start=\"1369\" data-end=\"1386\"><strong data-start=\"1369\" data-end=\"1378\">Kaal:<\/strong> 52 kg<\/p>\n<\/li>\n<\/ul>\n","protected":false},"featured_media":41352,"comment_status":"closed","ping_status":"closed","template":"","meta":{"_gspb_post_css":""},"product_brand":[34],"product_cat":[165,4067,4297],"product_tag":[],"class_list":{"0":"post-41351","1":"product","2":"type-product","3":"status-publish","4":"has-post-thumbnail","6":"product_brand-siudy","7":"product_cat-elutuba","8":"product_cat-kummutid","9":"product_cat-siudy","10":"pa_korgus-910","11":"pa_laius-1176","12":"pa_sugavus-355","13":"pa_vahelaos-jah","15":"first","16":"instock","17":"sale","18":"purchasable","19":"product-type-simple"},"_links":{"self":[{"href":"https:\/\/www.nordi.ee\/en\/wp-json\/wp\/v2\/product\/41351","targetHints":{"allow":["GET"]}}],"collection":[{"href":"https:\/\/www.nordi.ee\/en\/wp-json\/wp\/v2\/product"}],"about":[{"href":"https:\/\/www.nordi.ee\/en\/wp-json\/wp\/v2\/types\/product"}],"replies":[{"embeddable":true,"href":"https:\/\/www.nordi.ee\/en\/wp-json\/wp\/v2\/comments?post=41351"}],"wp:featuredmedia":[{"embeddable":true,"href":"https:\/\/www.nordi.ee\/en\/wp-json\/wp\/v2\/media\/41352"}],"wp:attachment":[{"href":"https:\/\/www.nordi.ee\/en\/wp-json\/wp\/v2\/media?parent=41351"}],"wp:term":[{"taxonomy":"product_brand","embeddable":true,"href":"https:\/\/www.nordi.ee\/en\/wp-json\/wp\/v2\/product_brand?post=41351"},{"taxonomy":"product_cat","embeddable":true,"href":"https:\/\/www.nordi.ee\/en\/wp-json\/wp\/v2\/product_cat?post=41351"},{"taxonomy":"product_tag","embeddable":true,"href":"https:\/\/www.nordi.ee\/en\/wp-json\/wp\/v2\/product_tag?post=41351"}],"curies":[{"name":"wp","href":"https:\/\/api.w.org\/{rel}","templated":true}]}}