{"id":41341,"date":"2025-11-22T14:21:57","date_gmt":"2025-11-22T12:21:57","guid":{"rendered":"https:\/\/www.nordi.ee\/?post_type=product&#038;p=41341"},"modified":"2025-11-23T21:01:31","modified_gmt":"2025-11-23T19:01:31","slug":"tammepuidust-kummut-bruno-10","status":"publish","type":"product","link":"https:\/\/www.nordi.ee\/en\/toode\/tammepuidust-kummut-bruno-10\/","title":{"rendered":"Tammepuidust kummut BRUNO 10"},"content":{"rendered":"","protected":false},"excerpt":{"rendered":"<p data-start=\"103\" data-end=\"651\">Elutoa kummut Bruno 10 on lihtne, kuid stiilne puidust m\u00f6\u00f6bliese, mis sobib suurep\u00e4raselt traditsioonilistesse ja rustikaalsetesse interj\u00f6\u00f6ridesse. See geomeetriline vorm on eelk\u00f5ige praktiline m\u00f6\u00f6blilahendus, mis leiab koha igas kodus. Avardatud hoiuruum on peidetud uste ja kolme vaikselt sulguva sahtli taha \u2014 sinna saab h\u00f5lpsasti paigutada lauan\u00f5usid, dokumente v\u00f5i dekoratsioone. Kummut Bruno 10 on ideaalne valik neile, kes hindavad praktilisust. Selle lihtne, kuid elegantne disain ja naturaalne viimistlus muudavad m\u00f6\u00f6bli ajatult stiilseks.<\/p>\n<p data-start=\"653\" data-end=\"1214\">Kummuti esipaneelid on valmistatud t\u00e4ispuidust tammest, korpus (pealisplaat, k\u00fcljed, riiulid ja sahtlite sisemused) aga tammepuitu imiteerivast laminaatplaadist, mis on toonilt eesosadega sobitatud ning j\u00e4ljendab naturaalse puidu mustrit. M\u00f6\u00f6bli v\u00e4limust iseloomustab universaalne ja ajatu disain koos l\u00e4bim\u00f5eldud detailidega: osa esipaneelidest on kaunistatud dekoratiivse rihveldusega ning traditsioonilised k\u00e4epidemed on asendatud peente freesitud avadega. T\u00e4nu korralikult \u00f5litatud pinnale on kummut vastupidav ja h\u00e4sti kaitstud v\u00e4iksemate m\u00e4\u00e4rdumiste eest.<\/p>\n<p data-start=\"1216\" data-end=\"1286\">M\u00f6\u00f6bel saadetakse kahes pakis ja on m\u00f5eldud iseseisvaks kokkupanekuks.<\/p>\n<hr data-start=\"1288\" data-end=\"1291\" \/>\n<p data-start=\"1293\" data-end=\"1311\"><strong data-start=\"1293\" data-end=\"1311\">Konstruktsioon<\/strong><\/p>\n<ul data-start=\"1313\" data-end=\"1501\">\n<li data-start=\"1313\" data-end=\"1359\">\n<p data-start=\"1315\" data-end=\"1359\"><strong data-start=\"1315\" data-end=\"1328\">Sihtkoht:<\/strong> elutuba, magamistuba, kontor<\/p>\n<\/li>\n<li data-start=\"1360\" data-end=\"1415\">\n<p data-start=\"1362\" data-end=\"1415\"><strong data-start=\"1362\" data-end=\"1396\">M\u00f5\u00f5dud (k\u00f5rgus\/laius\/s\u00fcgavus):<\/strong> 80 \u00d7 127 \u00d7 42 cm<\/p>\n<\/li>\n<li data-start=\"1416\" data-end=\"1481\">\n<p data-start=\"1418\" data-end=\"1481\"><strong data-start=\"1418\" data-end=\"1433\">Materjalid:<\/strong> tammepuit, tammepuitu imiteeriv laminaatplaat<\/p>\n<\/li>\n<li data-start=\"1482\" data-end=\"1501\">\n<p data-start=\"1484\" data-end=\"1501\"><strong data-start=\"1484\" data-end=\"1493\">Kaal:<\/strong> 54 kg<\/p>\n<\/li>\n<\/ul>\n","protected":false},"featured_media":41342,"comment_status":"closed","ping_status":"closed","template":"","meta":{"_gspb_post_css":""},"product_brand":[34],"product_cat":[165,4067,4297],"product_tag":[],"class_list":{"0":"post-41341","1":"product","2":"type-product","3":"status-publish","4":"has-post-thumbnail","6":"product_brand-siudy","7":"product_cat-elutuba","8":"product_cat-kummutid","9":"product_cat-siudy","10":"pa_korgus-910","11":"pa_laius-504","12":"pa_sugavus-355","13":"pa_vahelaos-jah","15":"first","16":"instock","17":"sale","18":"purchasable","19":"product-type-simple"},"_links":{"self":[{"href":"https:\/\/www.nordi.ee\/en\/wp-json\/wp\/v2\/product\/41341","targetHints":{"allow":["GET"]}}],"collection":[{"href":"https:\/\/www.nordi.ee\/en\/wp-json\/wp\/v2\/product"}],"about":[{"href":"https:\/\/www.nordi.ee\/en\/wp-json\/wp\/v2\/types\/product"}],"replies":[{"embeddable":true,"href":"https:\/\/www.nordi.ee\/en\/wp-json\/wp\/v2\/comments?post=41341"}],"wp:featuredmedia":[{"embeddable":true,"href":"https:\/\/www.nordi.ee\/en\/wp-json\/wp\/v2\/media\/41342"}],"wp:attachment":[{"href":"https:\/\/www.nordi.ee\/en\/wp-json\/wp\/v2\/media?parent=41341"}],"wp:term":[{"taxonomy":"product_brand","embeddable":true,"href":"https:\/\/www.nordi.ee\/en\/wp-json\/wp\/v2\/product_brand?post=41341"},{"taxonomy":"product_cat","embeddable":true,"href":"https:\/\/www.nordi.ee\/en\/wp-json\/wp\/v2\/product_cat?post=41341"},{"taxonomy":"product_tag","embeddable":true,"href":"https:\/\/www.nordi.ee\/en\/wp-json\/wp\/v2\/product_tag?post=41341"}],"curies":[{"name":"wp","href":"https:\/\/api.w.org\/{rel}","templated":true}]}}