{"id":41331,"date":"2025-11-22T14:21:57","date_gmt":"2025-11-22T12:21:57","guid":{"rendered":"https:\/\/www.nordi.ee\/?post_type=product&#038;p=41331"},"modified":"2025-11-23T21:01:31","modified_gmt":"2025-11-23T19:01:31","slug":"tamepuidust-kummut-bruno-05","status":"publish","type":"product","link":"https:\/\/www.nordi.ee\/en\/toode\/tamepuidust-kummut-bruno-05\/","title":{"rendered":"Tammepuidust kummut BRUNO 05"},"content":{"rendered":"","protected":false},"excerpt":{"rendered":"<p data-start=\"98\" data-end=\"523\">V\u00e4ike tammepuidust kummut Bruno 05, laiusega 90 cm, on lihtne kasutada ja samal ajal maitsekas sisustuselement, mis sobitub h\u00f5lpsasti erineva stiiliga interj\u00f6\u00f6ridesse. See on ideaalne lahendus v\u00e4iksematesse kodu- v\u00f5i kontoriruumidesse, pakkudes lisaruumi igap\u00e4evaste esemete, dokumentide v\u00f5i lauan\u00f5ude hoiustamiseks. Esipaneelide \u00fclaosas olev dekoratiivne rihveldus t\u00e4ispuidus lisab kummutile iseloomu ja visuaalset s\u00fcgavust.<\/p>\n<p data-start=\"525\" data-end=\"1109\">Kummuti esipaneelid on valmistatud \u00f5litatud ja sertifitseeritud tammepuidust, mis tagab kasutatud materjali k\u00f5rge kvaliteedi. Korpuse osad \u2014 pealisplaat ja k\u00fcljed \u2014 on valmistatud tammelaminaadist, mis on v\u00e4rvilt t\u00e4pselt sobitatud tammepuidust esipaneelidega. Kummut paistab silma mitte ainult praktilisusega, vaid ka kaunite detailidega, nagu elegantselt freesitud k\u00e4epidemed ja eriline uste konstruktsioon, mis loob harmoonilise ja \u00fchtse v\u00e4limuse. Bruno 05 on kompaktne hoiulahendus, kuid samal ajal ka efektne sisustuselement, mis sobib suurep\u00e4raselt nii elutuppa kui ka kabinetti.<\/p>\n<p data-start=\"1111\" data-end=\"1185\">M\u00f6\u00f6bel saadetakse kahes pakis ja on ette n\u00e4htud iseseisvaks kokkupanekuks.<\/p>\n<hr data-start=\"1187\" data-end=\"1190\" \/>\n<p data-start=\"1192\" data-end=\"1210\"><strong data-start=\"1192\" data-end=\"1210\">Konstruktsioon<\/strong><\/p>\n<ul data-start=\"1212\" data-end=\"1391\">\n<li data-start=\"1212\" data-end=\"1250\">\n<p data-start=\"1214\" data-end=\"1250\"><strong data-start=\"1214\" data-end=\"1227\">Sihtkoht:<\/strong> elutuba, magamistuba<\/p>\n<\/li>\n<li data-start=\"1251\" data-end=\"1305\">\n<p data-start=\"1253\" data-end=\"1305\"><strong data-start=\"1253\" data-end=\"1287\">M\u00f5\u00f5dud (k\u00f5rgus\/laius\/s\u00fcgavus):<\/strong> 80 \u00d7 90 \u00d7 42 cm<\/p>\n<\/li>\n<li data-start=\"1306\" data-end=\"1371\">\n<p data-start=\"1308\" data-end=\"1371\"><strong data-start=\"1308\" data-end=\"1323\">Materjalid:<\/strong> tammepuit, tammepuitu imiteeriv laminaatplaat<\/p>\n<\/li>\n<li data-start=\"1372\" data-end=\"1391\">\n<p data-start=\"1374\" data-end=\"1391\"><strong data-start=\"1374\" data-end=\"1383\">Kaal:<\/strong> 36 kg<\/p>\n<\/li>\n<\/ul>\n","protected":false},"featured_media":41332,"comment_status":"closed","ping_status":"closed","template":"","meta":{"_gspb_post_css":""},"product_brand":[34],"product_cat":[165,4067,4297],"product_tag":[],"class_list":{"0":"post-41331","1":"product","2":"type-product","3":"status-publish","4":"has-post-thumbnail","6":"product_brand-siudy","7":"product_cat-elutuba","8":"product_cat-kummutid","9":"product_cat-siudy","10":"pa_korgus-910","11":"pa_laius-349","12":"pa_sugavus-355","13":"pa_vahelaos-jah","15":"first","16":"instock","17":"sale","18":"purchasable","19":"product-type-simple"},"_links":{"self":[{"href":"https:\/\/www.nordi.ee\/en\/wp-json\/wp\/v2\/product\/41331","targetHints":{"allow":["GET"]}}],"collection":[{"href":"https:\/\/www.nordi.ee\/en\/wp-json\/wp\/v2\/product"}],"about":[{"href":"https:\/\/www.nordi.ee\/en\/wp-json\/wp\/v2\/types\/product"}],"replies":[{"embeddable":true,"href":"https:\/\/www.nordi.ee\/en\/wp-json\/wp\/v2\/comments?post=41331"}],"wp:featuredmedia":[{"embeddable":true,"href":"https:\/\/www.nordi.ee\/en\/wp-json\/wp\/v2\/media\/41332"}],"wp:attachment":[{"href":"https:\/\/www.nordi.ee\/en\/wp-json\/wp\/v2\/media?parent=41331"}],"wp:term":[{"taxonomy":"product_brand","embeddable":true,"href":"https:\/\/www.nordi.ee\/en\/wp-json\/wp\/v2\/product_brand?post=41331"},{"taxonomy":"product_cat","embeddable":true,"href":"https:\/\/www.nordi.ee\/en\/wp-json\/wp\/v2\/product_cat?post=41331"},{"taxonomy":"product_tag","embeddable":true,"href":"https:\/\/www.nordi.ee\/en\/wp-json\/wp\/v2\/product_tag?post=41331"}],"curies":[{"name":"wp","href":"https:\/\/api.w.org\/{rel}","templated":true}]}}