{"id":41171,"date":"2025-11-22T14:21:40","date_gmt":"2025-11-22T12:21:40","guid":{"rendered":"https:\/\/www.nordi.ee\/toode\/nowoczesna-komoda-loft-mono-03\/"},"modified":"2025-11-23T21:01:32","modified_gmt":"2025-11-23T19:01:32","slug":"tammepuidust-kummut-mono-03","status":"publish","type":"product","link":"https:\/\/www.nordi.ee\/en\/toode\/tammepuidust-kummut-mono-03\/","title":{"rendered":"Tammepuidust kummut Mono 03"},"content":{"rendered":"","protected":false},"excerpt":{"rendered":"<article class=\"text-token-text-primary w-full focus:outline-none [--shadow-height:45px] has-data-writing-block:pointer-events-none has-data-writing-block:-mt-(--shadow-height) has-data-writing-block:pt-(--shadow-height) [&amp;:has([data-writing-block])&gt;*]:pointer-events-auto [content-visibility:auto] supports-[content-visibility:auto]:[contain-intrinsic-size:auto_100lvh] scroll-mt-[calc(var(--header-height)+min(200px,max(70px,20svh)))]\" dir=\"auto\" tabindex=\"-1\" data-turn-id=\"request-WEB:f38140c5-7a75-46d6-9c94-e9cef67e5631-13\" data-testid=\"conversation-turn-28\" data-scroll-anchor=\"true\" data-turn=\"assistant\">\n<div class=\"text-base my-auto mx-auto pb-10 [--thread-content-margin:--spacing(4)] thread-sm:[--thread-content-margin:--spacing(6)] thread-lg:[--thread-content-margin:--spacing(16)] px-(--thread-content-margin)\">\n<div class=\"[--thread-content-max-width:40rem] thread-lg:[--thread-content-max-width:48rem] mx-auto max-w-(--thread-content-max-width) flex-1 group\/turn-messages focus-visible:outline-hidden relative flex w-full min-w-0 flex-col agent-turn\" tabindex=\"-1\">\n<div class=\"flex max-w-full flex-col grow\">\n<div class=\"min-h-8 text-message relative flex w-full flex-col items-end gap-2 text-start break-words whitespace-normal [.text-message+&amp;]:mt-1\" dir=\"auto\" data-message-author-role=\"assistant\" data-message-id=\"cdd57dda-ca86-4b29-9cfc-aa035b032a02\" data-message-model-slug=\"gpt-5-1\">\n<div class=\"flex w-full flex-col gap-1 empty:hidden first:pt-[1px]\">\n<div class=\"markdown prose dark:prose-invert w-full break-words light markdown-new-styling\">\n<p data-start=\"77\" data-end=\"154\"><strong data-start=\"77\" data-end=\"154\">Mono Loft 03 \u2013 modernne 180 cm laiune kummut tamme ja mustade detailidega<\/strong><\/p>\n<p data-start=\"156\" data-end=\"376\">Mono Loft 03 on ideaalne valik avarasse elutuppa, kaasaegsesse kontorisse v\u00f5i loft-stiilis s\u00f6\u00f6gituppa. See 180 cm laiune modernne kummut pakub <strong data-start=\"299\" data-end=\"318\">palju hoiuruumi<\/strong> ning aitab s\u00e4ilitada korras ja organiseeritud interj\u00f6\u00f6ri.<\/p>\n<p data-start=\"378\" data-end=\"720\"><strong data-start=\"378\" data-end=\"411\">Praktiline ja mahukas sisemus<\/strong><br data-start=\"411\" data-end=\"414\" \/>\u2022 4-ukseline konstruktsioon<br data-start=\"441\" data-end=\"444\" \/>\u2022 <strong data-start=\"446\" data-end=\"466\">5 avarat riiulit<\/strong> igap\u00e4evaste esemete, n\u00f5ude, dokumentide v\u00f5i tekstiilide hoidmiseks<br data-start=\"533\" data-end=\"536\" \/>\u2022 Suur <strong data-start=\"543\" data-end=\"562\">keskmine sahtel<\/strong> \u2013 ideaalne s\u00f6\u00f6giriistade, ehete v\u00f5i v\u00e4iksemate tarvikute jaoks<br data-start=\"625\" data-end=\"628\" data-is-only-node=\"\" \/>\u2022 Vaikselt sulguvad hinges\u00fcsteemid ja sahtlisiinid tagavad mugava, pehme ja h\u00e4\u00e4letu kasutuse<\/p>\n<p data-start=\"722\" data-end=\"1062\"><strong data-start=\"722\" data-end=\"771\">Kvaliteetsed materjalid ja stiilne viimistlus<\/strong><br data-start=\"771\" data-end=\"774\" \/>\u2022 Esipaneelid: <strong data-start=\"789\" data-end=\"825\">\u00f5litatud tammepuit Bianco toonis<\/strong><br data-start=\"825\" data-end=\"828\" \/>\u2022 Korpus ja sisu: tamme v\u00e4rviga sobiv <strong data-start=\"866\" data-end=\"883\">laminaatplaat<\/strong><br data-start=\"883\" data-end=\"886\" \/>\u2022 Mustad minimalistlikud k\u00e4epidemed ja dekoratiivliist lisavad modernset kontrasti<br data-start=\"968\" data-end=\"971\" \/>\u2022 Tugev metallist p\u00f5hjaraam\/p\u00f6\u00f6rajalg tagab stabiilsuse ja industriaalstiilis v\u00e4ljan\u00e4gemise<\/p>\n<p data-start=\"1064\" data-end=\"1290\"><strong data-start=\"1064\" data-end=\"1080\">Toote andmed<\/strong><br data-start=\"1080\" data-end=\"1083\" \/>\u2022 M\u00f5\u00f5dud (K \u00d7 L \u00d7 S): <strong data-start=\"1105\" data-end=\"1127\">92,5 \u00d7 180 \u00d7 42 cm<\/strong><br data-start=\"1127\" data-end=\"1130\" \/>\u2022 Materjalid: tammepuit, laminaatplaat, metall, alumiinium, plastik, HDF tagaplaat<br data-start=\"1212\" data-end=\"1215\" \/>\u2022 Tarnitakse <strong data-start=\"1228\" data-end=\"1244\">kolmes pakis<\/strong> ning on m\u00f5eldud <strong data-start=\"1261\" data-end=\"1290\">iseseisvaks kokkupanekuks<\/strong><\/p>\n<p data-start=\"1292\" data-end=\"1413\" data-is-last-node=\"\" data-is-only-node=\"\">Mono Loft 03 \u00fchendab <strong data-start=\"1313\" data-end=\"1363\">funktsionaalsuse, mahukuse ja modernse disaini<\/strong>, tuues sinu ruumi stiili ja praktilisust korraga.<\/p>\n<\/div>\n<\/div>\n<\/div>\n<\/div>\n<div class=\"z-0 flex min-h-[46px] justify-start\"><\/div>\n<div class=\"mt-3 w-full empty:hidden\">\n<div class=\"text-center\"><\/div>\n<\/div>\n<\/div>\n<\/div>\n<\/article>\n<div class=\"pointer-events-none h-px w-px\" aria-hidden=\"true\" data-edge=\"true\"><\/div>\n","protected":false},"featured_media":41172,"comment_status":"closed","ping_status":"closed","template":"","meta":{"_gspb_post_css":""},"product_brand":[34],"product_cat":[4067,4297],"product_tag":[],"class_list":{"0":"post-41171","1":"product","2":"type-product","3":"status-publish","4":"has-post-thumbnail","6":"product_brand-siudy","7":"product_cat-kummutid","8":"product_cat-siudy","9":"pa_korgus-301","10":"pa_laius-1300","11":"pa_sugavus-355","12":"pa_vahelaos-jah","14":"first","15":"instock","16":"sale","17":"purchasable","18":"product-type-simple"},"_links":{"self":[{"href":"https:\/\/www.nordi.ee\/en\/wp-json\/wp\/v2\/product\/41171","targetHints":{"allow":["GET"]}}],"collection":[{"href":"https:\/\/www.nordi.ee\/en\/wp-json\/wp\/v2\/product"}],"about":[{"href":"https:\/\/www.nordi.ee\/en\/wp-json\/wp\/v2\/types\/product"}],"replies":[{"embeddable":true,"href":"https:\/\/www.nordi.ee\/en\/wp-json\/wp\/v2\/comments?post=41171"}],"wp:featuredmedia":[{"embeddable":true,"href":"https:\/\/www.nordi.ee\/en\/wp-json\/wp\/v2\/media\/41172"}],"wp:attachment":[{"href":"https:\/\/www.nordi.ee\/en\/wp-json\/wp\/v2\/media?parent=41171"}],"wp:term":[{"taxonomy":"product_brand","embeddable":true,"href":"https:\/\/www.nordi.ee\/en\/wp-json\/wp\/v2\/product_brand?post=41171"},{"taxonomy":"product_cat","embeddable":true,"href":"https:\/\/www.nordi.ee\/en\/wp-json\/wp\/v2\/product_cat?post=41171"},{"taxonomy":"product_tag","embeddable":true,"href":"https:\/\/www.nordi.ee\/en\/wp-json\/wp\/v2\/product_tag?post=41171"}],"curies":[{"name":"wp","href":"https:\/\/api.w.org\/{rel}","templated":true}]}}