{"id":41162,"date":"2025-11-22T14:21:40","date_gmt":"2025-11-22T12:21:40","guid":{"rendered":"https:\/\/www.nordi.ee\/toode\/komoda-dbowa-na-metalowych-nogach-mono-loft-32\/"},"modified":"2025-11-23T21:01:32","modified_gmt":"2025-11-23T19:01:32","slug":"tammepuidust-kummut-mono-loft-32","status":"publish","type":"product","link":"https:\/\/www.nordi.ee\/en\/toode\/tammepuidust-kummut-mono-loft-32\/","title":{"rendered":"Tammepuidust kummut Mono LOFT 32"},"content":{"rendered":"","protected":false},"excerpt":{"rendered":"<p data-start=\"77\" data-end=\"142\"><strong data-start=\"77\" data-end=\"142\">Mono Loft 32 \u2013 kompaktne tamme kummut mustadel metalljalgadel<\/strong><\/p>\n<p data-start=\"144\" data-end=\"383\">Mono Loft 32 on stiilne ja funktsionaalne kummut, mis sobib suurep\u00e4raselt loft-, modernsesse v\u00f5i minimalistlikku interj\u00f6\u00f6ri. T\u00e4nu kompaktsele laiusele <strong data-start=\"295\" data-end=\"305\">131 cm<\/strong> leiab see h\u00f5lpsasti koha nii elutoas, s\u00f6\u00f6gitoas, magamistoas kui ka kontoris.<\/p>\n<p data-start=\"385\" data-end=\"695\"><strong data-start=\"385\" data-end=\"423\">Mahukas ja praktiline siselahendus<\/strong><br data-start=\"423\" data-end=\"426\" \/>\u2022 3-ukseline konstruktsioon<br data-start=\"453\" data-end=\"456\" \/>\u2022 Avarad sisemised riiulid igap\u00e4evaste esemete, n\u00f5ude v\u00f5i tekstiilide hoiustamiseks<br data-start=\"539\" data-end=\"542\" \/>\u2022 <strong data-start=\"544\" data-end=\"563\">Keskmine sahtel<\/strong> \u2013 ideaalne s\u00f6\u00f6giriistade, ehete v\u00f5i v\u00e4iksemate tarvikute jaoks<br data-start=\"626\" data-end=\"629\" \/>\u2022 Vaikselt sulguvad mehhanismid tagavad sujuva ja h\u00e4\u00e4letu kasutuse<\/p>\n<p data-start=\"697\" data-end=\"1063\"><strong data-start=\"697\" data-end=\"736\">Kvaliteetne tamm ja modernne metall<\/strong><br data-start=\"736\" data-end=\"739\" \/>\u2022 Esipaneelid on valmistatud <strong data-start=\"768\" data-end=\"792\">\u00f5litatud t\u00e4istammest<\/strong> Bianco toonis<br data-start=\"806\" data-end=\"809\" \/>\u2022 Korpus ja sisemus: tammev\u00e4rvi <strong data-start=\"841\" data-end=\"858\">laminaatplaat<\/strong>, mis on vastupidav ja hooldusmugav<br data-start=\"893\" data-end=\"896\" \/>\u2022 Mustad pulberv\u00e4rvitud <strong data-start=\"920\" data-end=\"943\" data-is-only-node=\"\">terasest p\u00f6\u00f6rajalad<\/strong> annavad industriaalset iseloomu<br data-start=\"975\" data-end=\"978\" \/>\u2022 Minimalistlikud alumiiniumk\u00e4epidemed ja dekoratiivliist lisavad modernset elegantsi<\/p>\n<p data-start=\"1065\" data-end=\"1282\"><strong data-start=\"1065\" data-end=\"1081\">Toote andmed<\/strong><br data-start=\"1081\" data-end=\"1084\" \/>\u2022 M\u00f5\u00f5dud (K \u00d7 L \u00d7 S): <strong data-start=\"1106\" data-end=\"1126\">92 \u00d7 131 \u00d7 42 cm<\/strong><br data-start=\"1126\" data-end=\"1129\" \/>\u2022 Materjalid: tammepuit, laminaatplaat, metall, alumiinium, plastik, HDF tagaplaat<br data-start=\"1211\" data-end=\"1214\" \/>\u2022 Tarnitakse <strong data-start=\"1227\" data-end=\"1238\">3 pakis<\/strong> ja on m\u00f5eldud <strong data-start=\"1253\" data-end=\"1282\">iseseisvaks kokkupanekuks<\/strong><\/p>\n<p data-start=\"1284\" data-end=\"1435\" data-is-last-node=\"\" data-is-only-node=\"\">Mono Loft 31 on stiilne ja vastupidav kummut, mis \u00fchendab <strong data-start=\"1342\" data-end=\"1388\">modernse disaini ja praktilise hoiustamise<\/strong>, sobides ideaalselt ka v\u00e4iksemasse interj\u00f6\u00f6ri.<\/p>\n","protected":false},"featured_media":41163,"comment_status":"closed","ping_status":"closed","template":"","meta":{"_gspb_post_css":""},"product_brand":[34],"product_cat":[4067,4297],"product_tag":[],"class_list":{"0":"post-41162","1":"product","2":"type-product","3":"status-publish","4":"has-post-thumbnail","6":"product_brand-siudy","7":"product_cat-kummutid","8":"product_cat-siudy","9":"pa_korgus-758","10":"pa_laius-4268","11":"pa_sugavus-355","12":"pa_vahelaos-jah","14":"first","15":"instock","16":"sale","17":"purchasable","18":"product-type-simple"},"_links":{"self":[{"href":"https:\/\/www.nordi.ee\/en\/wp-json\/wp\/v2\/product\/41162","targetHints":{"allow":["GET"]}}],"collection":[{"href":"https:\/\/www.nordi.ee\/en\/wp-json\/wp\/v2\/product"}],"about":[{"href":"https:\/\/www.nordi.ee\/en\/wp-json\/wp\/v2\/types\/product"}],"replies":[{"embeddable":true,"href":"https:\/\/www.nordi.ee\/en\/wp-json\/wp\/v2\/comments?post=41162"}],"wp:featuredmedia":[{"embeddable":true,"href":"https:\/\/www.nordi.ee\/en\/wp-json\/wp\/v2\/media\/41163"}],"wp:attachment":[{"href":"https:\/\/www.nordi.ee\/en\/wp-json\/wp\/v2\/media?parent=41162"}],"wp:term":[{"taxonomy":"product_brand","embeddable":true,"href":"https:\/\/www.nordi.ee\/en\/wp-json\/wp\/v2\/product_brand?post=41162"},{"taxonomy":"product_cat","embeddable":true,"href":"https:\/\/www.nordi.ee\/en\/wp-json\/wp\/v2\/product_cat?post=41162"},{"taxonomy":"product_tag","embeddable":true,"href":"https:\/\/www.nordi.ee\/en\/wp-json\/wp\/v2\/product_tag?post=41162"}],"curies":[{"name":"wp","href":"https:\/\/api.w.org\/{rel}","templated":true}]}}