{"id":41120,"date":"2025-11-22T14:21:40","date_gmt":"2025-11-22T12:21:40","guid":{"rendered":"https:\/\/www.nordi.ee\/toode\/komoda-dbowa-napoli-10\/"},"modified":"2025-11-23T21:01:32","modified_gmt":"2025-11-23T19:01:32","slug":"puidust-kummut-napoli-10","status":"publish","type":"product","link":"https:\/\/www.nordi.ee\/en\/toode\/puidust-kummut-napoli-10\/","title":{"rendered":"Tammepuidust kummut NAPOLI 10"},"content":{"rendered":"","protected":false},"excerpt":{"rendered":"<article class=\"text-token-text-primary w-full focus:outline-none [--shadow-height:45px] has-data-writing-block:pointer-events-none has-data-writing-block:-mt-(--shadow-height) has-data-writing-block:pt-(--shadow-height) [&amp;:has([data-writing-block])&gt;*]:pointer-events-auto [content-visibility:auto] supports-[content-visibility:auto]:[contain-intrinsic-size:auto_100lvh] scroll-mt-[calc(var(--header-height)+min(200px,max(70px,20svh)))]\" dir=\"auto\" tabindex=\"-1\" data-turn-id=\"request-WEB:f38140c5-7a75-46d6-9c94-e9cef67e5631-16\" data-testid=\"conversation-turn-34\" data-scroll-anchor=\"true\" data-turn=\"assistant\">\n<div class=\"text-base my-auto mx-auto pb-10 [--thread-content-margin:--spacing(4)] thread-sm:[--thread-content-margin:--spacing(6)] thread-lg:[--thread-content-margin:--spacing(16)] px-(--thread-content-margin)\">\n<div class=\"[--thread-content-max-width:40rem] thread-lg:[--thread-content-max-width:48rem] mx-auto max-w-(--thread-content-max-width) flex-1 group\/turn-messages focus-visible:outline-hidden relative flex w-full min-w-0 flex-col agent-turn\" tabindex=\"-1\">\n<div class=\"flex max-w-full flex-col grow\">\n<div class=\"min-h-8 text-message relative flex w-full flex-col items-end gap-2 text-start break-words whitespace-normal [.text-message+&amp;]:mt-1\" dir=\"auto\" data-message-author-role=\"assistant\" data-message-id=\"78286fdd-cf2c-438c-b03f-1494bb8c2617\" data-message-model-slug=\"gpt-5-1\">\n<div class=\"flex w-full flex-col gap-1 empty:hidden first:pt-[1px]\">\n<div class=\"markdown prose dark:prose-invert w-full break-words light markdown-new-styling\">\n<p data-start=\"77\" data-end=\"159\"><strong data-start=\"77\" data-end=\"159\">Napoli 10 \u2013 minimalistlik tamme kummut modernsesse ja klassikalisse interj\u00f6\u00f6ri<\/strong><\/p>\n<p data-start=\"161\" data-end=\"434\">Napoli 10 on elegantne, funktsionaalne ja ajatu kummut, mis sobib suurep\u00e4raselt nii kaasaegsesse elutuppa, magamistuppa kui ka kontorisse. Minimalistlik disain ja praktiline siselahendus muudavad selle t\u00e4iuslikuks m\u00f6\u00f6bliesemeks neile, kes hindavad nii ilu kui ka korrap\u00e4ra.<\/p>\n<p data-start=\"436\" data-end=\"726\"><strong data-start=\"436\" data-end=\"476\">Rohkelt hoiuruumi ja organiseeritust<\/strong><br data-start=\"476\" data-end=\"479\" \/>\u2022 3 avarat sahtlit<br data-start=\"497\" data-end=\"500\" \/>\u2022 3 riiulit t\u00e4ispuidust ustega peidetud sektsioonides<br data-start=\"553\" data-end=\"556\" \/>\u2022 Vaikselt sulguvad siinid ja hinges\u00fcsteemid tagavad pehme ja h\u00e4\u00e4letu kasutuse<br data-start=\"634\" data-end=\"637\" \/>\u2022 T\u00e4iuslik lahendus igap\u00e4evaste esemete, dokumentide, tekstiilide v\u00f5i n\u00f5ude hoiustamiseks<\/p>\n<p data-start=\"728\" data-end=\"1099\"><strong data-start=\"728\" data-end=\"776\">Kvaliteetne materjal ja tugev konstruktsioon<\/strong><br data-start=\"776\" data-end=\"779\" \/>\u2022 Esipaneelid valmistatud <strong data-start=\"805\" data-end=\"828\">t\u00e4ispuidust tammest<\/strong><br data-start=\"828\" data-end=\"831\" \/>\u2022 K\u00fclgedel vastupidav <strong data-start=\"853\" data-end=\"868\">tamme spoon<\/strong><br data-start=\"868\" data-end=\"871\" \/>\u2022 Sisemus: <strong data-start=\"882\" data-end=\"902\">s\u00fcnkroonlaminaat<\/strong> naturaalse puidus\u00fc\u00fc tekstuuriga<br data-start=\"934\" data-end=\"937\" data-is-only-node=\"\" \/>\u2022 Paksud t\u00e4istammest jalad tagavad stabiilsuse, spetsiaalsed kaitsetallad hoiavad p\u00f5randa kriimustustest<br data-start=\"1041\" data-end=\"1044\" \/>\u2022 Stiili t\u00e4iustavad elegantsed <strong data-start=\"1075\" data-end=\"1099\">freesitud k\u00e4epidemed<\/strong><\/p>\n<p data-start=\"1101\" data-end=\"1312\"><strong data-start=\"1101\" data-end=\"1117\">Toote andmed<\/strong><br data-start=\"1117\" data-end=\"1120\" \/>\u2022 M\u00f5\u00f5dud (K \u00d7 L \u00d7 S): <strong data-start=\"1142\" data-end=\"1162\">95 \u00d7 142 \u00d7 40 cm<\/strong><br data-start=\"1162\" data-end=\"1165\" \/>\u2022 Kaal pakendiga: <strong data-start=\"1183\" data-end=\"1192\">63 kg<\/strong><br data-start=\"1192\" data-end=\"1195\" \/>\u2022 Materjalid: t\u00e4ispuit tamm, tammespoon, laminaat<br data-start=\"1244\" data-end=\"1247\" \/>\u2022 Tarnitakse <strong data-start=\"1260\" data-end=\"1271\">2 pakis<\/strong> ja m\u00f5eldud <strong data-start=\"1283\" data-end=\"1312\">iseseisvaks kokkupanekuks<\/strong><\/p>\n<p data-start=\"1314\" data-end=\"1458\" data-is-last-node=\"\" data-is-only-node=\"\">Napoli 10 kummut \u00fchendab <strong data-start=\"1339\" data-end=\"1409\">ajatu disaini, kvaliteetse k\u00e4sit\u00f6\u00f6 ja maksimaalse funktsionaalsuse<\/strong>, t\u00e4iustades iga ruumi stiilselt ja praktiliselt.<\/p>\n<\/div>\n<\/div>\n<\/div>\n<\/div>\n<div class=\"z-0 flex min-h-[46px] justify-start\"><\/div>\n<div class=\"mt-3 w-full empty:hidden\">\n<div class=\"text-center\"><\/div>\n<\/div>\n<\/div>\n<\/div>\n<\/article>\n<div class=\"pointer-events-none h-px w-px\" aria-hidden=\"true\" data-edge=\"true\"><\/div>\n","protected":false},"featured_media":41121,"comment_status":"closed","ping_status":"closed","template":"","meta":{"_gspb_post_css":""},"product_brand":[34],"product_cat":[4067,4297],"product_tag":[],"class_list":{"0":"post-41120","1":"product","2":"type-product","3":"status-publish","4":"has-post-thumbnail","6":"product_brand-siudy","7":"product_cat-kummutid","8":"product_cat-siudy","9":"pa_korgus-411","10":"pa_laius-943","11":"pa_sugavus-646","12":"pa_vahelaos-jah","14":"first","15":"instock","16":"sale","17":"purchasable","18":"product-type-simple"},"_links":{"self":[{"href":"https:\/\/www.nordi.ee\/en\/wp-json\/wp\/v2\/product\/41120","targetHints":{"allow":["GET"]}}],"collection":[{"href":"https:\/\/www.nordi.ee\/en\/wp-json\/wp\/v2\/product"}],"about":[{"href":"https:\/\/www.nordi.ee\/en\/wp-json\/wp\/v2\/types\/product"}],"replies":[{"embeddable":true,"href":"https:\/\/www.nordi.ee\/en\/wp-json\/wp\/v2\/comments?post=41120"}],"wp:featuredmedia":[{"embeddable":true,"href":"https:\/\/www.nordi.ee\/en\/wp-json\/wp\/v2\/media\/41121"}],"wp:attachment":[{"href":"https:\/\/www.nordi.ee\/en\/wp-json\/wp\/v2\/media?parent=41120"}],"wp:term":[{"taxonomy":"product_brand","embeddable":true,"href":"https:\/\/www.nordi.ee\/en\/wp-json\/wp\/v2\/product_brand?post=41120"},{"taxonomy":"product_cat","embeddable":true,"href":"https:\/\/www.nordi.ee\/en\/wp-json\/wp\/v2\/product_cat?post=41120"},{"taxonomy":"product_tag","embeddable":true,"href":"https:\/\/www.nordi.ee\/en\/wp-json\/wp\/v2\/product_tag?post=41120"}],"curies":[{"name":"wp","href":"https:\/\/api.w.org\/{rel}","templated":true}]}}