{"id":41112,"date":"2025-11-22T14:21:40","date_gmt":"2025-11-22T12:21:40","guid":{"rendered":"https:\/\/www.nordi.ee\/toode\/komoda-z-drewna-dbowego-napoli-15\/"},"modified":"2025-11-23T21:01:32","modified_gmt":"2025-11-23T19:01:32","slug":"tamme-puidust-kummut-napoli-15","status":"publish","type":"product","link":"https:\/\/www.nordi.ee\/en\/toode\/tamme-puidust-kummut-napoli-15\/","title":{"rendered":"Tammepuidust kummut NAPOLI 15"},"content":{"rendered":"","protected":false},"excerpt":{"rendered":"<p data-start=\"96\" data-end=\"186\"><strong data-start=\"96\" data-end=\"186\">Napoli 15 \u2013 elegantne ja mahukas tamme kummut modernsesse v\u00f5i klassikalisse interj\u00f6\u00f6ri<\/strong><\/p>\n<p data-start=\"188\" data-end=\"456\">Napoli 15 on suurep\u00e4rane valik nii koju kui ka kontorisse. Minimalistlik vorm ja kvaliteetne tammeviimistlus sobivad ideaalselt elutuppa, magamistuppa, s\u00f6\u00f6gituppa v\u00f5i avarasse kodukontorisse. T\u00e4nu oma mahukale paigutusele aitab see kummut hoida ruumis korra ja stiili.<\/p>\n<p data-start=\"458\" data-end=\"756\"><strong data-start=\"458\" data-end=\"505\">Rohkelt hoiuruumi igap\u00e4evaseks kasutamiseks<\/strong><br data-start=\"505\" data-end=\"508\" \/>\u2022 2 sahtlit v\u00e4iksematele esemetele<br data-start=\"542\" data-end=\"545\" \/>\u2022 4 kapiosa, kuhu mahuvad tekstiilid, n\u00f5ud, dokumendid ja muud tarvikud<br data-start=\"616\" data-end=\"619\" \/>\u2022 <strong data-start=\"621\" data-end=\"637\">Avatud riiul<\/strong> multimeediaseadmetele v\u00f5i dekoratsioonidele<br data-start=\"681\" data-end=\"684\" \/>\u2022 K\u00f5ik hinged ja siinid on varustatud <strong data-start=\"722\" data-end=\"742\">vaikse sulgumise<\/strong> funktsiooniga<\/p>\n<p data-start=\"758\" data-end=\"1141\"><strong data-start=\"758\" data-end=\"799\">Looduslik tamm ja kvaliteetne k\u00e4sit\u00f6\u00f6<\/strong><br data-start=\"799\" data-end=\"802\" \/>\u2022 Pealisplaat ja esipaneelid: <strong data-start=\"832\" data-end=\"858\">\u00f5litatud t\u00e4ispuit tamm<\/strong>, mis s\u00e4ilitab ilu aastateks<br data-start=\"886\" data-end=\"889\" \/>\u2022 Jalad: tugev t\u00e4ispuit tamm, p\u00f5randakaitsetega<br data-start=\"936\" data-end=\"939\" \/>\u2022 K\u00fclgedel ja avatud riiulil: t\u00e4iuslikult sobiv <strong data-start=\"987\" data-end=\"1002\">tamme spoon<\/strong><br data-start=\"1002\" data-end=\"1005\" \/>\u2022 S\u00fcnkroonlaminaadist sisemus \u2013 realistliku puidus\u00fc\u00fc tekstuuriga<br data-start=\"1069\" data-end=\"1072\" \/>\u2022 Napoli kollektsiooni signatuur: elegantsed <strong data-start=\"1117\" data-end=\"1141\">freesitud k\u00e4epidemed<\/strong><\/p>\n<p data-start=\"1143\" data-end=\"1344\"><strong data-start=\"1143\" data-end=\"1159\">Toote andmed<\/strong><br data-start=\"1159\" data-end=\"1162\" \/>\u2022 M\u00f5\u00f5dud (K \u00d7 L \u00d7 S): <strong data-start=\"1184\" data-end=\"1204\">95 \u00d7 184 \u00d7 40 cm<\/strong><br data-start=\"1204\" data-end=\"1207\" \/>\u2022 Kaal: <strong data-start=\"1215\" data-end=\"1224\">74 kg<\/strong><br data-start=\"1224\" data-end=\"1227\" \/>\u2022 Materjalid: t\u00e4ispuit tamm, tammespoon, laminaat<br data-start=\"1276\" data-end=\"1279\" \/>\u2022 Tarnitakse <strong data-start=\"1292\" data-end=\"1303\">3 pakis<\/strong> ja m\u00f5eldud <strong data-start=\"1315\" data-end=\"1344\">iseseisvaks kokkupanekuks<\/strong><\/p>\n<p data-start=\"1346\" data-end=\"1471\" data-is-last-node=\"\" data-is-only-node=\"\">Napoli 15 \u00fchendab <strong data-start=\"1364\" data-end=\"1424\">funktsionaalsuse, vastupidavuse ja ajatu tamme elegantsi<\/strong>, t\u00e4iustades igat ruumi, kuhu see paigutatakse.<\/p>\n","protected":false},"featured_media":41113,"comment_status":"closed","ping_status":"closed","template":"","meta":{"_gspb_post_css":""},"product_brand":[34],"product_cat":[165,4067,4297],"product_tag":[],"class_list":{"0":"post-41112","1":"product","2":"type-product","3":"status-publish","4":"has-post-thumbnail","6":"product_brand-siudy","7":"product_cat-elutuba","8":"product_cat-kummutid","9":"product_cat-siudy","10":"pa_korgus-411","11":"pa_laius-1857","12":"pa_sugavus-646","13":"pa_vahelaos-jah","15":"first","16":"instock","17":"sale","18":"purchasable","19":"product-type-simple"},"_links":{"self":[{"href":"https:\/\/www.nordi.ee\/en\/wp-json\/wp\/v2\/product\/41112","targetHints":{"allow":["GET"]}}],"collection":[{"href":"https:\/\/www.nordi.ee\/en\/wp-json\/wp\/v2\/product"}],"about":[{"href":"https:\/\/www.nordi.ee\/en\/wp-json\/wp\/v2\/types\/product"}],"replies":[{"embeddable":true,"href":"https:\/\/www.nordi.ee\/en\/wp-json\/wp\/v2\/comments?post=41112"}],"wp:featuredmedia":[{"embeddable":true,"href":"https:\/\/www.nordi.ee\/en\/wp-json\/wp\/v2\/media\/41113"}],"wp:attachment":[{"href":"https:\/\/www.nordi.ee\/en\/wp-json\/wp\/v2\/media?parent=41112"}],"wp:term":[{"taxonomy":"product_brand","embeddable":true,"href":"https:\/\/www.nordi.ee\/en\/wp-json\/wp\/v2\/product_brand?post=41112"},{"taxonomy":"product_cat","embeddable":true,"href":"https:\/\/www.nordi.ee\/en\/wp-json\/wp\/v2\/product_cat?post=41112"},{"taxonomy":"product_tag","embeddable":true,"href":"https:\/\/www.nordi.ee\/en\/wp-json\/wp\/v2\/product_tag?post=41112"}],"curies":[{"name":"wp","href":"https:\/\/api.w.org\/{rel}","templated":true}]}}