{"id":41104,"date":"2025-11-22T14:21:40","date_gmt":"2025-11-22T12:21:40","guid":{"rendered":"https:\/\/www.nordi.ee\/toode\/tapicerowane-krzeso-loft-na-metalowych-nogach\/"},"modified":"2025-11-23T21:01:32","modified_gmt":"2025-11-23T19:01:32","slug":"tool-loft","status":"publish","type":"product","link":"https:\/\/www.nordi.ee\/en\/toode\/tool-loft\/","title":{"rendered":"Tool LOFT"},"content":{"rendered":"","protected":false},"excerpt":{"rendered":"<article class=\"text-token-text-primary w-full focus:outline-none [--shadow-height:45px] has-data-writing-block:pointer-events-none has-data-writing-block:-mt-(--shadow-height) has-data-writing-block:pt-(--shadow-height) [&amp;:has([data-writing-block])&gt;*]:pointer-events-auto [content-visibility:auto] supports-[content-visibility:auto]:[contain-intrinsic-size:auto_100lvh] scroll-mt-[calc(var(--header-height)+min(200px,max(70px,20svh)))]\" dir=\"auto\" tabindex=\"-1\" data-turn-id=\"request-WEB:f38140c5-7a75-46d6-9c94-e9cef67e5631-43\" data-testid=\"conversation-turn-88\" data-scroll-anchor=\"true\" data-turn=\"assistant\">\n<div class=\"text-base my-auto mx-auto pb-10 [--thread-content-margin:--spacing(4)] thread-sm:[--thread-content-margin:--spacing(6)] thread-lg:[--thread-content-margin:--spacing(16)] px-(--thread-content-margin)\">\n<div class=\"[--thread-content-max-width:40rem] thread-lg:[--thread-content-max-width:48rem] mx-auto max-w-(--thread-content-max-width) flex-1 group\/turn-messages focus-visible:outline-hidden relative flex w-full min-w-0 flex-col agent-turn\" tabindex=\"-1\">\n<div class=\"flex max-w-full flex-col grow\">\n<div class=\"min-h-8 text-message relative flex w-full flex-col items-end gap-2 text-start break-words whitespace-normal [.text-message+&amp;]:mt-1\" dir=\"auto\" data-message-author-role=\"assistant\" data-message-id=\"2ac919d9-9050-4087-a2f8-d14cb1795274\" data-message-model-slug=\"gpt-5-1\">\n<div class=\"flex w-full flex-col gap-1 empty:hidden first:pt-[1px]\">\n<div class=\"markdown prose dark:prose-invert w-full break-words light markdown-new-styling\">\n<p data-start=\"90\" data-end=\"158\"><strong data-start=\"90\" data-end=\"158\">Tool Loft \u2013 elegantne samet ja modernne metalljalg<\/strong><\/p>\n<p data-start=\"160\" data-end=\"406\">LOFT tool on ideaalne valik moodsasse s\u00f6\u00f6gituppa, kabinetti v\u00f5i kontorisse. Pehme, kvaliteetne velvetkangas heledas merevaigu toonis lisab ruumile soojust ja luksust, samal ajal kui metallist must raam r\u00f5hutab minimalistlikku, stiilset disaini.<\/p>\n<p data-start=\"408\" data-end=\"607\"><strong data-start=\"408\" data-end=\"431\">Mugav ja vastupidav<\/strong><br data-start=\"431\" data-end=\"434\" \/>\u2022 Elastne poroloon tagab istumisel mugavuse<br data-start=\"477\" data-end=\"480\" \/>\u2022 Velvetkangas on meeldiv puudutusele ja lihtne hooldada<br data-start=\"536\" data-end=\"539\" \/>\u2022 Epoks\u00fckattega metalljalad \u2013 kriimustuskindlad ja v\u00e4ga vastupidavad<\/p>\n<p data-start=\"609\" data-end=\"778\"><strong data-start=\"609\" data-end=\"645\">V\u00f5imalus valida erinev v\u00e4rvitoon<\/strong><br data-start=\"645\" data-end=\"648\" \/>\u2022 Lai valik kvaliteetseid, kulumiskindlaid ja kergesti puhastatavaid kangaid<br data-start=\"724\" data-end=\"727\" \/>\u2022 Tooli on lihtne sobitada erinevate interj\u00f6\u00f6ridega<\/p>\n<p data-start=\"780\" data-end=\"960\"><strong data-start=\"780\" data-end=\"793\">Tooteinfo<\/strong><br data-start=\"793\" data-end=\"796\" \/>\u2022 M\u00f5\u00f5dud: <strong data-start=\"806\" data-end=\"825\">88 \u00d7 47 \u00d7 42 cm<\/strong><br data-start=\"825\" data-end=\"828\" \/>\u2022 Kaal pakendiga: <strong data-start=\"846\" data-end=\"854\">8 kg<\/strong><br data-start=\"854\" data-end=\"857\" \/>\u2022 Materjalid: velvet-t\u00fc\u00fcpi kangas, metall<br data-start=\"898\" data-end=\"901\" \/>\u2022 Tarnitakse <strong data-start=\"914\" data-end=\"941\">t\u00e4ielikult kokkupanduna<\/strong> \u2013 pakendis 2 tooli<\/p>\n<p data-start=\"962\" data-end=\"1063\" data-is-last-node=\"\" data-is-only-node=\"\">LOFT tool \u00fchendab endas elegantsi, mugavuse ja kestvuse \u2013 t\u00e4iuslik t\u00e4iendus igasse modernsesse ruumi.<\/p>\n<\/div>\n<\/div>\n<\/div>\n<\/div>\n<div class=\"z-0 flex min-h-[46px] justify-start\"><\/div>\n<div class=\"mt-3 w-full empty:hidden\">\n<div class=\"text-center\"><\/div>\n<\/div>\n<\/div>\n<\/div>\n<\/article>\n<div class=\"pointer-events-none h-px w-px\" aria-hidden=\"true\" data-edge=\"true\"><\/div>\n","protected":false},"featured_media":41105,"comment_status":"closed","ping_status":"closed","template":"","meta":{"_gspb_post_css":""},"product_brand":[34],"product_cat":[167,180],"product_tag":[],"class_list":{"0":"post-41104","1":"product","2":"type-product","3":"status-publish","4":"has-post-thumbnail","6":"product_brand-siudy","7":"product_cat-soogituba","8":"product_cat-toolid","9":"pa_korgus-1219","10":"pa_laius-1004","11":"pa_sugavus-355","12":"pa_vahelaos-ei","14":"first","15":"instock","16":"sale","17":"purchasable","18":"product-type-simple"},"_links":{"self":[{"href":"https:\/\/www.nordi.ee\/en\/wp-json\/wp\/v2\/product\/41104","targetHints":{"allow":["GET"]}}],"collection":[{"href":"https:\/\/www.nordi.ee\/en\/wp-json\/wp\/v2\/product"}],"about":[{"href":"https:\/\/www.nordi.ee\/en\/wp-json\/wp\/v2\/types\/product"}],"replies":[{"embeddable":true,"href":"https:\/\/www.nordi.ee\/en\/wp-json\/wp\/v2\/comments?post=41104"}],"wp:featuredmedia":[{"embeddable":true,"href":"https:\/\/www.nordi.ee\/en\/wp-json\/wp\/v2\/media\/41105"}],"wp:attachment":[{"href":"https:\/\/www.nordi.ee\/en\/wp-json\/wp\/v2\/media?parent=41104"}],"wp:term":[{"taxonomy":"product_brand","embeddable":true,"href":"https:\/\/www.nordi.ee\/en\/wp-json\/wp\/v2\/product_brand?post=41104"},{"taxonomy":"product_cat","embeddable":true,"href":"https:\/\/www.nordi.ee\/en\/wp-json\/wp\/v2\/product_cat?post=41104"},{"taxonomy":"product_tag","embeddable":true,"href":"https:\/\/www.nordi.ee\/en\/wp-json\/wp\/v2\/product_tag?post=41104"}],"curies":[{"name":"wp","href":"https:\/\/api.w.org\/{rel}","templated":true}]}}