{"id":41100,"date":"2025-11-22T14:21:25","date_gmt":"2025-11-22T12:21:25","guid":{"rendered":"https:\/\/www.nordi.ee\/toode\/czarne-minimalistyczne-krzeso-drewniane\/"},"modified":"2025-11-23T21:01:32","modified_gmt":"2025-11-23T19:01:32","slug":"tool-tranta","status":"publish","type":"product","link":"https:\/\/www.nordi.ee\/en\/toode\/tool-tranta\/","title":{"rendered":"Tool TRANTA"},"content":{"rendered":"","protected":false},"excerpt":{"rendered":"<p data-start=\"77\" data-end=\"149\"><strong data-start=\"77\" data-end=\"149\">Minimalistlik puidust tool \u2013 stiilne ja vastupidav igasse interj\u00f6\u00f6ri<\/strong><\/p>\n<p data-start=\"151\" data-end=\"477\">See minimalistlik puidust tool sobib suurep\u00e4raselt skandinaavialikku, rustikaalsesse, industriaal- v\u00f5i naturaalsesse sisekujundusse. Elegantne vorm ja kaasaegne disain teevad sellest ideaalse valiku nii koju kui ka kohvikutesse ja restoranidesse. Sobib suurep\u00e4raselt kirjutuslaua taha, s\u00f6\u00f6gituppa v\u00f5i hubasesse kodukontorisse.<\/p>\n<p data-start=\"479\" data-end=\"808\"><strong data-start=\"479\" data-end=\"529\">Kvaliteetne k\u00e4sit\u00f6\u00f6 ja vastupidavad materjalid<\/strong><br data-start=\"529\" data-end=\"532\" \/>\u2022 Tugev raam <strong data-start=\"545\" data-end=\"571\">naturaalset p\u00f6\u00f6gipuitu<\/strong>, mis tagab stabiilsuse ja pika eluea<br data-start=\"608\" data-end=\"611\" \/>\u2022 Saadaval kahes v\u00e4rvitoonis \u2013 <strong data-start=\"642\" data-end=\"660\">valge v\u00f5i must<\/strong>, et sobituda erinevate interj\u00f6\u00f6ridega<br data-start=\"698\" data-end=\"701\" \/>\u2022 Istmeosa ja ergonoomiline seljatugi valmistatud <strong data-start=\"751\" data-end=\"778\" data-is-only-node=\"\">kvaliteetsest vineerist<\/strong>, pakkudes mugavust ja toetust<\/p>\n<p data-start=\"810\" data-end=\"962\"><strong data-start=\"810\" data-end=\"841\">Praktiline ja kasutusvalmis<\/strong><br data-start=\"841\" data-end=\"844\" \/>\u2022 Toolid tarnitakse <strong data-start=\"864\" data-end=\"891\">t\u00e4ielikult kokkupanduna<\/strong><br data-start=\"891\" data-end=\"894\" \/>\u2022 \u00dches pakis on <strong data-start=\"910\" data-end=\"921\">2 tooli<\/strong>, mis teeb tellimise lihtsaks ja soodsaks<\/p>\n<p data-start=\"964\" data-end=\"1091\"><strong data-start=\"964\" data-end=\"980\">Toote andmed<\/strong><br data-start=\"980\" data-end=\"983\" \/>\u2022 M\u00f5\u00f5dud (K \u00d7 L \u00d7 S): <strong data-start=\"1005\" data-end=\"1024\">80 \u00d7 43 \u00d7 42 cm<\/strong><br data-start=\"1024\" data-end=\"1027\" \/>\u2022 Kaal pakendiga: <strong data-start=\"1045\" data-end=\"1055\">5,5 kg<\/strong><br data-start=\"1055\" data-end=\"1058\" \/>\u2022 Materjalid: p\u00f6\u00f6gipuit, vineer<\/p>\n<p data-start=\"1093\" data-end=\"1241\" data-is-last-node=\"\" data-is-only-node=\"\">See tool \u00fchendab <strong data-start=\"1110\" data-end=\"1171\">ajatu elegantsi, funktsionaalsuse ja kvaliteetse teostuse<\/strong>, muutes selle suurep\u00e4raseks lisandiks igasse koju v\u00f5i avalikku ruumi.<\/p>\n","protected":false},"featured_media":41101,"comment_status":"closed","ping_status":"closed","template":"","meta":{"_gspb_post_css":""},"product_brand":[34],"product_cat":[167,180],"product_tag":[],"class_list":{"0":"post-41100","1":"product","2":"type-product","3":"status-publish","4":"has-post-thumbnail","6":"product_brand-siudy","7":"product_cat-soogituba","8":"product_cat-toolid","9":"pa_korgus-910","10":"pa_laius-1376","11":"pa_sugavus-355","12":"pa_vahelaos-ei","14":"first","15":"instock","16":"sale","17":"purchasable","18":"product-type-simple"},"_links":{"self":[{"href":"https:\/\/www.nordi.ee\/en\/wp-json\/wp\/v2\/product\/41100","targetHints":{"allow":["GET"]}}],"collection":[{"href":"https:\/\/www.nordi.ee\/en\/wp-json\/wp\/v2\/product"}],"about":[{"href":"https:\/\/www.nordi.ee\/en\/wp-json\/wp\/v2\/types\/product"}],"replies":[{"embeddable":true,"href":"https:\/\/www.nordi.ee\/en\/wp-json\/wp\/v2\/comments?post=41100"}],"wp:featuredmedia":[{"embeddable":true,"href":"https:\/\/www.nordi.ee\/en\/wp-json\/wp\/v2\/media\/41101"}],"wp:attachment":[{"href":"https:\/\/www.nordi.ee\/en\/wp-json\/wp\/v2\/media?parent=41100"}],"wp:term":[{"taxonomy":"product_brand","embeddable":true,"href":"https:\/\/www.nordi.ee\/en\/wp-json\/wp\/v2\/product_brand?post=41100"},{"taxonomy":"product_cat","embeddable":true,"href":"https:\/\/www.nordi.ee\/en\/wp-json\/wp\/v2\/product_cat?post=41100"},{"taxonomy":"product_tag","embeddable":true,"href":"https:\/\/www.nordi.ee\/en\/wp-json\/wp\/v2\/product_tag?post=41100"}],"curies":[{"name":"wp","href":"https:\/\/api.w.org\/{rel}","templated":true}]}}