{"id":41092,"date":"2025-11-22T14:21:25","date_gmt":"2025-11-22T12:21:25","guid":{"rendered":"https:\/\/www.nordi.ee\/toode\/designerskie-krzeso-dbowe-zeus\/"},"modified":"2025-11-23T21:01:32","modified_gmt":"2025-11-23T19:01:32","slug":"disainertool-zeus","status":"publish","type":"product","link":"https:\/\/www.nordi.ee\/en\/toode\/disainertool-zeus\/","title":{"rendered":"Disainertool Zeus"},"content":{"rendered":"","protected":false},"excerpt":{"rendered":"<p data-start=\"77\" data-end=\"151\"><strong data-start=\"77\" data-end=\"151\">Zeus \u2013 tammest tool, mis \u00fchendab elegantsi ja erakordse mugavuse<\/strong><\/p>\n<p data-start=\"153\" data-end=\"447\">Zeus on luksuslik tammetool, mis lisab igale ruumile soojust, stiilsust ja ajatut ilu. Selle tugev raam ja kaunid puidus\u00fc\u00fc mustrid sobivad suurep\u00e4raselt nii modernsesse s\u00f6\u00f6gituppa kui ka traditsioonilisse k\u00f6\u00f6ki. T\u00e4iuslik kaaslane Zeus s\u00f6\u00f6gilauale ning Napoli v\u00f5i Bruno kollektsioonide m\u00f6\u00f6blile.<\/p>\n<p data-start=\"449\" data-end=\"747\"><strong data-start=\"449\" data-end=\"480\">Ergonomiline istumismugavus<\/strong><br data-start=\"480\" data-end=\"483\" \/>\u2022 Istme sisemus koosneb <strong data-start=\"507\" data-end=\"526\">polstripaeltest<\/strong>, mis pakuvad elastset ja toetavat istumist<br data-start=\"569\" data-end=\"572\" \/>\u2022 Paelad kohanduvad kehakujuga, tagades korrektse r\u00fchi ja pikaajalise mugavuse<br data-start=\"650\" data-end=\"653\" \/>\u2022 Iste on kaetud <strong data-start=\"670\" data-end=\"708\">kvaliteetse musta sametise kangaga<\/strong>, mis on pehme, vastupidav ja elegantne<\/p>\n<p data-start=\"749\" data-end=\"979\"><strong data-start=\"749\" data-end=\"789\">Naturaalne tamm ja k\u00e4sit\u00f6\u00f6 kvaliteet<\/strong><br data-start=\"789\" data-end=\"792\" \/>\u2022 Tooli raam on valmistatud <strong data-start=\"820\" data-end=\"843\">t\u00e4ispuidust tammest<\/strong>, mis toob esile materjali loomuliku ilu ja tugevuse<br data-start=\"895\" data-end=\"898\" \/>\u2022 Kuldne tammetoon sobitub ideaalselt naturaalsete puitm\u00f6\u00f6blite kollektsioonidele<\/p>\n<p data-start=\"981\" data-end=\"1098\"><strong data-start=\"981\" data-end=\"1023\">Praktiline ja kohe kasutamiseks valmis<\/strong><br data-start=\"1023\" data-end=\"1026\" \/>\u2022 Toolid tarnitakse <strong data-start=\"1046\" data-end=\"1073\">t\u00e4ielikult kokkupanduna<\/strong><br data-start=\"1073\" data-end=\"1076\" \/>\u2022 Pakis on <strong data-start=\"1087\" data-end=\"1098\">2 tooli<\/strong><\/p>\n<p data-start=\"1100\" data-end=\"1253\"><strong data-start=\"1100\" data-end=\"1116\">Toote andmed<\/strong><br data-start=\"1116\" data-end=\"1119\" \/>\u2022 M\u00f5\u00f5dud (K \u00d7 L \u00d7 S): <strong data-start=\"1141\" data-end=\"1160\">94 \u00d7 46 \u00d7 52 cm<\/strong><br data-start=\"1160\" data-end=\"1163\" \/>\u2022 Kaal pakendiga: <strong data-start=\"1181\" data-end=\"1189\">8 kg<\/strong><br data-start=\"1189\" data-end=\"1192\" \/>\u2022 Materjalid: t\u00e4ispuit tamm, polstripaelad, sametine kangas<\/p>\n<p data-start=\"1255\" data-end=\"1355\" data-is-last-node=\"\" data-is-only-node=\"\">Zeus tool on ideaalne valik, kui soovid oma interj\u00f6\u00f6ri tuua <strong data-start=\"1315\" data-end=\"1354\">luksust, mugavust ja ajatut disaini<\/strong>.<\/p>\n","protected":false},"featured_media":41093,"comment_status":"closed","ping_status":"closed","template":"","meta":{"_gspb_post_css":""},"product_brand":[34],"product_cat":[167,180],"product_tag":[],"class_list":{"0":"post-41092","1":"product","2":"type-product","3":"status-publish","4":"has-post-thumbnail","6":"product_brand-siudy","7":"product_cat-soogituba","8":"product_cat-toolid","9":"pa_korgus-960","10":"pa_laius-874","11":"pa_sugavus-1322","12":"pa_vahelaos-ei","14":"first","15":"instock","16":"sale","17":"purchasable","18":"product-type-simple"},"_links":{"self":[{"href":"https:\/\/www.nordi.ee\/en\/wp-json\/wp\/v2\/product\/41092","targetHints":{"allow":["GET"]}}],"collection":[{"href":"https:\/\/www.nordi.ee\/en\/wp-json\/wp\/v2\/product"}],"about":[{"href":"https:\/\/www.nordi.ee\/en\/wp-json\/wp\/v2\/types\/product"}],"replies":[{"embeddable":true,"href":"https:\/\/www.nordi.ee\/en\/wp-json\/wp\/v2\/comments?post=41092"}],"wp:featuredmedia":[{"embeddable":true,"href":"https:\/\/www.nordi.ee\/en\/wp-json\/wp\/v2\/media\/41093"}],"wp:attachment":[{"href":"https:\/\/www.nordi.ee\/en\/wp-json\/wp\/v2\/media?parent=41092"}],"wp:term":[{"taxonomy":"product_brand","embeddable":true,"href":"https:\/\/www.nordi.ee\/en\/wp-json\/wp\/v2\/product_brand?post=41092"},{"taxonomy":"product_cat","embeddable":true,"href":"https:\/\/www.nordi.ee\/en\/wp-json\/wp\/v2\/product_cat?post=41092"},{"taxonomy":"product_tag","embeddable":true,"href":"https:\/\/www.nordi.ee\/en\/wp-json\/wp\/v2\/product_tag?post=41092"}],"curies":[{"name":"wp","href":"https:\/\/api.w.org\/{rel}","templated":true}]}}