{"id":40740,"date":"2025-11-20T13:35:11","date_gmt":"2025-11-20T11:35:11","guid":{"rendered":"https:\/\/www.nordi.ee\/?post_type=product&#038;p=40740"},"modified":"2025-11-23T21:01:33","modified_gmt":"2025-11-23T19:01:33","slug":"bruno-05","status":"publish","type":"product","link":"https:\/\/www.nordi.ee\/en\/toode\/bruno-05\/","title":{"rendered":"Tammepuidust kummut Bruno 05"},"content":{"rendered":"","protected":false},"excerpt":{"rendered":"<p>Esipaneel on osaliselt soonitud ja valmistatud naturaalse tooniga \u00f5litatud tamme puidust, tuues m\u00f6\u00f6blile elegantse ja samas maal\u00e4hedase ilme. Korpus ning sisemised pinnad on tehtud puidutekstuuri imiteerivast laminaadist, mis on vastupidav ja lihtsasti hooldatav. Mugavust lisab soft-close mehhanism, mis tagab vaikse ja sujuva kasutuse igap\u00e4evaselt.<\/p>\n","protected":false},"featured_media":40747,"comment_status":"open","ping_status":"closed","template":"","meta":{"_gspb_post_css":""},"product_brand":[34],"product_cat":[4067,165,205,4297],"product_tag":[],"class_list":{"0":"post-40740","1":"product","2":"type-product","3":"status-publish","4":"has-post-thumbnail","6":"product_brand-siudy","7":"product_cat-kummutid","8":"product_cat-elutuba","9":"product_cat-kapid","10":"product_cat-siudy","11":"pa_korgus-910","12":"pa_materjal-tammepuidust","13":"pa_stiil-skandinaavia","14":"pa_sugavus-355","16":"first","17":"instock","18":"sale","19":"shipping-taxable","20":"purchasable","21":"product-type-simple"},"_links":{"self":[{"href":"https:\/\/www.nordi.ee\/en\/wp-json\/wp\/v2\/product\/40740","targetHints":{"allow":["GET"]}}],"collection":[{"href":"https:\/\/www.nordi.ee\/en\/wp-json\/wp\/v2\/product"}],"about":[{"href":"https:\/\/www.nordi.ee\/en\/wp-json\/wp\/v2\/types\/product"}],"replies":[{"embeddable":true,"href":"https:\/\/www.nordi.ee\/en\/wp-json\/wp\/v2\/comments?post=40740"}],"wp:featuredmedia":[{"embeddable":true,"href":"https:\/\/www.nordi.ee\/en\/wp-json\/wp\/v2\/media\/40747"}],"wp:attachment":[{"href":"https:\/\/www.nordi.ee\/en\/wp-json\/wp\/v2\/media?parent=40740"}],"wp:term":[{"taxonomy":"product_brand","embeddable":true,"href":"https:\/\/www.nordi.ee\/en\/wp-json\/wp\/v2\/product_brand?post=40740"},{"taxonomy":"product_cat","embeddable":true,"href":"https:\/\/www.nordi.ee\/en\/wp-json\/wp\/v2\/product_cat?post=40740"},{"taxonomy":"product_tag","embeddable":true,"href":"https:\/\/www.nordi.ee\/en\/wp-json\/wp\/v2\/product_tag?post=40740"}],"curies":[{"name":"wp","href":"https:\/\/api.w.org\/{rel}","templated":true}]}}