{"id":40719,"date":"2025-11-20T13:14:41","date_gmt":"2025-11-20T11:14:41","guid":{"rendered":"https:\/\/www.nordi.ee\/?post_type=product&#038;p=40719"},"modified":"2025-11-23T21:01:33","modified_gmt":"2025-11-23T19:01:33","slug":"40719","status":"publish","type":"product","link":"https:\/\/www.nordi.ee\/en\/toode\/40719\/","title":{"rendered":"Kummut Raro 05 Tamm"},"content":{"rendered":"","protected":false},"excerpt":{"rendered":"<p>Esipaneel on valmistatud \u00f5litatud tammespoonist naturaalses toonis, mis toob m\u00f6\u00f6blile maal\u00e4hedase sooja ilme. Korpus ja sisemised pinnad on tehtud puidutekstuuri j\u00e4ljendavast s\u00fcnkroonviimistlusega laminaadist, mis on vastupidav ja lihtsasti hooldatav.<br data-start=\"332\" data-end=\"335\" data-is-only-node=\"\" \/>Mugavust lisavad soft-close sulgurid, mis tagavad vaikse ja sujuva sulgumise. Ukse- ja riiulipinnad on valmistatud karastatud klaasist, mis on turvaline ja kriimustuskindel. Viimistluse t\u00e4ienduseks on elegantsed alumiiniumist k\u00e4epidemed, mis seovad kogu disaini stiilseks tervikuks.<\/p>\n","protected":false},"featured_media":40726,"comment_status":"open","ping_status":"closed","template":"","meta":{"_gspb_post_css":""},"product_brand":[34],"product_cat":[4067,165],"product_tag":[],"class_list":{"0":"post-40719","1":"product","2":"type-product","3":"status-publish","4":"has-post-thumbnail","6":"product_brand-siudy","7":"product_cat-kummutid","8":"product_cat-elutuba","9":"pa_korgus-910","10":"pa_laius-785","11":"pa_materjal-tammespoon","12":"pa_stiil-skandinaavia","13":"pa_sugavus-646","15":"first","16":"instock","17":"sale","18":"shipping-taxable","19":"purchasable","20":"product-type-simple"},"_links":{"self":[{"href":"https:\/\/www.nordi.ee\/en\/wp-json\/wp\/v2\/product\/40719","targetHints":{"allow":["GET"]}}],"collection":[{"href":"https:\/\/www.nordi.ee\/en\/wp-json\/wp\/v2\/product"}],"about":[{"href":"https:\/\/www.nordi.ee\/en\/wp-json\/wp\/v2\/types\/product"}],"replies":[{"embeddable":true,"href":"https:\/\/www.nordi.ee\/en\/wp-json\/wp\/v2\/comments?post=40719"}],"wp:featuredmedia":[{"embeddable":true,"href":"https:\/\/www.nordi.ee\/en\/wp-json\/wp\/v2\/media\/40726"}],"wp:attachment":[{"href":"https:\/\/www.nordi.ee\/en\/wp-json\/wp\/v2\/media?parent=40719"}],"wp:term":[{"taxonomy":"product_brand","embeddable":true,"href":"https:\/\/www.nordi.ee\/en\/wp-json\/wp\/v2\/product_brand?post=40719"},{"taxonomy":"product_cat","embeddable":true,"href":"https:\/\/www.nordi.ee\/en\/wp-json\/wp\/v2\/product_cat?post=40719"},{"taxonomy":"product_tag","embeddable":true,"href":"https:\/\/www.nordi.ee\/en\/wp-json\/wp\/v2\/product_tag?post=40719"}],"curies":[{"name":"wp","href":"https:\/\/api.w.org\/{rel}","templated":true}]}}