{"id":40662,"date":"2025-11-13T12:03:17","date_gmt":"2025-11-13T10:03:17","guid":{"rendered":"https:\/\/www.nordi.ee\/toode\/tugitool-arven-2-kaneel\/"},"modified":"2026-04-13T05:00:39","modified_gmt":"2026-04-13T02:00:39","slug":"lahtikaiv-tugitool-aurora-kaneel","status":"publish","type":"product","link":"https:\/\/www.nordi.ee\/en\/toode\/lahtikaiv-tugitool-aurora-kaneel\/","title":{"rendered":"Lahtik\u00e4iv tugitool AURORA, kaneel"},"content":{"rendered":"<p>asema, m\u00f5\u00f5tmed: 75\/92-160\/107-83\/45 cm, materjal: kangas, v\u00e4rv: kaneel &#8211; BLUVEL 4215<\/p>\n<p>&nbsp;<\/p>\n","protected":false},"excerpt":{"rendered":"<p>asema, m\u00f5\u00f5tmed: 75\/92-160\/107-83\/45 cm, materjal: kangas, v\u00e4rv: kaneel &#8211; BLUVEL 4215 &nbsp;<\/p>\n","protected":false},"featured_media":11113,"comment_status":"closed","ping_status":"closed","template":"","meta":{"_gspb_post_css":""},"product_brand":[],"product_cat":[215,188],"product_tag":[],"class_list":{"0":"post-40662","1":"product","2":"type-product","3":"status-publish","4":"has-post-thumbnail","6":"product_cat-pehme-moobel","7":"product_cat-tugitoolid","8":"pa_istmekorgus-362","9":"pa_kanga-tuup-sametkangas","10":"pa_kanga-varv-kaneel","11":"pa_korgus-383","12":"pa_laius-359","13":"pa_lisafunktsioonid-recliner-funktsioon","14":"pa_pakkide-arv-295","15":"pa_stiil-klassikaline","16":"pa_stiil-traditsiooniline","17":"pa_sugavus-4084","18":"pa_vahelaos-ei","19":"pa_varv-kaneel","21":"first","22":"instock","23":"sale","24":"purchasable","25":"product-type-simple"},"_links":{"self":[{"href":"https:\/\/www.nordi.ee\/en\/wp-json\/wp\/v2\/product\/40662","targetHints":{"allow":["GET"]}}],"collection":[{"href":"https:\/\/www.nordi.ee\/en\/wp-json\/wp\/v2\/product"}],"about":[{"href":"https:\/\/www.nordi.ee\/en\/wp-json\/wp\/v2\/types\/product"}],"replies":[{"embeddable":true,"href":"https:\/\/www.nordi.ee\/en\/wp-json\/wp\/v2\/comments?post=40662"}],"wp:featuredmedia":[{"embeddable":true,"href":"https:\/\/www.nordi.ee\/en\/wp-json\/wp\/v2\/media\/11113"}],"wp:attachment":[{"href":"https:\/\/www.nordi.ee\/en\/wp-json\/wp\/v2\/media?parent=40662"}],"wp:term":[{"taxonomy":"product_brand","embeddable":true,"href":"https:\/\/www.nordi.ee\/en\/wp-json\/wp\/v2\/product_brand?post=40662"},{"taxonomy":"product_cat","embeddable":true,"href":"https:\/\/www.nordi.ee\/en\/wp-json\/wp\/v2\/product_cat?post=40662"},{"taxonomy":"product_tag","embeddable":true,"href":"https:\/\/www.nordi.ee\/en\/wp-json\/wp\/v2\/product_tag?post=40662"}],"curies":[{"name":"wp","href":"https:\/\/api.w.org\/{rel}","templated":true}]}}