{"id":40654,"date":"2025-11-13T12:01:44","date_gmt":"2025-11-13T10:01:44","guid":{"rendered":"https:\/\/www.nordi.ee\/toode\/adriano-vabaaja-tooli-varv-beez-28\/"},"modified":"2026-04-13T05:00:34","modified_gmt":"2026-04-13T02:00:34","slug":"adriano-vabaaja-tooli-varv-beez-28","status":"publish","type":"product","link":"https:\/\/www.nordi.ee\/en\/toode\/adriano-vabaaja-tooli-varv-beez-28\/","title":{"rendered":"Kontoritool ADRIANO, bee\u017e"},"content":{"rendered":"<p>m\u00f5\u00f5dud: 65\/70\/104-110\/50-56 cm; TILT mehhanism, kangas ODIN, v\u00e4rv bee\u017e #28<\/p>\n<p>&nbsp;<\/p>\n","protected":false},"excerpt":{"rendered":"<p>m\u00f5\u00f5dud: 65\/70\/104-110\/50-56 cm; TILT mehhanism, kangas ODIN, v\u00e4rv bee\u017e #28 &nbsp;<\/p>\n","protected":false},"featured_media":11081,"comment_status":"closed","ping_status":"closed","template":"","meta":{"_gspb_post_css":""},"product_brand":[],"product_cat":[4063,216],"product_tag":[],"class_list":{"0":"post-40654","1":"product","2":"type-product","3":"status-publish","4":"has-post-thumbnail","6":"product_cat-kontoritoolid","7":"product_cat-kontor","8":"pa_istmekorgus-50-56","9":"pa_kaetugi-fikseeritud-kaetugi","10":"pa_kandevoime-120-kg","11":"pa_kanga-varv-beez","12":"pa_korgus-1252","13":"pa_laius-325","14":"pa_mehhanism-kallutus","15":"pa_pakkide-arv-226","16":"pa_peatugi-ilma-peatugedeta","17":"pa_ratta-tuup-kumm","18":"pa_stiil-moodne","19":"pa_stiil-skandinaavia","20":"pa_sugavus-268","21":"pa_tooli-materjal-kangas","22":"pa_tuba-kapp","23":"pa_tuba-kontor","24":"pa_vahelaos-ei","25":"pa_varv-beez","27":"first","28":"instock","29":"sale","30":"purchasable","31":"product-type-simple"},"_links":{"self":[{"href":"https:\/\/www.nordi.ee\/en\/wp-json\/wp\/v2\/product\/40654","targetHints":{"allow":["GET"]}}],"collection":[{"href":"https:\/\/www.nordi.ee\/en\/wp-json\/wp\/v2\/product"}],"about":[{"href":"https:\/\/www.nordi.ee\/en\/wp-json\/wp\/v2\/types\/product"}],"replies":[{"embeddable":true,"href":"https:\/\/www.nordi.ee\/en\/wp-json\/wp\/v2\/comments?post=40654"}],"wp:featuredmedia":[{"embeddable":true,"href":"https:\/\/www.nordi.ee\/en\/wp-json\/wp\/v2\/media\/11081"}],"wp:attachment":[{"href":"https:\/\/www.nordi.ee\/en\/wp-json\/wp\/v2\/media?parent=40654"}],"wp:term":[{"taxonomy":"product_brand","embeddable":true,"href":"https:\/\/www.nordi.ee\/en\/wp-json\/wp\/v2\/product_brand?post=40654"},{"taxonomy":"product_cat","embeddable":true,"href":"https:\/\/www.nordi.ee\/en\/wp-json\/wp\/v2\/product_cat?post=40654"},{"taxonomy":"product_tag","embeddable":true,"href":"https:\/\/www.nordi.ee\/en\/wp-json\/wp\/v2\/product_tag?post=40654"}],"curies":[{"name":"wp","href":"https:\/\/api.w.org\/{rel}","templated":true}]}}