{"id":40647,"date":"2025-11-13T12:01:08","date_gmt":"2025-11-13T10:01:08","guid":{"rendered":"https:\/\/www.nordi.ee\/toode\/pikendatav-soogilaud-lorven-naturaalne-must\/"},"modified":"2026-04-13T05:00:29","modified_gmt":"2026-04-13T02:00:29","slug":"pikendatav-soogilaud-lorven-naturaalne-must","status":"publish","type":"product","link":"https:\/\/www.nordi.ee\/en\/toode\/pikendatav-soogilaud-lorven-naturaalne-must\/","title":{"rendered":"Pikendatav s\u00f6\u00f6gilaud LORVEN, naturaalne \/ must"},"content":{"rendered":"<p>m\u00f5\u00f5tmed: 120-200\/120\/75 cm, pikendustabel, materjal: MDF + looduslik spoon \/ pulberv\u00e4rvitud teras, v\u00e4rv: \u00fclaserv &#8211; looduslik, jalad &#8211; must<\/p>\n<p>&nbsp;<\/p>\n","protected":false},"excerpt":{"rendered":"<p>m\u00f5\u00f5tmed: 120-200\/120\/75 cm, pikendustabel, materjal: MDF + looduslik spoon \/ pulberv\u00e4rvitud teras, v\u00e4rv: \u00fclaserv &#8211; looduslik, jalad &#8211; must &nbsp;<\/p>\n","protected":false},"featured_media":11053,"comment_status":"closed","ping_status":"open","template":"","meta":{"_gspb_post_css":""},"product_brand":[],"product_cat":[190,167],"product_tag":[],"class_list":{"0":"post-40647","1":"product","2":"type-product","3":"status-publish","4":"has-post-thumbnail","6":"product_cat-soogilauad","7":"product_cat-soogituba","8":"pa_jalgade-arv-289","9":"pa_korgus-287","10":"pa_laius-286","11":"pa_laua-suurus-4-person-6-person","12":"pa_laua-varvus-helepruun","13":"pa_laua-varvus-looduslik","14":"pa_laua-viimistlus-matt","15":"pa_lauaplaadi-kuju-ovaalne","16":"pa_lauaplaadi-kuju-ummargune","17":"pa_lauaplaadi-materjal-spoon","18":"pa_maximum-pikkus-4207","19":"pa_pakkide-arv-295","20":"pa_pikendatav-jah","21":"pa_raami-materjal-metall","22":"pa_stiil-loft","23":"pa_stiil-modernne","24":"pa_sugavus-1832","25":"pa_vahelaos-jah","26":"pa_varv-must","27":"pa_varv-puit","29":"first","30":"instock","31":"sale","32":"purchasable","33":"product-type-simple"},"_links":{"self":[{"href":"https:\/\/www.nordi.ee\/en\/wp-json\/wp\/v2\/product\/40647","targetHints":{"allow":["GET"]}}],"collection":[{"href":"https:\/\/www.nordi.ee\/en\/wp-json\/wp\/v2\/product"}],"about":[{"href":"https:\/\/www.nordi.ee\/en\/wp-json\/wp\/v2\/types\/product"}],"replies":[{"embeddable":true,"href":"https:\/\/www.nordi.ee\/en\/wp-json\/wp\/v2\/comments?post=40647"}],"wp:featuredmedia":[{"embeddable":true,"href":"https:\/\/www.nordi.ee\/en\/wp-json\/wp\/v2\/media\/11053"}],"wp:attachment":[{"href":"https:\/\/www.nordi.ee\/en\/wp-json\/wp\/v2\/media?parent=40647"}],"wp:term":[{"taxonomy":"product_brand","embeddable":true,"href":"https:\/\/www.nordi.ee\/en\/wp-json\/wp\/v2\/product_brand?post=40647"},{"taxonomy":"product_cat","embeddable":true,"href":"https:\/\/www.nordi.ee\/en\/wp-json\/wp\/v2\/product_cat?post=40647"},{"taxonomy":"product_tag","embeddable":true,"href":"https:\/\/www.nordi.ee\/en\/wp-json\/wp\/v2\/product_tag?post=40647"}],"curies":[{"name":"wp","href":"https:\/\/api.w.org\/{rel}","templated":true}]}}