{"id":40646,"date":"2025-11-13T12:01:08","date_gmt":"2025-11-13T10:01:08","guid":{"rendered":"https:\/\/www.nordi.ee\/toode\/peegel-abrion-hobedane\/"},"modified":"2026-04-13T05:00:29","modified_gmt":"2026-04-13T02:00:29","slug":"peegel-abrion-hobedane","status":"publish","type":"product","link":"https:\/\/www.nordi.ee\/en\/toode\/peegel-abrion-hobedane\/","title":{"rendered":"Peegel ABRION, h\u00f5bedane"},"content":{"rendered":"<p>seinapeegel, m\u00f5\u00f5tmed: 162\/72\/2,5 cm, materjal: raami &#8211; k\u00f5verdatud klaas, \u00fcles l\u00f5igatud \/ alus &#8211; MDF plaat, peegel, v\u00e4rv: h\u00f5be<\/p>\n<p>&nbsp;<\/p>\n","protected":false},"excerpt":{"rendered":"<p>seinapeegel, m\u00f5\u00f5tmed: 162\/72\/2,5 cm, materjal: raami &#8211; k\u00f5verdatud klaas, \u00fcles l\u00f5igatud \/ alus &#8211; MDF plaat, peegel, v\u00e4rv: h\u00f5be &nbsp;<\/p>\n","protected":false},"featured_media":11049,"comment_status":"closed","ping_status":"open","template":"","meta":{"_gspb_post_css":""},"product_brand":[],"product_cat":[181],"product_tag":[],"class_list":{"0":"post-40646","1":"product","2":"type-product","3":"status-publish","4":"has-post-thumbnail","6":"product_cat-peeglid","7":"pa_korgus-279","8":"pa_laius-278","9":"pa_materjal-klaas","10":"pa_pakkide-arv-226","11":"pa_raami-materjal-kumer-peegel","12":"pa_stiil-glamuurne","13":"pa_stiil-kaasaegne","14":"pa_sugavus-1954","15":"pa_vahelaos-jah","16":"pa_varv-hobedane","18":"first","19":"instock","20":"sale","21":"purchasable","22":"product-type-simple"},"_links":{"self":[{"href":"https:\/\/www.nordi.ee\/en\/wp-json\/wp\/v2\/product\/40646","targetHints":{"allow":["GET"]}}],"collection":[{"href":"https:\/\/www.nordi.ee\/en\/wp-json\/wp\/v2\/product"}],"about":[{"href":"https:\/\/www.nordi.ee\/en\/wp-json\/wp\/v2\/types\/product"}],"replies":[{"embeddable":true,"href":"https:\/\/www.nordi.ee\/en\/wp-json\/wp\/v2\/comments?post=40646"}],"wp:featuredmedia":[{"embeddable":true,"href":"https:\/\/www.nordi.ee\/en\/wp-json\/wp\/v2\/media\/11049"}],"wp:attachment":[{"href":"https:\/\/www.nordi.ee\/en\/wp-json\/wp\/v2\/media?parent=40646"}],"wp:term":[{"taxonomy":"product_brand","embeddable":true,"href":"https:\/\/www.nordi.ee\/en\/wp-json\/wp\/v2\/product_brand?post=40646"},{"taxonomy":"product_cat","embeddable":true,"href":"https:\/\/www.nordi.ee\/en\/wp-json\/wp\/v2\/product_cat?post=40646"},{"taxonomy":"product_tag","embeddable":true,"href":"https:\/\/www.nordi.ee\/en\/wp-json\/wp\/v2\/product_tag?post=40646"}],"curies":[{"name":"wp","href":"https:\/\/api.w.org\/{rel}","templated":true}]}}