{"id":40638,"date":"2025-11-13T11:59:06","date_gmt":"2025-11-13T09:59:06","guid":{"rendered":"https:\/\/www.nordi.ee\/toode\/paevitustoolide-komplekt-emeron-2-tk-laud\/"},"modified":"2026-04-13T05:00:22","modified_gmt":"2026-04-13T02:00:22","slug":"paevitustoolide-komplekt-emeron-2-tk-laud","status":"publish","type":"product","link":"https:\/\/www.nordi.ee\/en\/toode\/paevitustoolide-komplekt-emeron-2-tk-laud\/","title":{"rendered":"P\u00e4evitustoolide komplekt EMERON (2 tk) + laud"},"content":{"rendered":"<p>2 p\u00e4ikesevoodi ja laud, m\u00f5\u00f5tmed: 160\/60\/66-92 cm &#8211; p\u00e4ikesevoodi, 30\/30\/30 cm &#8211; laud, materjal: kangas \/ pulberkattega teras, v\u00e4rv: must \/ helinepruun<\/p>\n<p>&nbsp;<\/p>\n","protected":false},"excerpt":{"rendered":"<p>2 p\u00e4ikesevoodi ja laud, m\u00f5\u00f5tmed: 160\/60\/66-92 cm &#8211; p\u00e4ikesevoodi, 30\/30\/30 cm &#8211; laud, materjal: kangas \/ pulberkattega teras, v\u00e4rv: must \/ helinepruun &nbsp;<\/p>\n","protected":false},"featured_media":11023,"comment_status":"closed","ping_status":"open","template":"","meta":{"_gspb_post_css":""},"product_brand":[],"product_cat":[208],"product_tag":[],"class_list":{"0":"post-40638","1":"product","2":"type-product","3":"status-publish","4":"has-post-thumbnail","6":"product_cat-aiamoobel","7":"pa_kanga-tuup-vork","8":"pa_kanga-varv-must","9":"pa_pakkide-arv-226","10":"pa_raami-varv-hall","11":"pa_stiil-kaasaegne","12":"pa_tooli-materjal-vork","13":"pa_vahelaos-jah","14":"pa_varv-must","16":"first","17":"instock","18":"sale","19":"purchasable","20":"product-type-simple"},"_links":{"self":[{"href":"https:\/\/www.nordi.ee\/en\/wp-json\/wp\/v2\/product\/40638","targetHints":{"allow":["GET"]}}],"collection":[{"href":"https:\/\/www.nordi.ee\/en\/wp-json\/wp\/v2\/product"}],"about":[{"href":"https:\/\/www.nordi.ee\/en\/wp-json\/wp\/v2\/types\/product"}],"replies":[{"embeddable":true,"href":"https:\/\/www.nordi.ee\/en\/wp-json\/wp\/v2\/comments?post=40638"}],"wp:featuredmedia":[{"embeddable":true,"href":"https:\/\/www.nordi.ee\/en\/wp-json\/wp\/v2\/media\/11023"}],"wp:attachment":[{"href":"https:\/\/www.nordi.ee\/en\/wp-json\/wp\/v2\/media?parent=40638"}],"wp:term":[{"taxonomy":"product_brand","embeddable":true,"href":"https:\/\/www.nordi.ee\/en\/wp-json\/wp\/v2\/product_brand?post=40638"},{"taxonomy":"product_cat","embeddable":true,"href":"https:\/\/www.nordi.ee\/en\/wp-json\/wp\/v2\/product_cat?post=40638"},{"taxonomy":"product_tag","embeddable":true,"href":"https:\/\/www.nordi.ee\/en\/wp-json\/wp\/v2\/product_tag?post=40638"}],"curies":[{"name":"wp","href":"https:\/\/api.w.org\/{rel}","templated":true}]}}