{"id":40637,"date":"2025-11-13T11:59:06","date_gmt":"2025-11-13T09:59:06","guid":{"rendered":"https:\/\/www.nordi.ee\/toode\/kohvilaudade-komplekt-elerna-2-tk-pahkel-must\/"},"modified":"2026-04-13T05:00:21","modified_gmt":"2026-04-13T02:00:21","slug":"kohvilaudade-komplekt-elerna-2-tk-pahkel-must","status":"publish","type":"product","link":"https:\/\/www.nordi.ee\/en\/toode\/kohvilaudade-komplekt-elerna-2-tk-pahkel-must\/","title":{"rendered":"Kohvilaudade komplekt ELERNA (2 tk), p\u00e4hkel \/ must"},"content":{"rendered":"<p>kahe komplekt, m\u00f5\u00f5tmed: 40\/40\/49 ja 30\/30\/39 cm, materjal: MDF + naturaalne spoon \/ pulberkattega teras, v\u00e4rv: \u00fclemine osa &#8211; p\u00e4hklipuu, jalad &#8211; mustad<\/p>\n<p>&nbsp;<\/p>\n","protected":false},"excerpt":{"rendered":"<p>kahe komplekt, m\u00f5\u00f5tmed: 40\/40\/49 ja 30\/30\/39 cm, materjal: MDF + naturaalne spoon \/ pulberkattega teras, v\u00e4rv: \u00fclemine osa &#8211; p\u00e4hklipuu, jalad &#8211; mustad &nbsp;<\/p>\n","protected":false},"featured_media":11019,"comment_status":"closed","ping_status":"open","template":"","meta":{"_gspb_post_css":""},"product_brand":[],"product_cat":[178,165],"product_tag":[],"class_list":{"0":"post-40637","1":"product","2":"type-product","3":"status-publish","4":"has-post-thumbnail","6":"product_cat-diivanilauad","7":"product_cat-elutuba","8":"pa_korgus-1022","9":"pa_laius-1412","10":"pa_laua-varvus-pahkel","11":"pa_lauaplaadi-kuju-ruut","12":"pa_lauaplaadi-materjal-spoon","13":"pa_pakkide-arv-226","14":"pa_pikendatav-ei","15":"pa_raami-materjal-metall","16":"pa_raami-varv-must","17":"pa_stiil-loft","18":"pa_stiil-skandinaavia","19":"pa_sugavus-832","20":"pa_vahelaos-jah","21":"pa_varv-must","22":"pa_varv-pahkel","24":"first","25":"instock","26":"sale","27":"purchasable","28":"product-type-simple"},"_links":{"self":[{"href":"https:\/\/www.nordi.ee\/en\/wp-json\/wp\/v2\/product\/40637","targetHints":{"allow":["GET"]}}],"collection":[{"href":"https:\/\/www.nordi.ee\/en\/wp-json\/wp\/v2\/product"}],"about":[{"href":"https:\/\/www.nordi.ee\/en\/wp-json\/wp\/v2\/types\/product"}],"replies":[{"embeddable":true,"href":"https:\/\/www.nordi.ee\/en\/wp-json\/wp\/v2\/comments?post=40637"}],"wp:featuredmedia":[{"embeddable":true,"href":"https:\/\/www.nordi.ee\/en\/wp-json\/wp\/v2\/media\/11019"}],"wp:attachment":[{"href":"https:\/\/www.nordi.ee\/en\/wp-json\/wp\/v2\/media?parent=40637"}],"wp:term":[{"taxonomy":"product_brand","embeddable":true,"href":"https:\/\/www.nordi.ee\/en\/wp-json\/wp\/v2\/product_brand?post=40637"},{"taxonomy":"product_cat","embeddable":true,"href":"https:\/\/www.nordi.ee\/en\/wp-json\/wp\/v2\/product_cat?post=40637"},{"taxonomy":"product_tag","embeddable":true,"href":"https:\/\/www.nordi.ee\/en\/wp-json\/wp\/v2\/product_tag?post=40637"}],"curies":[{"name":"wp","href":"https:\/\/api.w.org\/{rel}","templated":true}]}}