{"id":40635,"date":"2025-11-13T11:59:06","date_gmt":"2025-11-13T09:59:06","guid":{"rendered":"https:\/\/www.nordi.ee\/toode\/riidekapp-alvora-szf2d-valge-mand-beez\/"},"modified":"2026-04-12T05:00:11","modified_gmt":"2026-04-12T02:00:11","slug":"riidekapp-alvora-szf2d-valge-mand-beez","status":"publish","type":"product","link":"https:\/\/www.nordi.ee\/en\/toode\/riidekapp-alvora-szf2d-valge-mand-beez\/","title":{"rendered":"Riidekapp ALVORA SZF2D, valge m\u00e4nd \/ bee\u017e"},"content":{"rendered":"<p>m\u00f5\u00f5tmed:nnlaius: 102 cmnnk\u00f5rgus: 198 cmnns\u00fcgavus: 58 cmnnmaterjal:nKorpus: laminaat MDFnEsik\u00fclg: laminaat MDFnK\u00e4epide: k\u00e4epidemevaba push-click<\/p>\n<p>&nbsp;<\/p>\n","protected":false},"excerpt":{"rendered":"<p>m\u00f5\u00f5tmed:nnlaius: 102 cmnnk\u00f5rgus: 198 cmnns\u00fcgavus: 58 cmnnmaterjal:nKorpus: laminaat MDFnEsik\u00fclg: laminaat MDFnK\u00e4epide: k\u00e4epidemevaba push-click &nbsp;<\/p>\n","protected":false},"featured_media":10846,"comment_status":"closed","ping_status":"open","template":"","meta":{"_gspb_post_css":""},"product_brand":[],"product_cat":[166,194],"product_tag":[],"class_list":{"0":"post-40635","1":"product","2":"type-product","3":"status-publish","4":"has-post-thumbnail","6":"product_cat-magamistuba","7":"product_cat-riidekapid","8":"pa_vahelaos-jah","10":"first","11":"instock","12":"sale","13":"purchasable","14":"product-type-simple"},"_links":{"self":[{"href":"https:\/\/www.nordi.ee\/en\/wp-json\/wp\/v2\/product\/40635","targetHints":{"allow":["GET"]}}],"collection":[{"href":"https:\/\/www.nordi.ee\/en\/wp-json\/wp\/v2\/product"}],"about":[{"href":"https:\/\/www.nordi.ee\/en\/wp-json\/wp\/v2\/types\/product"}],"replies":[{"embeddable":true,"href":"https:\/\/www.nordi.ee\/en\/wp-json\/wp\/v2\/comments?post=40635"}],"wp:featuredmedia":[{"embeddable":true,"href":"https:\/\/www.nordi.ee\/en\/wp-json\/wp\/v2\/media\/10846"}],"wp:attachment":[{"href":"https:\/\/www.nordi.ee\/en\/wp-json\/wp\/v2\/media?parent=40635"}],"wp:term":[{"taxonomy":"product_brand","embeddable":true,"href":"https:\/\/www.nordi.ee\/en\/wp-json\/wp\/v2\/product_brand?post=40635"},{"taxonomy":"product_cat","embeddable":true,"href":"https:\/\/www.nordi.ee\/en\/wp-json\/wp\/v2\/product_cat?post=40635"},{"taxonomy":"product_tag","embeddable":true,"href":"https:\/\/www.nordi.ee\/en\/wp-json\/wp\/v2\/product_tag?post=40635"}],"curies":[{"name":"wp","href":"https:\/\/api.w.org\/{rel}","templated":true}]}}