{"id":40619,"date":"2025-11-12T11:29:26","date_gmt":"2025-11-12T09:29:26","guid":{"rendered":"https:\/\/www.nordi.ee\/toode\/wendy-240-koogiseade\/"},"modified":"2026-04-13T05:31:59","modified_gmt":"2026-04-13T02:31:59","slug":"wendy-240-koogiseade","status":"publish","type":"product","link":"https:\/\/www.nordi.ee\/en\/toode\/wendy-240-koogiseade\/","title":{"rendered":"WENDY 240 k\u00f6\u00f6giseade"},"content":{"rendered":"<p>komplekti pikkus 240, MDF \u00fclemiste kabiinide fasaadid, gaasit\u00f5stukid, t\u00f6\u00f6laua paksus 28 mm, v\u00e4rvid: esipaneelid &#8211; kremona tamme \/ ka\u0161miir, kere &#8211; kremona tamme \/ ka\u0161miir, t\u00f6\u00f6laua v\u00e4rv &#8211; hall<\/p>\n","protected":false},"excerpt":{"rendered":"<p>komplekti pikkus 240, MDF \u00fclemiste kabiinide fasaadid, gaasit\u00f5stukid, t\u00f6\u00f6laua paksus 28 mm, v\u00e4rvid: esipaneelid &#8211; kremona tamme \/ ka\u0161miir, kere &#8211; kremona tamme \/ ka\u0161miir, t\u00f6\u00f6laua v\u00e4rv &#8211; hall<\/p>\n","protected":false},"featured_media":20381,"comment_status":"closed","ping_status":"open","template":"","meta":{"_gspb_post_css":""},"product_brand":[],"product_cat":[4070],"product_tag":[],"class_list":{"0":"post-40619","1":"product","2":"type-product","3":"status-publish","4":"has-post-thumbnail","6":"product_cat-kitchen-set","7":"pa_korgus-2370","8":"pa_laius-2369","9":"pa_stiil-boho","10":"pa_stiil-klassikaline","11":"pa_stiil-modern","12":"pa_sugavus-316","13":"pa_vahelaos-ei","14":"pa_varv-kasmiir","16":"first","17":"instock","18":"sale","19":"purchasable","20":"product-type-simple"},"_links":{"self":[{"href":"https:\/\/www.nordi.ee\/en\/wp-json\/wp\/v2\/product\/40619","targetHints":{"allow":["GET"]}}],"collection":[{"href":"https:\/\/www.nordi.ee\/en\/wp-json\/wp\/v2\/product"}],"about":[{"href":"https:\/\/www.nordi.ee\/en\/wp-json\/wp\/v2\/types\/product"}],"replies":[{"embeddable":true,"href":"https:\/\/www.nordi.ee\/en\/wp-json\/wp\/v2\/comments?post=40619"}],"wp:featuredmedia":[{"embeddable":true,"href":"https:\/\/www.nordi.ee\/en\/wp-json\/wp\/v2\/media\/20381"}],"wp:attachment":[{"href":"https:\/\/www.nordi.ee\/en\/wp-json\/wp\/v2\/media?parent=40619"}],"wp:term":[{"taxonomy":"product_brand","embeddable":true,"href":"https:\/\/www.nordi.ee\/en\/wp-json\/wp\/v2\/product_brand?post=40619"},{"taxonomy":"product_cat","embeddable":true,"href":"https:\/\/www.nordi.ee\/en\/wp-json\/wp\/v2\/product_cat?post=40619"},{"taxonomy":"product_tag","embeddable":true,"href":"https:\/\/www.nordi.ee\/en\/wp-json\/wp\/v2\/product_tag?post=40619"}],"curies":[{"name":"wp","href":"https:\/\/api.w.org\/{rel}","templated":true}]}}