{"id":40618,"date":"2025-11-12T11:29:26","date_gmt":"2025-11-12T09:29:26","guid":{"rendered":"https:\/\/www.nordi.ee\/toode\/vivian-240-koogikomplekt\/"},"modified":"2026-04-13T05:31:59","modified_gmt":"2026-04-13T02:31:59","slug":"vivian-240-koogikomplekt","status":"publish","type":"product","link":"https:\/\/www.nordi.ee\/en\/toode\/vivian-240-koogikomplekt\/","title":{"rendered":"VIVIAN 240 k\u00f6\u00f6gikomplekt"},"content":{"rendered":"<p>Seti pikkus 240 cm, MDF \u00fclalt ja alt kapid, gaasivedrud, t\u00f6\u00f6pinna paksus 28 mm, v\u00e4rvid: esipaneelid &#8211; ka\u0161miir, korpus &#8211; ka\u0161miir, t\u00f6\u00f6pind &#8211; p\u00e4hkel.<\/p>\n","protected":false},"excerpt":{"rendered":"<p>Seti pikkus 240 cm, MDF \u00fclalt ja alt kapid, gaasivedrud, t\u00f6\u00f6pinna paksus 28 mm, v\u00e4rvid: esipaneelid &#8211; ka\u0161miir, korpus &#8211; ka\u0161miir, t\u00f6\u00f6pind &#8211; p\u00e4hkel.<\/p>\n","protected":false},"featured_media":20379,"comment_status":"closed","ping_status":"open","template":"","meta":{"_gspb_post_css":""},"product_brand":[],"product_cat":[4070],"product_tag":[],"class_list":{"0":"post-40618","1":"product","2":"type-product","3":"status-publish","4":"has-post-thumbnail","6":"product_cat-kitchen-set","7":"pa_korgus-2370","8":"pa_laius-2369","9":"pa_stiil-boho","10":"pa_stiil-klassikaline","11":"pa_stiil-modern","12":"pa_sugavus-316","13":"pa_vahelaos-jah","14":"pa_varv-kasmiir","16":"first","17":"instock","18":"sale","19":"purchasable","20":"product-type-simple"},"_links":{"self":[{"href":"https:\/\/www.nordi.ee\/en\/wp-json\/wp\/v2\/product\/40618","targetHints":{"allow":["GET"]}}],"collection":[{"href":"https:\/\/www.nordi.ee\/en\/wp-json\/wp\/v2\/product"}],"about":[{"href":"https:\/\/www.nordi.ee\/en\/wp-json\/wp\/v2\/types\/product"}],"replies":[{"embeddable":true,"href":"https:\/\/www.nordi.ee\/en\/wp-json\/wp\/v2\/comments?post=40618"}],"wp:featuredmedia":[{"embeddable":true,"href":"https:\/\/www.nordi.ee\/en\/wp-json\/wp\/v2\/media\/20379"}],"wp:attachment":[{"href":"https:\/\/www.nordi.ee\/en\/wp-json\/wp\/v2\/media?parent=40618"}],"wp:term":[{"taxonomy":"product_brand","embeddable":true,"href":"https:\/\/www.nordi.ee\/en\/wp-json\/wp\/v2\/product_brand?post=40618"},{"taxonomy":"product_cat","embeddable":true,"href":"https:\/\/www.nordi.ee\/en\/wp-json\/wp\/v2\/product_cat?post=40618"},{"taxonomy":"product_tag","embeddable":true,"href":"https:\/\/www.nordi.ee\/en\/wp-json\/wp\/v2\/product_tag?post=40618"}],"curies":[{"name":"wp","href":"https:\/\/api.w.org\/{rel}","templated":true}]}}