{"id":40617,"date":"2025-11-12T11:29:26","date_gmt":"2025-11-12T09:29:26","guid":{"rendered":"https:\/\/www.nordi.ee\/toode\/viola-260-koogikomplekt-2\/"},"modified":"2026-04-13T05:31:58","modified_gmt":"2026-04-13T02:31:58","slug":"viola-260-koogikomplekt-2","status":"publish","type":"product","link":"https:\/\/www.nordi.ee\/en\/toode\/viola-260-koogikomplekt-2\/","title":{"rendered":"VIOLA 260 k\u00f6\u00f6gikomplekt"},"content":{"rendered":"<p>komplekti pikkus: 260 cm, gaasitud t\u00f5stukid, \u00fclemiste ja alumiste kappide reguleerimine, t\u00f6\u00f6pinna paksus: 28 mm, v\u00e4rvid: esipaneel &#8211; vanill, korpus &#8211; sonoma tamm, t\u00f6\u00f6pind &#8211; bee\u017e<\/p>\n","protected":false},"excerpt":{"rendered":"<p>komplekti pikkus: 260 cm, gaasitud t\u00f5stukid, \u00fclemiste ja alumiste kappide reguleerimine, t\u00f6\u00f6pinna paksus: 28 mm, v\u00e4rvid: esipaneel &#8211; vanill, korpus &#8211; sonoma tamm, t\u00f6\u00f6pind &#8211; bee\u017e<\/p>\n","protected":false},"featured_media":20377,"comment_status":"closed","ping_status":"open","template":"","meta":{"_gspb_post_css":""},"product_brand":[],"product_cat":[4070],"product_tag":[],"class_list":{"0":"post-40617","1":"product","2":"type-product","3":"status-publish","4":"has-post-thumbnail","6":"product_cat-kitchen-set","7":"pa_pakkide-arv-2376","8":"pa_stiil-traditsiooniline","9":"pa_vahelaos-jah","10":"pa_varv-kreemjasvalge","12":"first","13":"instock","14":"sale","15":"purchasable","16":"product-type-simple"},"_links":{"self":[{"href":"https:\/\/www.nordi.ee\/en\/wp-json\/wp\/v2\/product\/40617","targetHints":{"allow":["GET"]}}],"collection":[{"href":"https:\/\/www.nordi.ee\/en\/wp-json\/wp\/v2\/product"}],"about":[{"href":"https:\/\/www.nordi.ee\/en\/wp-json\/wp\/v2\/types\/product"}],"replies":[{"embeddable":true,"href":"https:\/\/www.nordi.ee\/en\/wp-json\/wp\/v2\/comments?post=40617"}],"wp:featuredmedia":[{"embeddable":true,"href":"https:\/\/www.nordi.ee\/en\/wp-json\/wp\/v2\/media\/20377"}],"wp:attachment":[{"href":"https:\/\/www.nordi.ee\/en\/wp-json\/wp\/v2\/media?parent=40617"}],"wp:term":[{"taxonomy":"product_brand","embeddable":true,"href":"https:\/\/www.nordi.ee\/en\/wp-json\/wp\/v2\/product_brand?post=40617"},{"taxonomy":"product_cat","embeddable":true,"href":"https:\/\/www.nordi.ee\/en\/wp-json\/wp\/v2\/product_cat?post=40617"},{"taxonomy":"product_tag","embeddable":true,"href":"https:\/\/www.nordi.ee\/en\/wp-json\/wp\/v2\/product_tag?post=40617"}],"curies":[{"name":"wp","href":"https:\/\/api.w.org\/{rel}","templated":true}]}}