{"id":40615,"date":"2025-11-12T11:29:17","date_gmt":"2025-11-12T09:29:17","guid":{"rendered":"https:\/\/www.nordi.ee\/toode\/viktoria-240-koogikomplekt-varv-esipaneel-valge-tume-sinine-korpus-valge-toopind-valge\/"},"modified":"2026-04-13T05:31:57","modified_gmt":"2026-04-13T02:31:57","slug":"viktoria-240-koogikomplekt-varv-esipaneel-valge-tume-sinine-korpus-valge-toopind-valge","status":"publish","type":"product","link":"https:\/\/www.nordi.ee\/en\/toode\/viktoria-240-koogikomplekt-varv-esipaneel-valge-tume-sinine-korpus-valge-toopind-valge\/","title":{"rendered":"VIKTORIA 240 k\u00f6\u00f6gikomplekt, v\u00e4rv: esipaneel &#8211; valge \/ tume sinine, korpus &#8211; valge, t\u00f6\u00f6pind &#8211; valge."},"content":{"rendered":"<p>komplekti pikkus: 240 cm, gaasivedrud, t\u00f6\u00f6plaadi paksus: 28 mm, MDF fassaadid, v\u00e4rv: esipaneel &#8211; valge \/ tume sinine, korpus \u2013 valge, t\u00f6\u00f6pind \u2013 valge<\/p>\n","protected":false},"excerpt":{"rendered":"<p>komplekti pikkus: 240 cm, gaasivedrud, t\u00f6\u00f6plaadi paksus: 28 mm, MDF fassaadid, v\u00e4rv: esipaneel &#8211; valge \/ tume sinine, korpus \u2013 valge, t\u00f6\u00f6pind \u2013 valge<\/p>\n","protected":false},"featured_media":20374,"comment_status":"closed","ping_status":"open","template":"","meta":{"_gspb_post_css":""},"product_brand":[],"product_cat":[4070],"product_tag":[],"class_list":{"0":"post-40615","1":"product","2":"type-product","3":"status-publish","4":"has-post-thumbnail","6":"product_cat-kitchen-set","7":"pa_korgus-2370","8":"pa_laius-310","9":"pa_pakkide-arv-2376","10":"pa_stiil-glamuurne","11":"pa_stiil-kaasaegne","12":"pa_stiil-klassikaline","13":"pa_vahelaos-jah","14":"pa_varv-tumesinine","15":"pa_varv-valge","17":"first","18":"instock","19":"sale","20":"purchasable","21":"product-type-simple"},"_links":{"self":[{"href":"https:\/\/www.nordi.ee\/en\/wp-json\/wp\/v2\/product\/40615","targetHints":{"allow":["GET"]}}],"collection":[{"href":"https:\/\/www.nordi.ee\/en\/wp-json\/wp\/v2\/product"}],"about":[{"href":"https:\/\/www.nordi.ee\/en\/wp-json\/wp\/v2\/types\/product"}],"replies":[{"embeddable":true,"href":"https:\/\/www.nordi.ee\/en\/wp-json\/wp\/v2\/comments?post=40615"}],"wp:featuredmedia":[{"embeddable":true,"href":"https:\/\/www.nordi.ee\/en\/wp-json\/wp\/v2\/media\/20374"}],"wp:attachment":[{"href":"https:\/\/www.nordi.ee\/en\/wp-json\/wp\/v2\/media?parent=40615"}],"wp:term":[{"taxonomy":"product_brand","embeddable":true,"href":"https:\/\/www.nordi.ee\/en\/wp-json\/wp\/v2\/product_brand?post=40615"},{"taxonomy":"product_cat","embeddable":true,"href":"https:\/\/www.nordi.ee\/en\/wp-json\/wp\/v2\/product_cat?post=40615"},{"taxonomy":"product_tag","embeddable":true,"href":"https:\/\/www.nordi.ee\/en\/wp-json\/wp\/v2\/product_tag?post=40615"}],"curies":[{"name":"wp","href":"https:\/\/api.w.org\/{rel}","templated":true}]}}