{"id":40378,"date":"2025-11-12T11:21:36","date_gmt":"2025-11-12T09:21:36","guid":{"rendered":"https:\/\/www.nordi.ee\/toode\/koogikomplekt-tatiana-240-varv-esikulg-pahkel-kasmiir-korpus-sonoma-tamm\/"},"modified":"2026-04-13T05:28:39","modified_gmt":"2026-04-13T02:28:39","slug":"koogikomplekt-tatiana-240-varv-esikulg-pahkel-kasmiir-korpus-sonoma-tamm","status":"publish","type":"product","link":"https:\/\/www.nordi.ee\/en\/toode\/koogikomplekt-tatiana-240-varv-esikulg-pahkel-kasmiir-korpus-sonoma-tamm\/","title":{"rendered":"K\u00f6\u00f6gikomplekt TATIANA 240, v\u00e4rv: esik\u00fclg &#8211; p\u00e4hkel\/ka\u0161miir, korpus \u2013 sonoma tamm."},"content":{"rendered":"<p>komplekti pikkus: 240 cm, gaasivajutid, t\u00f6\u00f6pinna paksus: 28 mm, MDF fassaadid, v\u00e4rv: esik\u00fclg &#8211; hall, korpus &#8211; sonoma tamm, t\u00f6\u00f6pind &#8211; sonoma tamm.<\/p>\n","protected":false},"excerpt":{"rendered":"<p>komplekti pikkus: 240 cm, gaasivajutid, t\u00f6\u00f6pinna paksus: 28 mm, MDF fassaadid, v\u00e4rv: esik\u00fclg &#8211; hall, korpus &#8211; sonoma tamm, t\u00f6\u00f6pind &#8211; sonoma tamm.<\/p>\n","protected":false},"featured_media":19908,"comment_status":"closed","ping_status":"open","template":"","meta":{"_gspb_post_css":""},"product_brand":[],"product_cat":[4070],"product_tag":[],"class_list":{"0":"post-40378","1":"product","2":"type-product","3":"status-publish","4":"has-post-thumbnail","6":"product_cat-kitchen-set","7":"pa_korgus-2370","8":"pa_laius-2369","9":"pa_pakkide-arv-2376","10":"pa_stiil-kaasaegne","11":"pa_sugavus-316","12":"pa_vahelaos-jah","13":"pa_varv-pahkel","14":"pa_varv-tamm","15":"pa_varv-beez","17":"first","18":"instock","19":"sale","20":"purchasable","21":"product-type-simple"},"_links":{"self":[{"href":"https:\/\/www.nordi.ee\/en\/wp-json\/wp\/v2\/product\/40378","targetHints":{"allow":["GET"]}}],"collection":[{"href":"https:\/\/www.nordi.ee\/en\/wp-json\/wp\/v2\/product"}],"about":[{"href":"https:\/\/www.nordi.ee\/en\/wp-json\/wp\/v2\/types\/product"}],"replies":[{"embeddable":true,"href":"https:\/\/www.nordi.ee\/en\/wp-json\/wp\/v2\/comments?post=40378"}],"wp:featuredmedia":[{"embeddable":true,"href":"https:\/\/www.nordi.ee\/en\/wp-json\/wp\/v2\/media\/19908"}],"wp:attachment":[{"href":"https:\/\/www.nordi.ee\/en\/wp-json\/wp\/v2\/media?parent=40378"}],"wp:term":[{"taxonomy":"product_brand","embeddable":true,"href":"https:\/\/www.nordi.ee\/en\/wp-json\/wp\/v2\/product_brand?post=40378"},{"taxonomy":"product_cat","embeddable":true,"href":"https:\/\/www.nordi.ee\/en\/wp-json\/wp\/v2\/product_cat?post=40378"},{"taxonomy":"product_tag","embeddable":true,"href":"https:\/\/www.nordi.ee\/en\/wp-json\/wp\/v2\/product_tag?post=40378"}],"curies":[{"name":"wp","href":"https:\/\/api.w.org\/{rel}","templated":true}]}}