{"id":40376,"date":"2025-11-12T11:21:36","date_gmt":"2025-11-12T09:21:36","guid":{"rendered":"https:\/\/www.nordi.ee\/toode\/tamara-240-koogikomplekt-varv-esipaneel-hall-marmor-must-korpus-susinikupuit-toopind-hall\/"},"modified":"2026-04-13T05:28:39","modified_gmt":"2026-04-13T02:28:39","slug":"tamara-240-koogikomplekt-varv-esipaneel-hall-marmor-must-korpus-susinikupuit-toopind-hall","status":"publish","type":"product","link":"https:\/\/www.nordi.ee\/en\/toode\/tamara-240-koogikomplekt-varv-esipaneel-hall-marmor-must-korpus-susinikupuit-toopind-hall\/","title":{"rendered":"TAMARA 240 k\u00f6\u00f6gikomplekt, v\u00e4rv: esipaneel &#8211; hall marmor \/ must, korpus &#8211; s\u00fcsinikupuit, t\u00f6\u00f6pind &#8211; hall"},"content":{"rendered":"<p>komplekti pikkus: 240 cm, MDF alumise kappide fassaadid, gaasit\u00f5stukid, t\u00f6\u00f6pinna paksus 28 mm, v\u00e4rv: esipaneel &#8211; hall marmor \/ must, korpus \u2013 s\u00fcsinikupuit, t\u00f6\u00f6pind \u2013 hall<\/p>\n","protected":false},"excerpt":{"rendered":"<p>komplekti pikkus: 240 cm, MDF alumise kappide fassaadid, gaasit\u00f5stukid, t\u00f6\u00f6pinna paksus 28 mm, v\u00e4rv: esipaneel &#8211; hall marmor \/ must, korpus \u2013 s\u00fcsinikupuit, t\u00f6\u00f6pind \u2013 hall<\/p>\n","protected":false},"featured_media":19904,"comment_status":"closed","ping_status":"open","template":"","meta":{"_gspb_post_css":""},"product_brand":[],"product_cat":[4070],"product_tag":[],"class_list":{"0":"post-40376","1":"product","2":"type-product","3":"status-publish","4":"has-post-thumbnail","6":"product_cat-kitchen-set","7":"pa_pakkide-arv-2376","8":"pa_stiil-kaasaegne","9":"pa_vahelaos-jah","10":"pa_varv-marmor","11":"pa_varv-must","13":"first","14":"instock","15":"sale","16":"purchasable","17":"product-type-simple"},"_links":{"self":[{"href":"https:\/\/www.nordi.ee\/en\/wp-json\/wp\/v2\/product\/40376","targetHints":{"allow":["GET"]}}],"collection":[{"href":"https:\/\/www.nordi.ee\/en\/wp-json\/wp\/v2\/product"}],"about":[{"href":"https:\/\/www.nordi.ee\/en\/wp-json\/wp\/v2\/types\/product"}],"replies":[{"embeddable":true,"href":"https:\/\/www.nordi.ee\/en\/wp-json\/wp\/v2\/comments?post=40376"}],"wp:featuredmedia":[{"embeddable":true,"href":"https:\/\/www.nordi.ee\/en\/wp-json\/wp\/v2\/media\/19904"}],"wp:attachment":[{"href":"https:\/\/www.nordi.ee\/en\/wp-json\/wp\/v2\/media?parent=40376"}],"wp:term":[{"taxonomy":"product_brand","embeddable":true,"href":"https:\/\/www.nordi.ee\/en\/wp-json\/wp\/v2\/product_brand?post=40376"},{"taxonomy":"product_cat","embeddable":true,"href":"https:\/\/www.nordi.ee\/en\/wp-json\/wp\/v2\/product_cat?post=40376"},{"taxonomy":"product_tag","embeddable":true,"href":"https:\/\/www.nordi.ee\/en\/wp-json\/wp\/v2\/product_tag?post=40376"}],"curies":[{"name":"wp","href":"https:\/\/api.w.org\/{rel}","templated":true}]}}