{"id":40360,"date":"2025-11-12T11:20:22","date_gmt":"2025-11-12T09:20:22","guid":{"rendered":"https:\/\/www.nordi.ee\/toode\/esikumoobel-pergo-halli-varv-tamm\/"},"modified":"2026-04-13T05:28:37","modified_gmt":"2026-04-13T02:28:37","slug":"esikumoobel-pergo-halli-varv-tamm","status":"publish","type":"product","link":"https:\/\/www.nordi.ee\/en\/toode\/esikumoobel-pergo-halli-varv-tamm\/","title":{"rendered":"Esikum\u00f6\u00f6bel PERGO halli v\u00e4rv:  tamm"},"content":{"rendered":"<p>m\u00f5\u00f5tmed: 89,9\/30\/183,8 cm, materjal: 16 mm puitkiudplaat, plastist k\u00e4epidemed, Hettich hinged, v\u00e4rv: artisani tamm<\/p>\n","protected":false},"excerpt":{"rendered":"<p>m\u00f5\u00f5tmed: 89,9\/30\/183,8 cm, materjal: 16 mm puitkiudplaat, plastist k\u00e4epidemed, Hettich hinged, v\u00e4rv: artisani tamm<\/p>\n","protected":false},"featured_media":19892,"comment_status":"closed","ping_status":"closed","template":"","meta":{"_gspb_post_css":""},"product_brand":[],"product_cat":[187],"product_tag":[],"class_list":{"0":"post-40360","1":"product","2":"type-product","3":"status-publish","4":"has-post-thumbnail","6":"product_cat-esikumoobel","7":"pa_korgus-2614","8":"pa_laius-349","9":"pa_materjal-lamineeritud-puitlaastplaat","10":"pa_pakkide-arv-226","11":"pa_stiil-traditsiooniline","12":"pa_sugavus-832","13":"pa_vahelaos-jah","14":"pa_varv-tamm","16":"first","17":"instock","18":"sale","19":"purchasable","20":"product-type-simple"},"_links":{"self":[{"href":"https:\/\/www.nordi.ee\/en\/wp-json\/wp\/v2\/product\/40360","targetHints":{"allow":["GET"]}}],"collection":[{"href":"https:\/\/www.nordi.ee\/en\/wp-json\/wp\/v2\/product"}],"about":[{"href":"https:\/\/www.nordi.ee\/en\/wp-json\/wp\/v2\/types\/product"}],"replies":[{"embeddable":true,"href":"https:\/\/www.nordi.ee\/en\/wp-json\/wp\/v2\/comments?post=40360"}],"wp:featuredmedia":[{"embeddable":true,"href":"https:\/\/www.nordi.ee\/en\/wp-json\/wp\/v2\/media\/19892"}],"wp:attachment":[{"href":"https:\/\/www.nordi.ee\/en\/wp-json\/wp\/v2\/media?parent=40360"}],"wp:term":[{"taxonomy":"product_brand","embeddable":true,"href":"https:\/\/www.nordi.ee\/en\/wp-json\/wp\/v2\/product_brand?post=40360"},{"taxonomy":"product_cat","embeddable":true,"href":"https:\/\/www.nordi.ee\/en\/wp-json\/wp\/v2\/product_cat?post=40360"},{"taxonomy":"product_tag","embeddable":true,"href":"https:\/\/www.nordi.ee\/en\/wp-json\/wp\/v2\/product_tag?post=40360"}],"curies":[{"name":"wp","href":"https:\/\/api.w.org\/{rel}","templated":true}]}}